{"id":10530,"date":"2025-12-28T10:02:24","date_gmt":"2025-12-28T09:02:24","guid":{"rendered":"https:\/\/ofertacular.com\/index.php\/producto\/colchon-viscoelastico-5\/"},"modified":"2025-12-28T10:02:24","modified_gmt":"2025-12-28T09:02:24","slug":"colchon-viscoelastico-5","status":"publish","type":"product","link":"https:\/\/ofertacular.com\/index.php\/producto\/colchon-viscoelastico-5\/","title":{"rendered":"Colch\u00f3n Viscoel\u00e1stico"},"content":{"rendered":"<div class=\"oferta-container\">\n<p>\ud83d\udfe5 <b>CHOLLAZO<\/b> \ud83d\udfe5 #Publicidad #Amazon #16<\/p>\n<p>\ud83d\udd34 <b>Colch\u00f3n Viscoel\u00e1stico <\/b><\/p>\n<p>\u2705 <b>AHORA 75.99 \u20ac<\/b> \u2714\ufe0f\ud83d\udfe1<\/p>\n<p>\u274c Antes 92.19 \u20ac<\/p>\n<p>\ud83d\uded2: <a href=\"https:\/\/btz.es\/5gFkWNC\" target=\"_blank\" rel=\"nofollow noopener\">https:\/\/btz.es\/5gFkWNC<\/a><\/p>\n<p>Descubre el m\u00e1ximo confort y descanso con nuestro colch\u00f3n viscoel\u00e1stico de alta calidad. Dise\u00f1ado para adaptarse perfectamente a la forma de tu cuerpo, este colch\u00f3n ofrece un soporte ergon\u00f3mico que reduce puntos de presi\u00f3n, mejora la circulaci\u00f3n y garantiza un sue\u00f1o reparador. Ideal para quienes buscan aliviar dolores musculares y mejorar la postura durante la noche. Fabricado con materiales transpirables y duraderos, es una excelente inversi\u00f3n para tu bienestar y salud del descanso. Eleva la calidad de tus noches y despierta renovado cada d\u00eda.<\/p>\n<\/p><\/div>\n","protected":false},"excerpt":{"rendered":"<p>\ud83d\udfe5 CHOLLAZO \ud83d\udfe5 #Publicidad #Amazon #16 \ud83d\udd34 Colch\u00f3n Viscoel\u00e1stico \u2705 AHORA 75.99 \u20ac \u2714\ufe0f\ud83d\udfe1 \u274c Antes 92.19 \u20ac \ud83d\uded2: https:\/\/btz.es\/5gFkWNC Descubre el m\u00e1ximo confort y descanso con nuestro colch\u00f3n viscoel\u00e1stico de alta calidad. Dise\u00f1ado para adaptarse perfectamente a la forma de tu cuerpo, este colch\u00f3n ofrece un soporte ergon\u00f3mico que reduce puntos de presi\u00f3n, mejora [&hellip;]<\/p>\n","protected":false},"featured_media":10529,"template":"","meta":{"_gspb_post_css":""},"store":[],"product_brand":[],"product_cat":[16],"product_tag":[],"class_list":{"0":"post-10530","1":"product","2":"type-product","3":"status-publish","4":"has-post-thumbnail","6":"product_cat-sin-categorizar","8":"first","9":"instock","10":"sale","11":"shipping-taxable","12":"product-type-external"},"jetpack_sharing_enabled":true,"_links":{"self":[{"href":"https:\/\/ofertacular.com\/index.php\/wp-json\/wp\/v2\/product\/10530","targetHints":{"allow":["GET"]}}],"collection":[{"href":"https:\/\/ofertacular.com\/index.php\/wp-json\/wp\/v2\/product"}],"about":[{"href":"https:\/\/ofertacular.com\/index.php\/wp-json\/wp\/v2\/types\/product"}],"wp:featuredmedia":[{"embeddable":true,"href":"https:\/\/ofertacular.com\/index.php\/wp-json\/wp\/v2\/media\/10529"}],"wp:attachment":[{"href":"https:\/\/ofertacular.com\/index.php\/wp-json\/wp\/v2\/media?parent=10530"}],"wp:term":[{"taxonomy":"store","embeddable":true,"href":"https:\/\/ofertacular.com\/index.php\/wp-json\/wp\/v2\/store?post=10530"},{"taxonomy":"product_brand","embeddable":true,"href":"https:\/\/ofertacular.com\/index.php\/wp-json\/wp\/v2\/product_brand?post=10530"},{"taxonomy":"product_cat","embeddable":true,"href":"https:\/\/ofertacular.com\/index.php\/wp-json\/wp\/v2\/product_cat?post=10530"},{"taxonomy":"product_tag","embeddable":true,"href":"https:\/\/ofertacular.com\/index.php\/wp-json\/wp\/v2\/product_tag?post=10530"}],"curies":[{"name":"wp","href":"https:\/\/api.w.org\/{rel}","templated":true}]}}