{"id":10566,"date":"2025-12-30T07:48:22","date_gmt":"2025-12-30T06:48:22","guid":{"rendered":"https:\/\/ofertacular.com\/index.php\/producto\/adidas-jacket-4\/"},"modified":"2025-12-30T07:48:22","modified_gmt":"2025-12-30T06:48:22","slug":"adidas-jacket-4","status":"publish","type":"product","link":"https:\/\/ofertacular.com\/index.php\/producto\/adidas-jacket-4\/","title":{"rendered":"adidas Jacket"},"content":{"rendered":"<div class=\"oferta-container\">\n<p>\ud83d\udfe5 <b>INCRE\u00cdBLE<\/b> \ud83d\udfe5 #Publicidad #Amazon #16<\/p>\n<p>\ud83d\udd34 <b>Chaqueta adidas <\/b><\/p>\n<p>\u2705 <b>AHORA 37.95 \u20ac<\/b> \u2714\ufe0f\ud83d\udfe1<\/p>\n<p>\u274c Antes 70.00 \u20ac<\/p>\n<p>\ud83d\uded2: <a href=\"https:\/\/btz.es\/5gQupUJ\" target=\"_blank\" rel=\"nofollow noopener\">https:\/\/btz.es\/5gQupUJ<\/a><\/p>\n<p>Descubre la chaqueta adidas, dise\u00f1ada para ofrecer comodidad y estilo inigualables. Esta prenda emblem\u00e1tica combina materiales de alta calidad con un dise\u00f1o moderno, ideal para quienes buscan rendimiento y moda en cada uso. Perfecta para actividades al aire libre o looks casuales, la chaqueta adidas es esencial en tu guardarropa, destacando tu estilo deportivo con la prestigiosa marca alemana. Mejora tu vestuario con esta chaqueta vers\u00e1til y descubre por qu\u00e9 adidas es sin\u00f3nimo de innovaci\u00f3n y calidad en ropa deportiva.<\/p>\n<\/p><\/div>\n","protected":false},"excerpt":{"rendered":"<p>\ud83d\udfe5 INCRE\u00cdBLE \ud83d\udfe5 #Publicidad #Amazon #16 \ud83d\udd34 Chaqueta adidas \u2705 AHORA 37.95 \u20ac \u2714\ufe0f\ud83d\udfe1 \u274c Antes 70.00 \u20ac \ud83d\uded2: https:\/\/btz.es\/5gQupUJ Descubre la chaqueta adidas, dise\u00f1ada para ofrecer comodidad y estilo inigualables. Esta prenda emblem\u00e1tica combina materiales de alta calidad con un dise\u00f1o moderno, ideal para quienes buscan rendimiento y moda en cada uso. Perfecta para [&hellip;]<\/p>\n","protected":false},"featured_media":10565,"template":"","meta":{"_gspb_post_css":""},"store":[],"product_brand":[],"product_cat":[16],"product_tag":[],"class_list":{"0":"post-10566","1":"product","2":"type-product","3":"status-publish","4":"has-post-thumbnail","6":"product_cat-sin-categorizar","8":"first","9":"instock","10":"sale","11":"shipping-taxable","12":"product-type-external"},"jetpack_sharing_enabled":true,"_links":{"self":[{"href":"https:\/\/ofertacular.com\/index.php\/wp-json\/wp\/v2\/product\/10566","targetHints":{"allow":["GET"]}}],"collection":[{"href":"https:\/\/ofertacular.com\/index.php\/wp-json\/wp\/v2\/product"}],"about":[{"href":"https:\/\/ofertacular.com\/index.php\/wp-json\/wp\/v2\/types\/product"}],"wp:featuredmedia":[{"embeddable":true,"href":"https:\/\/ofertacular.com\/index.php\/wp-json\/wp\/v2\/media\/10565"}],"wp:attachment":[{"href":"https:\/\/ofertacular.com\/index.php\/wp-json\/wp\/v2\/media?parent=10566"}],"wp:term":[{"taxonomy":"store","embeddable":true,"href":"https:\/\/ofertacular.com\/index.php\/wp-json\/wp\/v2\/store?post=10566"},{"taxonomy":"product_brand","embeddable":true,"href":"https:\/\/ofertacular.com\/index.php\/wp-json\/wp\/v2\/product_brand?post=10566"},{"taxonomy":"product_cat","embeddable":true,"href":"https:\/\/ofertacular.com\/index.php\/wp-json\/wp\/v2\/product_cat?post=10566"},{"taxonomy":"product_tag","embeddable":true,"href":"https:\/\/ofertacular.com\/index.php\/wp-json\/wp\/v2\/product_tag?post=10566"}],"curies":[{"name":"wp","href":"https:\/\/api.w.org\/{rel}","templated":true}]}}