{"id":10576,"date":"2025-12-30T12:54:05","date_gmt":"2025-12-30T11:54:05","guid":{"rendered":"https:\/\/ofertacular.com\/index.php\/producto\/power-bank-9\/"},"modified":"2025-12-30T12:54:05","modified_gmt":"2025-12-30T11:54:05","slug":"power-bank-9","status":"publish","type":"product","link":"https:\/\/ofertacular.com\/index.php\/producto\/power-bank-9\/","title":{"rendered":"Power Bank"},"content":{"rendered":"<div class=\"oferta-container\">\n<p>\ud83d\udfe5 <b>DESCUENTAZO<\/b> \ud83d\udfe5 #Publicidad #Amazon #16<\/p>\n<p>\ud83d\udd34 <b>Power Bank <\/b><\/p>\n<p>\u2705 <b>AHORA 7.25 \u20ac<\/b> \u2714\ufe0f\ud83d\udfe1<\/p>\n<p>\u274c Antes 11.99 \u20ac<\/p>\n<p>\ud83d\uded2: <a href=\"https:\/\/btz.es\/5gR9n51\" target=\"_blank\" rel=\"nofollow noopener\">https:\/\/btz.es\/5gR9n51<\/a><\/p>\n<p>Descubre la potente y pr\u00e1ctica power bank dise\u00f1ada para mantener tus dispositivos siempre cargados en cualquier lugar y momento. Con su alta capacidad y tecnolog\u00eda avanzada, esta bater\u00eda port\u00e1til es el accesorio ideal para quienes necesitan energ\u00eda confiable durante sus viajes, jornadas de trabajo o actividades al aire libre. Compatible con una amplia gama de dispositivos, su dise\u00f1o compacto y ligero facilita el transporte sin sacrificar rendimiento. Aumenta tu productividad y tranquilidad con esta soluci\u00f3n de carga port\u00e1til imprescindible.<\/p>\n<\/p><\/div>\n","protected":false},"excerpt":{"rendered":"<p>\ud83d\udfe5 DESCUENTAZO \ud83d\udfe5 #Publicidad #Amazon #16 \ud83d\udd34 Power Bank \u2705 AHORA 7.25 \u20ac \u2714\ufe0f\ud83d\udfe1 \u274c Antes 11.99 \u20ac \ud83d\uded2: https:\/\/btz.es\/5gR9n51 Descubre la potente y pr\u00e1ctica power bank dise\u00f1ada para mantener tus dispositivos siempre cargados en cualquier lugar y momento. Con su alta capacidad y tecnolog\u00eda avanzada, esta bater\u00eda port\u00e1til es el accesorio ideal para quienes [&hellip;]<\/p>\n","protected":false},"featured_media":10575,"template":"","meta":{"_gspb_post_css":""},"store":[],"product_brand":[],"product_cat":[16],"product_tag":[],"class_list":{"0":"post-10576","1":"product","2":"type-product","3":"status-publish","4":"has-post-thumbnail","6":"product_cat-sin-categorizar","8":"first","9":"instock","10":"sale","11":"shipping-taxable","12":"product-type-external"},"jetpack_sharing_enabled":true,"_links":{"self":[{"href":"https:\/\/ofertacular.com\/index.php\/wp-json\/wp\/v2\/product\/10576","targetHints":{"allow":["GET"]}}],"collection":[{"href":"https:\/\/ofertacular.com\/index.php\/wp-json\/wp\/v2\/product"}],"about":[{"href":"https:\/\/ofertacular.com\/index.php\/wp-json\/wp\/v2\/types\/product"}],"wp:featuredmedia":[{"embeddable":true,"href":"https:\/\/ofertacular.com\/index.php\/wp-json\/wp\/v2\/media\/10575"}],"wp:attachment":[{"href":"https:\/\/ofertacular.com\/index.php\/wp-json\/wp\/v2\/media?parent=10576"}],"wp:term":[{"taxonomy":"store","embeddable":true,"href":"https:\/\/ofertacular.com\/index.php\/wp-json\/wp\/v2\/store?post=10576"},{"taxonomy":"product_brand","embeddable":true,"href":"https:\/\/ofertacular.com\/index.php\/wp-json\/wp\/v2\/product_brand?post=10576"},{"taxonomy":"product_cat","embeddable":true,"href":"https:\/\/ofertacular.com\/index.php\/wp-json\/wp\/v2\/product_cat?post=10576"},{"taxonomy":"product_tag","embeddable":true,"href":"https:\/\/ofertacular.com\/index.php\/wp-json\/wp\/v2\/product_tag?post=10576"}],"curies":[{"name":"wp","href":"https:\/\/api.w.org\/{rel}","templated":true}]}}