{"id":10580,"date":"2025-12-30T13:07:59","date_gmt":"2025-12-30T12:07:59","guid":{"rendered":"https:\/\/ofertacular.com\/index.php\/producto\/apple-watch-6\/"},"modified":"2025-12-30T13:07:59","modified_gmt":"2025-12-30T12:07:59","slug":"apple-watch-6","status":"publish","type":"product","link":"https:\/\/ofertacular.com\/index.php\/producto\/apple-watch-6\/","title":{"rendered":"Apple Watch"},"content":{"rendered":"<div class=\"oferta-container\">\n<p>\ud83d\udfe5 <b>DATE PRISA<\/b> \ud83d\udfe5 #Publicidad #Amazon #16<\/p>\n<p>\ud83d\udd34 <b>Reloj inteligente <\/b><\/p>\n<p>\u2705 <b>AHORA 239 \u20ac<\/b> \u2714\ufe0f\ud83d\udfe1<\/p>\n<p>\u274c Antes 269.00 \u20ac<\/p>\n<p>\ud83d\uded2: <a href=\"https:\/\/btz.es\/5gRCIG5\" target=\"_blank\" rel=\"nofollow noopener\">https:\/\/btz.es\/5gRCIG5<\/a><\/p>\n<p>Descubre la m\u00e1xima innovaci\u00f3n y tecnolog\u00eda con el Apple Watch, dise\u00f1ado para ofrecerte monitoreo de salud avanzado, conectividad sin l\u00edmites y un estilo inigualable. Perfecto para quienes buscan rendimiento y elegancia en un solo dispositivo. Optimizado para mejorar tu ritmo de vida con funciones inteligentes y un dise\u00f1o vers\u00e1til.<\/p>\n<\/p><\/div>\n","protected":false},"excerpt":{"rendered":"<p>\ud83d\udfe5 DATE PRISA \ud83d\udfe5 #Publicidad #Amazon #16 \ud83d\udd34 Reloj inteligente \u2705 AHORA 239 \u20ac \u2714\ufe0f\ud83d\udfe1 \u274c Antes 269.00 \u20ac \ud83d\uded2: https:\/\/btz.es\/5gRCIG5 Descubre la m\u00e1xima innovaci\u00f3n y tecnolog\u00eda con el Apple Watch, dise\u00f1ado para ofrecerte monitoreo de salud avanzado, conectividad sin l\u00edmites y un estilo inigualable. Perfecto para quienes buscan rendimiento y elegancia en un solo [&hellip;]<\/p>\n","protected":false},"featured_media":10579,"template":"","meta":{"_gspb_post_css":""},"store":[],"product_brand":[],"product_cat":[16],"product_tag":[],"class_list":{"0":"post-10580","1":"product","2":"type-product","3":"status-publish","4":"has-post-thumbnail","6":"product_cat-sin-categorizar","8":"first","9":"instock","10":"sale","11":"shipping-taxable","12":"product-type-external"},"jetpack_sharing_enabled":true,"_links":{"self":[{"href":"https:\/\/ofertacular.com\/index.php\/wp-json\/wp\/v2\/product\/10580","targetHints":{"allow":["GET"]}}],"collection":[{"href":"https:\/\/ofertacular.com\/index.php\/wp-json\/wp\/v2\/product"}],"about":[{"href":"https:\/\/ofertacular.com\/index.php\/wp-json\/wp\/v2\/types\/product"}],"wp:featuredmedia":[{"embeddable":true,"href":"https:\/\/ofertacular.com\/index.php\/wp-json\/wp\/v2\/media\/10579"}],"wp:attachment":[{"href":"https:\/\/ofertacular.com\/index.php\/wp-json\/wp\/v2\/media?parent=10580"}],"wp:term":[{"taxonomy":"store","embeddable":true,"href":"https:\/\/ofertacular.com\/index.php\/wp-json\/wp\/v2\/store?post=10580"},{"taxonomy":"product_brand","embeddable":true,"href":"https:\/\/ofertacular.com\/index.php\/wp-json\/wp\/v2\/product_brand?post=10580"},{"taxonomy":"product_cat","embeddable":true,"href":"https:\/\/ofertacular.com\/index.php\/wp-json\/wp\/v2\/product_cat?post=10580"},{"taxonomy":"product_tag","embeddable":true,"href":"https:\/\/ofertacular.com\/index.php\/wp-json\/wp\/v2\/product_tag?post=10580"}],"curies":[{"name":"wp","href":"https:\/\/api.w.org\/{rel}","templated":true}]}}