{"id":10594,"date":"2025-12-31T10:28:00","date_gmt":"2025-12-31T09:28:00","guid":{"rendered":"https:\/\/ofertacular.com\/index.php\/producto\/puma-backpack-6\/"},"modified":"2025-12-31T10:28:00","modified_gmt":"2025-12-31T09:28:00","slug":"puma-backpack-6","status":"publish","type":"product","link":"https:\/\/ofertacular.com\/index.php\/producto\/puma-backpack-6\/","title":{"rendered":"PUMA Backpack"},"content":{"rendered":"<div class=\"oferta-container\">\n<p>\ud83d\udfe5 <b>DESCUENTAZO<\/b> \ud83d\udfe5 #Publicidad #Amazon #16<\/p>\n<p>\ud83d\udd34 <b>Mochila PUMA <\/b><\/p>\n<p>\u2705 <b>AHORA 17.25 \u20ac<\/b> \u2714\ufe0f\ud83d\udfe1<\/p>\n<p>\u274c Antes 22.95 \u20ac<\/p>\n<p>\ud83d\uded2: <a href=\"https:\/\/btz.es\/5gWOYto\" target=\"_blank\" rel=\"nofollow noopener\">https:\/\/btz.es\/5gWOYto<\/a><\/p>\n<p>Descubre la mochila PUMA, el accesorio perfecto para combinar estilo y funcionalidad. Fabricada con materiales de alta calidad, esta mochila ofrece durabilidad y comodidad para tu d\u00eda a d\u00eda. Sus m\u00faltiples compartimentos permiten una organizaci\u00f3n eficiente, ideal para deportistas y personas activas. Optimizada para SEO, la mochila PUMA es la elecci\u00f3n preferida para quienes buscan un dise\u00f1o moderno y resistencia en un solo producto.<\/p>\n<\/p><\/div>\n","protected":false},"excerpt":{"rendered":"<p>\ud83d\udfe5 DESCUENTAZO \ud83d\udfe5 #Publicidad #Amazon #16 \ud83d\udd34 Mochila PUMA \u2705 AHORA 17.25 \u20ac \u2714\ufe0f\ud83d\udfe1 \u274c Antes 22.95 \u20ac \ud83d\uded2: https:\/\/btz.es\/5gWOYto Descubre la mochila PUMA, el accesorio perfecto para combinar estilo y funcionalidad. Fabricada con materiales de alta calidad, esta mochila ofrece durabilidad y comodidad para tu d\u00eda a d\u00eda. Sus m\u00faltiples compartimentos permiten una organizaci\u00f3n [&hellip;]<\/p>\n","protected":false},"featured_media":10593,"template":"","meta":{"_gspb_post_css":""},"store":[],"product_brand":[],"product_cat":[16],"product_tag":[],"class_list":{"0":"post-10594","1":"product","2":"type-product","3":"status-publish","4":"has-post-thumbnail","6":"product_cat-sin-categorizar","8":"first","9":"instock","10":"sale","11":"shipping-taxable","12":"product-type-external"},"jetpack_sharing_enabled":true,"_links":{"self":[{"href":"https:\/\/ofertacular.com\/index.php\/wp-json\/wp\/v2\/product\/10594","targetHints":{"allow":["GET"]}}],"collection":[{"href":"https:\/\/ofertacular.com\/index.php\/wp-json\/wp\/v2\/product"}],"about":[{"href":"https:\/\/ofertacular.com\/index.php\/wp-json\/wp\/v2\/types\/product"}],"wp:featuredmedia":[{"embeddable":true,"href":"https:\/\/ofertacular.com\/index.php\/wp-json\/wp\/v2\/media\/10593"}],"wp:attachment":[{"href":"https:\/\/ofertacular.com\/index.php\/wp-json\/wp\/v2\/media?parent=10594"}],"wp:term":[{"taxonomy":"store","embeddable":true,"href":"https:\/\/ofertacular.com\/index.php\/wp-json\/wp\/v2\/store?post=10594"},{"taxonomy":"product_brand","embeddable":true,"href":"https:\/\/ofertacular.com\/index.php\/wp-json\/wp\/v2\/product_brand?post=10594"},{"taxonomy":"product_cat","embeddable":true,"href":"https:\/\/ofertacular.com\/index.php\/wp-json\/wp\/v2\/product_cat?post=10594"},{"taxonomy":"product_tag","embeddable":true,"href":"https:\/\/ofertacular.com\/index.php\/wp-json\/wp\/v2\/product_tag?post=10594"}],"curies":[{"name":"wp","href":"https:\/\/api.w.org\/{rel}","templated":true}]}}