{"id":10598,"date":"2026-01-01T10:38:58","date_gmt":"2026-01-01T09:38:58","guid":{"rendered":"https:\/\/ofertacular.com\/index.php\/producto\/marcilla-ristretto\/"},"modified":"2026-01-01T10:38:58","modified_gmt":"2026-01-01T09:38:58","slug":"marcilla-ristretto","status":"publish","type":"product","link":"https:\/\/ofertacular.com\/index.php\/producto\/marcilla-ristretto\/","title":{"rendered":"Marcilla Ristretto"},"content":{"rendered":"<div class=\"oferta-container\">\n<p>\ud83d\udfe5 <b>\u00a1OFERTA ESPECIAL!<\/b> \ud83d\udfe5 #Publicidad #Amazon #16<\/p>\n<p>\ud83d\udd34 <b>Marcilla Ristretto <\/b><\/p>\n<p>\u2705 <b>AHORA 13.99 \u20ac<\/b> \u2714\ufe0f\ud83d\udfe1<\/p>\n<p>\u274c Antes 14.99 \u20ac<\/p>\n<p>\ud83d\uded2: <a href=\"https:\/\/btz.es\/5hcIqan\" target=\"_blank\" rel=\"nofollow noopener\">https:\/\/btz.es\/5hcIqan<\/a><\/p>\n<p>Descubre el intenso sabor del Marcilla Ristretto, un caf\u00e9 de alta calidad dise\u00f1ado para los amantes del espresso fuerte y arom\u00e1tico. Ideal para empezar el d\u00eda con energ\u00eda o para un momento especial, este caf\u00e9 ofrece una experiencia robusta y equilibrada que satisface los paladares m\u00e1s exigentes. Disfruta del aut\u00e9ntico sabor italiano con Marcilla, una marca reconocida por su tradici\u00f3n y excelencia en caf\u00e9.<\/p>\n<\/p><\/div>\n","protected":false},"excerpt":{"rendered":"<p>\ud83d\udfe5 \u00a1OFERTA ESPECIAL! \ud83d\udfe5 #Publicidad #Amazon #16 \ud83d\udd34 Marcilla Ristretto \u2705 AHORA 13.99 \u20ac \u2714\ufe0f\ud83d\udfe1 \u274c Antes 14.99 \u20ac \ud83d\uded2: https:\/\/btz.es\/5hcIqan Descubre el intenso sabor del Marcilla Ristretto, un caf\u00e9 de alta calidad dise\u00f1ado para los amantes del espresso fuerte y arom\u00e1tico. Ideal para empezar el d\u00eda con energ\u00eda o para un momento especial, este [&hellip;]<\/p>\n","protected":false},"featured_media":10597,"template":"","meta":{"_gspb_post_css":""},"store":[],"product_brand":[],"product_cat":[16],"product_tag":[],"class_list":{"0":"post-10598","1":"product","2":"type-product","3":"status-publish","4":"has-post-thumbnail","6":"product_cat-sin-categorizar","8":"first","9":"instock","10":"sale","11":"shipping-taxable","12":"product-type-external"},"jetpack_sharing_enabled":true,"_links":{"self":[{"href":"https:\/\/ofertacular.com\/index.php\/wp-json\/wp\/v2\/product\/10598","targetHints":{"allow":["GET"]}}],"collection":[{"href":"https:\/\/ofertacular.com\/index.php\/wp-json\/wp\/v2\/product"}],"about":[{"href":"https:\/\/ofertacular.com\/index.php\/wp-json\/wp\/v2\/types\/product"}],"wp:featuredmedia":[{"embeddable":true,"href":"https:\/\/ofertacular.com\/index.php\/wp-json\/wp\/v2\/media\/10597"}],"wp:attachment":[{"href":"https:\/\/ofertacular.com\/index.php\/wp-json\/wp\/v2\/media?parent=10598"}],"wp:term":[{"taxonomy":"store","embeddable":true,"href":"https:\/\/ofertacular.com\/index.php\/wp-json\/wp\/v2\/store?post=10598"},{"taxonomy":"product_brand","embeddable":true,"href":"https:\/\/ofertacular.com\/index.php\/wp-json\/wp\/v2\/product_brand?post=10598"},{"taxonomy":"product_cat","embeddable":true,"href":"https:\/\/ofertacular.com\/index.php\/wp-json\/wp\/v2\/product_cat?post=10598"},{"taxonomy":"product_tag","embeddable":true,"href":"https:\/\/ofertacular.com\/index.php\/wp-json\/wp\/v2\/product_tag?post=10598"}],"curies":[{"name":"wp","href":"https:\/\/api.w.org\/{rel}","templated":true}]}}