{"id":10606,"date":"2026-01-01T11:03:24","date_gmt":"2026-01-01T10:03:24","guid":{"rendered":"https:\/\/ofertacular.com\/index.php\/producto\/cafelizzia-790\/"},"modified":"2026-01-01T11:03:24","modified_gmt":"2026-01-01T10:03:24","slug":"cafelizzia-790","status":"publish","type":"product","link":"https:\/\/ofertacular.com\/index.php\/producto\/cafelizzia-790\/","title":{"rendered":"Cafelizzia 790"},"content":{"rendered":"<div class=\"oferta-container\">\n<p>\ud83d\udfe5 <b>UNA GANGA<\/b> \ud83d\udfe5 #Publicidad #Amazon #16<\/p>\n<p>\ud83d\udd34 <b>Cafetera Expresso <\/b><\/p>\n<p>\u2705 <b>AHORA 79 \u20ac<\/b> \u2714\ufe0f\ud83d\udfe1<\/p>\n<p>\u274c Antes 89.90 \u20ac<\/p>\n<p>\ud83d\uded2: <a href=\"https:\/\/btz.es\/5hcOzpv\" target=\"_blank\" rel=\"nofollow noopener\">https:\/\/btz.es\/5hcOzpv<\/a><\/p>\n<p>Cafelizzia 790 es una cafetera expresso de alto rendimiento ideal para los amantes del caf\u00e9 que buscan una preparaci\u00f3n r\u00e1pida y de calidad profesional en casa. Con un dise\u00f1o moderno y compacto, ofrece precisi\u00f3n en la extracci\u00f3n para un sabor intenso y arom\u00e1tico en cada taza. Disfruta de un caf\u00e9 fresco, cremoso y perfectamente equilibrado con la tecnolog\u00eda avanzada de Cafelizzia, perfecta para uso diario y todo tipo de granos.<\/p>\n<\/p><\/div>\n","protected":false},"excerpt":{"rendered":"<p>\ud83d\udfe5 UNA GANGA \ud83d\udfe5 #Publicidad #Amazon #16 \ud83d\udd34 Cafetera Expresso \u2705 AHORA 79 \u20ac \u2714\ufe0f\ud83d\udfe1 \u274c Antes 89.90 \u20ac \ud83d\uded2: https:\/\/btz.es\/5hcOzpv Cafelizzia 790 es una cafetera expresso de alto rendimiento ideal para los amantes del caf\u00e9 que buscan una preparaci\u00f3n r\u00e1pida y de calidad profesional en casa. Con un dise\u00f1o moderno y compacto, ofrece precisi\u00f3n [&hellip;]<\/p>\n","protected":false},"featured_media":10605,"template":"","meta":{"_gspb_post_css":""},"store":[],"product_brand":[],"product_cat":[16],"product_tag":[],"class_list":{"0":"post-10606","1":"product","2":"type-product","3":"status-publish","4":"has-post-thumbnail","6":"product_cat-sin-categorizar","8":"first","9":"instock","10":"sale","11":"shipping-taxable","12":"product-type-external"},"jetpack_sharing_enabled":true,"_links":{"self":[{"href":"https:\/\/ofertacular.com\/index.php\/wp-json\/wp\/v2\/product\/10606","targetHints":{"allow":["GET"]}}],"collection":[{"href":"https:\/\/ofertacular.com\/index.php\/wp-json\/wp\/v2\/product"}],"about":[{"href":"https:\/\/ofertacular.com\/index.php\/wp-json\/wp\/v2\/types\/product"}],"wp:featuredmedia":[{"embeddable":true,"href":"https:\/\/ofertacular.com\/index.php\/wp-json\/wp\/v2\/media\/10605"}],"wp:attachment":[{"href":"https:\/\/ofertacular.com\/index.php\/wp-json\/wp\/v2\/media?parent=10606"}],"wp:term":[{"taxonomy":"store","embeddable":true,"href":"https:\/\/ofertacular.com\/index.php\/wp-json\/wp\/v2\/store?post=10606"},{"taxonomy":"product_brand","embeddable":true,"href":"https:\/\/ofertacular.com\/index.php\/wp-json\/wp\/v2\/product_brand?post=10606"},{"taxonomy":"product_cat","embeddable":true,"href":"https:\/\/ofertacular.com\/index.php\/wp-json\/wp\/v2\/product_cat?post=10606"},{"taxonomy":"product_tag","embeddable":true,"href":"https:\/\/ofertacular.com\/index.php\/wp-json\/wp\/v2\/product_tag?post=10606"}],"curies":[{"name":"wp","href":"https:\/\/api.w.org\/{rel}","templated":true}]}}