{"id":10636,"date":"2026-01-02T12:22:00","date_gmt":"2026-01-02T11:22:00","guid":{"rendered":"https:\/\/ofertacular.com\/index.php\/producto\/bebeconfort-timba\/"},"modified":"2026-01-02T12:22:00","modified_gmt":"2026-01-02T11:22:00","slug":"bebeconfort-timba","status":"publish","type":"product","link":"https:\/\/ofertacular.com\/index.php\/producto\/bebeconfort-timba\/","title":{"rendered":"Bebeconfort Timba"},"content":{"rendered":"<div class=\"oferta-container\">\n<p>\ud83d\udfe5 <b>ES UN CHOLL\u00d3N<\/b> \ud83d\udfe5 #Publicidad #Amazon #16<\/p>\n<p>\ud83d\udd34 <b>Silla infantil <\/b><\/p>\n<p>\u2705 <b>AHORA 58.65 \u20ac<\/b> \u2714\ufe0f\ud83d\udfe1<\/p>\n<p>\u274c Antes 99.99 \u20ac<\/p>\n<p>\ud83d\uded2: <a href=\"https:\/\/btz.es\/5hiYII5\" target=\"_blank\" rel=\"nofollow noopener\">https:\/\/btz.es\/5hiYII5<\/a><\/p>\n<p>La silla infantil Bebeconfort Timba combina seguridad, comodidad y dise\u00f1o para ofrecer la mejor experiencia para tu beb\u00e9 durante las comidas. Fabricada con materiales de alta calidad y un dise\u00f1o ergon\u00f3mico, esta silla garantiza estabilidad y f\u00e1cil limpieza, perfecta para el hogar moderno. Con Bebeconfort, tu beb\u00e9 disfrutar\u00e1 de cada momento con confort y protecci\u00f3n.<\/p>\n<\/p><\/div>\n","protected":false},"excerpt":{"rendered":"<p>\ud83d\udfe5 ES UN CHOLL\u00d3N \ud83d\udfe5 #Publicidad #Amazon #16 \ud83d\udd34 Silla infantil \u2705 AHORA 58.65 \u20ac \u2714\ufe0f\ud83d\udfe1 \u274c Antes 99.99 \u20ac \ud83d\uded2: https:\/\/btz.es\/5hiYII5 La silla infantil Bebeconfort Timba combina seguridad, comodidad y dise\u00f1o para ofrecer la mejor experiencia para tu beb\u00e9 durante las comidas. Fabricada con materiales de alta calidad y un dise\u00f1o ergon\u00f3mico, esta silla [&hellip;]<\/p>\n","protected":false},"featured_media":10635,"template":"","meta":{"_gspb_post_css":""},"store":[],"product_brand":[],"product_cat":[16],"product_tag":[],"class_list":{"0":"post-10636","1":"product","2":"type-product","3":"status-publish","4":"has-post-thumbnail","6":"product_cat-sin-categorizar","8":"first","9":"instock","10":"sale","11":"shipping-taxable","12":"product-type-external"},"jetpack_sharing_enabled":true,"_links":{"self":[{"href":"https:\/\/ofertacular.com\/index.php\/wp-json\/wp\/v2\/product\/10636","targetHints":{"allow":["GET"]}}],"collection":[{"href":"https:\/\/ofertacular.com\/index.php\/wp-json\/wp\/v2\/product"}],"about":[{"href":"https:\/\/ofertacular.com\/index.php\/wp-json\/wp\/v2\/types\/product"}],"wp:featuredmedia":[{"embeddable":true,"href":"https:\/\/ofertacular.com\/index.php\/wp-json\/wp\/v2\/media\/10635"}],"wp:attachment":[{"href":"https:\/\/ofertacular.com\/index.php\/wp-json\/wp\/v2\/media?parent=10636"}],"wp:term":[{"taxonomy":"store","embeddable":true,"href":"https:\/\/ofertacular.com\/index.php\/wp-json\/wp\/v2\/store?post=10636"},{"taxonomy":"product_brand","embeddable":true,"href":"https:\/\/ofertacular.com\/index.php\/wp-json\/wp\/v2\/product_brand?post=10636"},{"taxonomy":"product_cat","embeddable":true,"href":"https:\/\/ofertacular.com\/index.php\/wp-json\/wp\/v2\/product_cat?post=10636"},{"taxonomy":"product_tag","embeddable":true,"href":"https:\/\/ofertacular.com\/index.php\/wp-json\/wp\/v2\/product_tag?post=10636"}],"curies":[{"name":"wp","href":"https:\/\/api.w.org\/{rel}","templated":true}]}}