{"id":10655,"date":"2026-01-05T07:37:51","date_gmt":"2026-01-05T06:37:51","guid":{"rendered":"https:\/\/ofertacular.com\/index.php\/producto\/klamath-range-2\/"},"modified":"2026-01-05T07:37:51","modified_gmt":"2026-01-05T06:37:51","slug":"klamath-range-2","status":"publish","type":"product","link":"https:\/\/ofertacular.com\/index.php\/producto\/klamath-range-2\/","title":{"rendered":"Klamath Range"},"content":{"rendered":"<div class=\"oferta-container\">\n<p>\ud83d\udfe5 <b>UNA GANGA<\/b> \ud83d\udfe5 #Publicidad #Amazon #16<\/p>\n<p>\ud83d\udd34 <b>Klamath Range <\/b><\/p>\n<p>\u2705 <b>AHORA 18.8 \u20ac<\/b> \u2714\ufe0f\ud83d\udfe1<\/p>\n<p>\u274c Antes 22.96 \u20ac<\/p>\n<p>\ud83d\uded2: <a href=\"https:\/\/btz.es\/5hzwLht\" target=\"_blank\" rel=\"nofollow noopener\">https:\/\/btz.es\/5hzwLht<\/a><\/p>\n<p>Descubre la incre\u00edble gama Klamath Range, una colecci\u00f3n dise\u00f1ada para ofrecer calidad, innovaci\u00f3n y durabilidad en cada producto. Perfecta para quienes buscan rendimiento y estilo inigualables, Klamath Range se posiciona como la elecci\u00f3n ideal para tus necesidades m\u00e1s exigentes.<\/p>\n<\/p><\/div>\n","protected":false},"excerpt":{"rendered":"<p>\ud83d\udfe5 UNA GANGA \ud83d\udfe5 #Publicidad #Amazon #16 \ud83d\udd34 Klamath Range \u2705 AHORA 18.8 \u20ac \u2714\ufe0f\ud83d\udfe1 \u274c Antes 22.96 \u20ac \ud83d\uded2: https:\/\/btz.es\/5hzwLht Descubre la incre\u00edble gama Klamath Range, una colecci\u00f3n dise\u00f1ada para ofrecer calidad, innovaci\u00f3n y durabilidad en cada producto. Perfecta para quienes buscan rendimiento y estilo inigualables, Klamath Range se posiciona como la elecci\u00f3n ideal [&hellip;]<\/p>\n","protected":false},"featured_media":10654,"template":"","meta":{"_gspb_post_css":""},"store":[],"product_brand":[],"product_cat":[16],"product_tag":[],"class_list":{"0":"post-10655","1":"product","2":"type-product","3":"status-publish","4":"has-post-thumbnail","6":"product_cat-sin-categorizar","8":"first","9":"instock","10":"sale","11":"shipping-taxable","12":"product-type-external"},"jetpack_sharing_enabled":true,"_links":{"self":[{"href":"https:\/\/ofertacular.com\/index.php\/wp-json\/wp\/v2\/product\/10655","targetHints":{"allow":["GET"]}}],"collection":[{"href":"https:\/\/ofertacular.com\/index.php\/wp-json\/wp\/v2\/product"}],"about":[{"href":"https:\/\/ofertacular.com\/index.php\/wp-json\/wp\/v2\/types\/product"}],"wp:featuredmedia":[{"embeddable":true,"href":"https:\/\/ofertacular.com\/index.php\/wp-json\/wp\/v2\/media\/10654"}],"wp:attachment":[{"href":"https:\/\/ofertacular.com\/index.php\/wp-json\/wp\/v2\/media?parent=10655"}],"wp:term":[{"taxonomy":"store","embeddable":true,"href":"https:\/\/ofertacular.com\/index.php\/wp-json\/wp\/v2\/store?post=10655"},{"taxonomy":"product_brand","embeddable":true,"href":"https:\/\/ofertacular.com\/index.php\/wp-json\/wp\/v2\/product_brand?post=10655"},{"taxonomy":"product_cat","embeddable":true,"href":"https:\/\/ofertacular.com\/index.php\/wp-json\/wp\/v2\/product_cat?post=10655"},{"taxonomy":"product_tag","embeddable":true,"href":"https:\/\/ofertacular.com\/index.php\/wp-json\/wp\/v2\/product_tag?post=10655"}],"curies":[{"name":"wp","href":"https:\/\/api.w.org\/{rel}","templated":true}]}}