{"id":10673,"date":"2026-01-07T10:55:08","date_gmt":"2026-01-07T09:55:08","guid":{"rendered":"https:\/\/ofertacular.com\/index.php\/producto\/blusas-casuales\/"},"modified":"2026-01-07T10:55:08","modified_gmt":"2026-01-07T09:55:08","slug":"blusas-casuales","status":"publish","type":"product","link":"https:\/\/ofertacular.com\/index.php\/producto\/blusas-casuales\/","title":{"rendered":"Blusas Casuales"},"content":{"rendered":"<div class=\"oferta-container\">\n<p>\ud83d\udfe5 <b>DESCUENTAZO<\/b> \ud83d\udfe5 #Publicidad #Amazon #16<\/p>\n<p>\ud83d\udd34 <b>Blusas Casual <\/b><\/p>\n<p>\u2705 <b>AHORA 0.34 \u20ac<\/b> \u2714\ufe0f\ud83d\udfe1<\/p>\n<p>\u274c Antes <\/p>\n<p>\ud83d\uded2: <a href=\"https:\/\/btz.es\/5hBR3WL\" target=\"_blank\" rel=\"nofollow noopener\">https:\/\/btz.es\/5hBR3WL<\/a><\/p>\n<p>Explora nuestra exclusiva colecci\u00f3n de Blusas Casual dise\u00f1adas para ofrecer comodidad y estilo en cada ocasi\u00f3n. Perfectas para un look fresco y vers\u00e1til, nuestras blusas combinan moda y funcionalidad, ideales para tu guardarropa diario. Descubre prendas que realzan tu personalidad con tejidos de alta calidad y cortes modernos.<\/p>\n<\/p><\/div>\n","protected":false},"excerpt":{"rendered":"<p>\ud83d\udfe5 DESCUENTAZO \ud83d\udfe5 #Publicidad #Amazon #16 \ud83d\udd34 Blusas Casual \u2705 AHORA 0.34 \u20ac \u2714\ufe0f\ud83d\udfe1 \u274c Antes \ud83d\uded2: https:\/\/btz.es\/5hBR3WL Explora nuestra exclusiva colecci\u00f3n de Blusas Casual dise\u00f1adas para ofrecer comodidad y estilo en cada ocasi\u00f3n. Perfectas para un look fresco y vers\u00e1til, nuestras blusas combinan moda y funcionalidad, ideales para tu guardarropa diario. Descubre prendas que [&hellip;]<\/p>\n","protected":false},"featured_media":10672,"template":"","meta":{"_gspb_post_css":""},"store":[],"product_brand":[],"product_cat":[16],"product_tag":[],"class_list":{"0":"post-10673","1":"product","2":"type-product","3":"status-publish","4":"has-post-thumbnail","6":"product_cat-sin-categorizar","8":"first","9":"instock","10":"shipping-taxable","11":"product-type-external"},"jetpack_sharing_enabled":true,"_links":{"self":[{"href":"https:\/\/ofertacular.com\/index.php\/wp-json\/wp\/v2\/product\/10673","targetHints":{"allow":["GET"]}}],"collection":[{"href":"https:\/\/ofertacular.com\/index.php\/wp-json\/wp\/v2\/product"}],"about":[{"href":"https:\/\/ofertacular.com\/index.php\/wp-json\/wp\/v2\/types\/product"}],"wp:featuredmedia":[{"embeddable":true,"href":"https:\/\/ofertacular.com\/index.php\/wp-json\/wp\/v2\/media\/10672"}],"wp:attachment":[{"href":"https:\/\/ofertacular.com\/index.php\/wp-json\/wp\/v2\/media?parent=10673"}],"wp:term":[{"taxonomy":"store","embeddable":true,"href":"https:\/\/ofertacular.com\/index.php\/wp-json\/wp\/v2\/store?post=10673"},{"taxonomy":"product_brand","embeddable":true,"href":"https:\/\/ofertacular.com\/index.php\/wp-json\/wp\/v2\/product_brand?post=10673"},{"taxonomy":"product_cat","embeddable":true,"href":"https:\/\/ofertacular.com\/index.php\/wp-json\/wp\/v2\/product_cat?post=10673"},{"taxonomy":"product_tag","embeddable":true,"href":"https:\/\/ofertacular.com\/index.php\/wp-json\/wp\/v2\/product_tag?post=10673"}],"curies":[{"name":"wp","href":"https:\/\/api.w.org\/{rel}","templated":true}]}}