{"id":10679,"date":"2026-01-07T13:09:41","date_gmt":"2026-01-07T12:09:41","guid":{"rendered":"https:\/\/ofertacular.com\/index.php\/producto\/proscenic-p11\/"},"modified":"2026-01-07T13:09:41","modified_gmt":"2026-01-07T12:09:41","slug":"proscenic-p11","status":"publish","type":"product","link":"https:\/\/ofertacular.com\/index.php\/producto\/proscenic-p11\/","title":{"rendered":"Proscenic P11"},"content":{"rendered":"<div class=\"oferta-container\">\n<p>\ud83d\udfe5 <b>\u00a1OFERT\u00d3N!<\/b> \ud83d\udfe5 #Publicidad #Amazon #16<\/p>\n<p>\ud83d\udd34 <b>Aspiradora Robot <\/b><\/p>\n<p>\u2705 <b>AHORA 94.99 \u20ac<\/b> \u2714\ufe0f\ud83d\udfe1<\/p>\n<p>\u274c Antes 119.99 \u20ac<\/p>\n<p>\ud83d\uded2: <a href=\"https:\/\/btz.es\/5hCzvTW\" target=\"_blank\" rel=\"nofollow noopener\">https:\/\/btz.es\/5hCzvTW<\/a><\/p>\n<p>La aspiradora robot Proscenic P11 combina tecnolog\u00eda avanzada y eficiencia para mantener tus espacios limpios sin esfuerzo. Con potentes funciones de limpieza y navegaci\u00f3n inteligente, garantiza una limpieza profunda y detallada en todo tipo de superficies. Ideal para hogares modernos, su dise\u00f1o compacto y silencioso ofrece comodidad y autonom\u00eda, haciendo de Proscenic P11 la mejor opci\u00f3n en aspiradoras robotizadas del mercado.<\/p>\n<\/p><\/div>\n","protected":false},"excerpt":{"rendered":"<p>\ud83d\udfe5 \u00a1OFERT\u00d3N! \ud83d\udfe5 #Publicidad #Amazon #16 \ud83d\udd34 Aspiradora Robot \u2705 AHORA 94.99 \u20ac \u2714\ufe0f\ud83d\udfe1 \u274c Antes 119.99 \u20ac \ud83d\uded2: https:\/\/btz.es\/5hCzvTW La aspiradora robot Proscenic P11 combina tecnolog\u00eda avanzada y eficiencia para mantener tus espacios limpios sin esfuerzo. Con potentes funciones de limpieza y navegaci\u00f3n inteligente, garantiza una limpieza profunda y detallada en todo tipo de [&hellip;]<\/p>\n","protected":false},"featured_media":10678,"template":"","meta":{"_gspb_post_css":""},"store":[],"product_brand":[],"product_cat":[16],"product_tag":[],"class_list":{"0":"post-10679","1":"product","2":"type-product","3":"status-publish","4":"has-post-thumbnail","6":"product_cat-sin-categorizar","8":"first","9":"instock","10":"sale","11":"shipping-taxable","12":"product-type-external"},"jetpack_sharing_enabled":true,"_links":{"self":[{"href":"https:\/\/ofertacular.com\/index.php\/wp-json\/wp\/v2\/product\/10679","targetHints":{"allow":["GET"]}}],"collection":[{"href":"https:\/\/ofertacular.com\/index.php\/wp-json\/wp\/v2\/product"}],"about":[{"href":"https:\/\/ofertacular.com\/index.php\/wp-json\/wp\/v2\/types\/product"}],"wp:featuredmedia":[{"embeddable":true,"href":"https:\/\/ofertacular.com\/index.php\/wp-json\/wp\/v2\/media\/10678"}],"wp:attachment":[{"href":"https:\/\/ofertacular.com\/index.php\/wp-json\/wp\/v2\/media?parent=10679"}],"wp:term":[{"taxonomy":"store","embeddable":true,"href":"https:\/\/ofertacular.com\/index.php\/wp-json\/wp\/v2\/store?post=10679"},{"taxonomy":"product_brand","embeddable":true,"href":"https:\/\/ofertacular.com\/index.php\/wp-json\/wp\/v2\/product_brand?post=10679"},{"taxonomy":"product_cat","embeddable":true,"href":"https:\/\/ofertacular.com\/index.php\/wp-json\/wp\/v2\/product_cat?post=10679"},{"taxonomy":"product_tag","embeddable":true,"href":"https:\/\/ofertacular.com\/index.php\/wp-json\/wp\/v2\/product_tag?post=10679"}],"curies":[{"name":"wp","href":"https:\/\/api.w.org\/{rel}","templated":true}]}}