{"id":10683,"date":"2026-01-08T07:48:08","date_gmt":"2026-01-08T06:48:08","guid":{"rendered":"https:\/\/ofertacular.com\/index.php\/producto\/blusa-casual\/"},"modified":"2026-01-08T07:48:08","modified_gmt":"2026-01-08T06:48:08","slug":"blusa-casual","status":"publish","type":"product","link":"https:\/\/ofertacular.com\/index.php\/producto\/blusa-casual\/","title":{"rendered":"Blusa Casual"},"content":{"rendered":"<div class=\"oferta-container\">\n<p>\ud83d\udfe5 <b>\u00a1GANGAZO!<\/b> \ud83d\udfe5 #Publicidad #Amazon #16<\/p>\n<p>\ud83d\udd34 <b>Blusa Casual <\/b><\/p>\n<p>\u2705 <b>AHORA 0.34 \u20ac<\/b> \u2714\ufe0f\ud83d\udfe1<\/p>\n<p>\u274c Antes <\/p>\n<p>\ud83d\uded2: <a href=\"https:\/\/btz.es\/5hGWV22\" target=\"_blank\" rel=\"nofollow noopener\">https:\/\/btz.es\/5hGWV22<\/a><\/p>\n<p>Descubre la blusa casual perfecta para cualquier ocasi\u00f3n, dise\u00f1ada para ofrecer comodidad y estilo con tejido de alta calidad que asegura durabilidad y un ajuste ideal. Esta blusa es imprescindible para tu guardarropa, combinando f\u00e1cilmente con m\u00faltiples prendas para un look moderno y vers\u00e1til.<\/p>\n<\/p><\/div>\n","protected":false},"excerpt":{"rendered":"<p>\ud83d\udfe5 \u00a1GANGAZO! \ud83d\udfe5 #Publicidad #Amazon #16 \ud83d\udd34 Blusa Casual \u2705 AHORA 0.34 \u20ac \u2714\ufe0f\ud83d\udfe1 \u274c Antes \ud83d\uded2: https:\/\/btz.es\/5hGWV22 Descubre la blusa casual perfecta para cualquier ocasi\u00f3n, dise\u00f1ada para ofrecer comodidad y estilo con tejido de alta calidad que asegura durabilidad y un ajuste ideal. Esta blusa es imprescindible para tu guardarropa, combinando f\u00e1cilmente con m\u00faltiples [&hellip;]<\/p>\n","protected":false},"featured_media":10682,"template":"","meta":{"_gspb_post_css":""},"store":[],"product_brand":[],"product_cat":[16],"product_tag":[],"class_list":{"0":"post-10683","1":"product","2":"type-product","3":"status-publish","4":"has-post-thumbnail","6":"product_cat-sin-categorizar","8":"first","9":"instock","10":"shipping-taxable","11":"product-type-external"},"jetpack_sharing_enabled":true,"_links":{"self":[{"href":"https:\/\/ofertacular.com\/index.php\/wp-json\/wp\/v2\/product\/10683","targetHints":{"allow":["GET"]}}],"collection":[{"href":"https:\/\/ofertacular.com\/index.php\/wp-json\/wp\/v2\/product"}],"about":[{"href":"https:\/\/ofertacular.com\/index.php\/wp-json\/wp\/v2\/types\/product"}],"wp:featuredmedia":[{"embeddable":true,"href":"https:\/\/ofertacular.com\/index.php\/wp-json\/wp\/v2\/media\/10682"}],"wp:attachment":[{"href":"https:\/\/ofertacular.com\/index.php\/wp-json\/wp\/v2\/media?parent=10683"}],"wp:term":[{"taxonomy":"store","embeddable":true,"href":"https:\/\/ofertacular.com\/index.php\/wp-json\/wp\/v2\/store?post=10683"},{"taxonomy":"product_brand","embeddable":true,"href":"https:\/\/ofertacular.com\/index.php\/wp-json\/wp\/v2\/product_brand?post=10683"},{"taxonomy":"product_cat","embeddable":true,"href":"https:\/\/ofertacular.com\/index.php\/wp-json\/wp\/v2\/product_cat?post=10683"},{"taxonomy":"product_tag","embeddable":true,"href":"https:\/\/ofertacular.com\/index.php\/wp-json\/wp\/v2\/product_tag?post=10683"}],"curies":[{"name":"wp","href":"https:\/\/api.w.org\/{rel}","templated":true}]}}