{"id":10691,"date":"2026-01-08T08:33:27","date_gmt":"2026-01-08T07:33:27","guid":{"rendered":"https:\/\/ofertacular.com\/index.php\/producto\/varta-pilas\/"},"modified":"2026-01-08T08:33:27","modified_gmt":"2026-01-08T07:33:27","slug":"varta-pilas","status":"publish","type":"product","link":"https:\/\/ofertacular.com\/index.php\/producto\/varta-pilas\/","title":{"rendered":"VARTA Pilas"},"content":{"rendered":"<div class=\"oferta-container\">\n<p>\ud83d\udfe5 <b>UNA GANGA<\/b> \ud83d\udfe5 #Publicidad #Amazon #16<\/p>\n<p>\ud83d\udd34 <b>Pilas VARTA <\/b><\/p>\n<p>\u2705 <b>AHORA 8.99 \u20ac<\/b> \u2714\ufe0f\ud83d\udfe1<\/p>\n<p>\u274c Antes 16.99 \u20ac<\/p>\n<p>\ud83d\uded2: <a href=\"https:\/\/btz.es\/5hHiuNy\" target=\"_blank\" rel=\"nofollow noopener\">https:\/\/btz.es\/5hHiuNy<\/a><\/p>\n<p>Descubre las pilas VARTA, l\u00edderes en potencia y durabilidad para todo tipo de dispositivos electr\u00f3nicos. Ideales para garantizar un rendimiento \u00f3ptimo y prolongado, las pilas VARTA son la elecci\u00f3n preferida para uso diario. Aprovecha la calidad superior y confiabilidad que solo VARTA ofrece, asegurando la energ\u00eda que necesitas cuando m\u00e1s la necesitas.<\/p>\n<\/p><\/div>\n","protected":false},"excerpt":{"rendered":"<p>\ud83d\udfe5 UNA GANGA \ud83d\udfe5 #Publicidad #Amazon #16 \ud83d\udd34 Pilas VARTA \u2705 AHORA 8.99 \u20ac \u2714\ufe0f\ud83d\udfe1 \u274c Antes 16.99 \u20ac \ud83d\uded2: https:\/\/btz.es\/5hHiuNy Descubre las pilas VARTA, l\u00edderes en potencia y durabilidad para todo tipo de dispositivos electr\u00f3nicos. Ideales para garantizar un rendimiento \u00f3ptimo y prolongado, las pilas VARTA son la elecci\u00f3n preferida para uso diario. Aprovecha [&hellip;]<\/p>\n","protected":false},"featured_media":10690,"template":"","meta":{"_gspb_post_css":""},"store":[],"product_brand":[],"product_cat":[16],"product_tag":[],"class_list":{"0":"post-10691","1":"product","2":"type-product","3":"status-publish","4":"has-post-thumbnail","6":"product_cat-sin-categorizar","8":"first","9":"instock","10":"sale","11":"shipping-taxable","12":"product-type-external"},"jetpack_sharing_enabled":true,"_links":{"self":[{"href":"https:\/\/ofertacular.com\/index.php\/wp-json\/wp\/v2\/product\/10691","targetHints":{"allow":["GET"]}}],"collection":[{"href":"https:\/\/ofertacular.com\/index.php\/wp-json\/wp\/v2\/product"}],"about":[{"href":"https:\/\/ofertacular.com\/index.php\/wp-json\/wp\/v2\/types\/product"}],"wp:featuredmedia":[{"embeddable":true,"href":"https:\/\/ofertacular.com\/index.php\/wp-json\/wp\/v2\/media\/10690"}],"wp:attachment":[{"href":"https:\/\/ofertacular.com\/index.php\/wp-json\/wp\/v2\/media?parent=10691"}],"wp:term":[{"taxonomy":"store","embeddable":true,"href":"https:\/\/ofertacular.com\/index.php\/wp-json\/wp\/v2\/store?post=10691"},{"taxonomy":"product_brand","embeddable":true,"href":"https:\/\/ofertacular.com\/index.php\/wp-json\/wp\/v2\/product_brand?post=10691"},{"taxonomy":"product_cat","embeddable":true,"href":"https:\/\/ofertacular.com\/index.php\/wp-json\/wp\/v2\/product_cat?post=10691"},{"taxonomy":"product_tag","embeddable":true,"href":"https:\/\/ofertacular.com\/index.php\/wp-json\/wp\/v2\/product_tag?post=10691"}],"curies":[{"name":"wp","href":"https:\/\/api.w.org\/{rel}","templated":true}]}}