{"id":10693,"date":"2026-01-08T10:43:25","date_gmt":"2026-01-08T09:43:25","guid":{"rendered":"https:\/\/ofertacular.com\/index.php\/producto\/dji-mic\/"},"modified":"2026-01-08T10:43:25","modified_gmt":"2026-01-08T09:43:25","slug":"dji-mic","status":"publish","type":"product","link":"https:\/\/ofertacular.com\/index.php\/producto\/dji-mic\/","title":{"rendered":"DJI Mic"},"content":{"rendered":"<div class=\"oferta-container\">\n<p>\ud83d\udfe5 <b>CHOLLAZO<\/b> \ud83d\udfe5 #Publicidad #Amazon #16<\/p>\n<p>\ud83d\udd34 <b>Micr\u00f3fono inal\u00e1mbrico <\/b><\/p>\n<p>\u2705 <b>AHORA 59 \u20ac<\/b> \u2714\ufe0f\ud83d\udfe1<\/p>\n<p>\u274c Antes 79.00 \u20ac<\/p>\n<p>\ud83d\uded2: <a href=\"https:\/\/btz.es\/5hHFd1e\" target=\"_blank\" rel=\"nofollow noopener\">https:\/\/btz.es\/5hHFd1e<\/a><\/p>\n<p>Descubre el DJI Mic, el micr\u00f3fono inal\u00e1mbrico profesional dise\u00f1ado para capturar audio n\u00edtido y claro en cualquier entorno. Ideal para creadores de contenido, periodistas y vide\u00f3grafos, ofrece conexiones estables, f\u00e1cil uso y calidad de sonido superior que eleva la producci\u00f3n audiovisual a otro nivel. Optimizado para SEO y producci\u00f3n multimedia de alta calidad.<\/p>\n<\/p><\/div>\n","protected":false},"excerpt":{"rendered":"<p>\ud83d\udfe5 CHOLLAZO \ud83d\udfe5 #Publicidad #Amazon #16 \ud83d\udd34 Micr\u00f3fono inal\u00e1mbrico \u2705 AHORA 59 \u20ac \u2714\ufe0f\ud83d\udfe1 \u274c Antes 79.00 \u20ac \ud83d\uded2: https:\/\/btz.es\/5hHFd1e Descubre el DJI Mic, el micr\u00f3fono inal\u00e1mbrico profesional dise\u00f1ado para capturar audio n\u00edtido y claro en cualquier entorno. Ideal para creadores de contenido, periodistas y vide\u00f3grafos, ofrece conexiones estables, f\u00e1cil uso y calidad de sonido [&hellip;]<\/p>\n","protected":false},"featured_media":10692,"template":"","meta":{"_gspb_post_css":""},"store":[],"product_brand":[],"product_cat":[16],"product_tag":[],"class_list":{"0":"post-10693","1":"product","2":"type-product","3":"status-publish","4":"has-post-thumbnail","6":"product_cat-sin-categorizar","8":"first","9":"instock","10":"sale","11":"shipping-taxable","12":"product-type-external"},"jetpack_sharing_enabled":true,"_links":{"self":[{"href":"https:\/\/ofertacular.com\/index.php\/wp-json\/wp\/v2\/product\/10693","targetHints":{"allow":["GET"]}}],"collection":[{"href":"https:\/\/ofertacular.com\/index.php\/wp-json\/wp\/v2\/product"}],"about":[{"href":"https:\/\/ofertacular.com\/index.php\/wp-json\/wp\/v2\/types\/product"}],"wp:featuredmedia":[{"embeddable":true,"href":"https:\/\/ofertacular.com\/index.php\/wp-json\/wp\/v2\/media\/10692"}],"wp:attachment":[{"href":"https:\/\/ofertacular.com\/index.php\/wp-json\/wp\/v2\/media?parent=10693"}],"wp:term":[{"taxonomy":"store","embeddable":true,"href":"https:\/\/ofertacular.com\/index.php\/wp-json\/wp\/v2\/store?post=10693"},{"taxonomy":"product_brand","embeddable":true,"href":"https:\/\/ofertacular.com\/index.php\/wp-json\/wp\/v2\/product_brand?post=10693"},{"taxonomy":"product_cat","embeddable":true,"href":"https:\/\/ofertacular.com\/index.php\/wp-json\/wp\/v2\/product_cat?post=10693"},{"taxonomy":"product_tag","embeddable":true,"href":"https:\/\/ofertacular.com\/index.php\/wp-json\/wp\/v2\/product_tag?post=10693"}],"curies":[{"name":"wp","href":"https:\/\/api.w.org\/{rel}","templated":true}]}}