{"id":10699,"date":"2026-01-08T10:49:32","date_gmt":"2026-01-08T09:49:32","guid":{"rendered":"https:\/\/ofertacular.com\/index.php\/producto\/lefant-m2\/"},"modified":"2026-01-08T10:49:32","modified_gmt":"2026-01-08T09:49:32","slug":"lefant-m2","status":"publish","type":"product","link":"https:\/\/ofertacular.com\/index.php\/producto\/lefant-m2\/","title":{"rendered":"LEFANT M2"},"content":{"rendered":"<div class=\"oferta-container\">\n<p>\ud83d\udfe5 <b>\u00a1NO TE LA PIERDAS!<\/b> \ud83d\udfe5 #Publicidad #Amazon #16<\/p>\n<p>\ud83d\udd34 <b>Auriculares LEFANT <\/b><\/p>\n<p>\u2705 <b>AHORA 99.99 \u20ac<\/b> \u2714\ufe0f\ud83d\udfe1<\/p>\n<p>\u274c Antes 379.99 \u20ac<\/p>\n<p>\ud83d\uded2: <a href=\"https:\/\/btz.es\/5hHGBfj\" target=\"_blank\" rel=\"nofollow noopener\">https:\/\/btz.es\/5hHGBfj<\/a><\/p>\n<p>Descubre los Auriculares LEFANT M2, dise\u00f1ados para ofrecer una experiencia sonora excepcional con claridad y potencia. Su dise\u00f1o ergon\u00f3mico garantiza comodidad durante largas sesiones, y su tecnolog\u00eda avanzada asegura una conexi\u00f3n estable y duraci\u00f3n prolongada de la bater\u00eda. Perfectos para m\u00fasica, llamadas y gaming, los Auriculares LEFANT M2 son la elecci\u00f3n ideal para quienes buscan calidad y estilo en un solo producto.<\/p>\n<\/p><\/div>\n","protected":false},"excerpt":{"rendered":"<p>\ud83d\udfe5 \u00a1NO TE LA PIERDAS! \ud83d\udfe5 #Publicidad #Amazon #16 \ud83d\udd34 Auriculares LEFANT \u2705 AHORA 99.99 \u20ac \u2714\ufe0f\ud83d\udfe1 \u274c Antes 379.99 \u20ac \ud83d\uded2: https:\/\/btz.es\/5hHGBfj Descubre los Auriculares LEFANT M2, dise\u00f1ados para ofrecer una experiencia sonora excepcional con claridad y potencia. Su dise\u00f1o ergon\u00f3mico garantiza comodidad durante largas sesiones, y su tecnolog\u00eda avanzada asegura una conexi\u00f3n estable [&hellip;]<\/p>\n","protected":false},"featured_media":10698,"template":"","meta":{"_gspb_post_css":""},"store":[],"product_brand":[],"product_cat":[16],"product_tag":[],"class_list":{"0":"post-10699","1":"product","2":"type-product","3":"status-publish","4":"has-post-thumbnail","6":"product_cat-sin-categorizar","8":"first","9":"instock","10":"sale","11":"shipping-taxable","12":"product-type-external"},"jetpack_sharing_enabled":true,"_links":{"self":[{"href":"https:\/\/ofertacular.com\/index.php\/wp-json\/wp\/v2\/product\/10699","targetHints":{"allow":["GET"]}}],"collection":[{"href":"https:\/\/ofertacular.com\/index.php\/wp-json\/wp\/v2\/product"}],"about":[{"href":"https:\/\/ofertacular.com\/index.php\/wp-json\/wp\/v2\/types\/product"}],"wp:featuredmedia":[{"embeddable":true,"href":"https:\/\/ofertacular.com\/index.php\/wp-json\/wp\/v2\/media\/10698"}],"wp:attachment":[{"href":"https:\/\/ofertacular.com\/index.php\/wp-json\/wp\/v2\/media?parent=10699"}],"wp:term":[{"taxonomy":"store","embeddable":true,"href":"https:\/\/ofertacular.com\/index.php\/wp-json\/wp\/v2\/store?post=10699"},{"taxonomy":"product_brand","embeddable":true,"href":"https:\/\/ofertacular.com\/index.php\/wp-json\/wp\/v2\/product_brand?post=10699"},{"taxonomy":"product_cat","embeddable":true,"href":"https:\/\/ofertacular.com\/index.php\/wp-json\/wp\/v2\/product_cat?post=10699"},{"taxonomy":"product_tag","embeddable":true,"href":"https:\/\/ofertacular.com\/index.php\/wp-json\/wp\/v2\/product_tag?post=10699"}],"curies":[{"name":"wp","href":"https:\/\/api.w.org\/{rel}","templated":true}]}}