{"id":10711,"date":"2026-01-08T13:02:02","date_gmt":"2026-01-08T12:02:02","guid":{"rendered":"https:\/\/ofertacular.com\/index.php\/producto\/columbia-crestwood\/"},"modified":"2026-01-08T13:02:02","modified_gmt":"2026-01-08T12:02:02","slug":"columbia-crestwood","status":"publish","type":"product","link":"https:\/\/ofertacular.com\/index.php\/producto\/columbia-crestwood\/","title":{"rendered":"Columbia Crestwood"},"content":{"rendered":"<div class=\"oferta-container\">\n<p>\ud83d\udfe5 <b>EXCLUSIVO<\/b> \ud83d\udfe5 #Publicidad #Amazon #16<\/p>\n<p>\ud83d\udd34 <b>Chaqueta Columbia <\/b><\/p>\n<p>\u2705 <b>AHORA 49.77 \u20ac<\/b> \u2714\ufe0f\ud83d\udfe1<\/p>\n<p>\u274c Antes 62.29 \u20ac<\/p>\n<p>\ud83d\uded2: <a href=\"https:\/\/btz.es\/5hInWYA\" target=\"_blank\" rel=\"nofollow noopener\">https:\/\/btz.es\/5hInWYA<\/a><\/p>\n<p>Descubre la Chaqueta Columbia Crestwood, dise\u00f1ada para ofrecer la m\u00e1xima comodidad y protecci\u00f3n en tus aventuras al aire libre. Esta chaqueta combina resistencia, estilo y tecnolog\u00eda avanzada para mantenerte seco y caliente en cualquier clima. Ideal para senderismo, trekking y actividades outdoor, garantiza durabilidad y funcionalidad sin comprometer el dise\u00f1o. Elige Columbia para un rendimiento superior y un look moderno.<\/p>\n<\/p><\/div>\n","protected":false},"excerpt":{"rendered":"<p>\ud83d\udfe5 EXCLUSIVO \ud83d\udfe5 #Publicidad #Amazon #16 \ud83d\udd34 Chaqueta Columbia \u2705 AHORA 49.77 \u20ac \u2714\ufe0f\ud83d\udfe1 \u274c Antes 62.29 \u20ac \ud83d\uded2: https:\/\/btz.es\/5hInWYA Descubre la Chaqueta Columbia Crestwood, dise\u00f1ada para ofrecer la m\u00e1xima comodidad y protecci\u00f3n en tus aventuras al aire libre. Esta chaqueta combina resistencia, estilo y tecnolog\u00eda avanzada para mantenerte seco y caliente en cualquier clima. [&hellip;]<\/p>\n","protected":false},"featured_media":10710,"template":"","meta":{"_gspb_post_css":""},"store":[],"product_brand":[],"product_cat":[16],"product_tag":[],"class_list":{"0":"post-10711","1":"product","2":"type-product","3":"status-publish","4":"has-post-thumbnail","6":"product_cat-sin-categorizar","8":"first","9":"instock","10":"sale","11":"shipping-taxable","12":"product-type-external"},"jetpack_sharing_enabled":true,"_links":{"self":[{"href":"https:\/\/ofertacular.com\/index.php\/wp-json\/wp\/v2\/product\/10711","targetHints":{"allow":["GET"]}}],"collection":[{"href":"https:\/\/ofertacular.com\/index.php\/wp-json\/wp\/v2\/product"}],"about":[{"href":"https:\/\/ofertacular.com\/index.php\/wp-json\/wp\/v2\/types\/product"}],"wp:featuredmedia":[{"embeddable":true,"href":"https:\/\/ofertacular.com\/index.php\/wp-json\/wp\/v2\/media\/10710"}],"wp:attachment":[{"href":"https:\/\/ofertacular.com\/index.php\/wp-json\/wp\/v2\/media?parent=10711"}],"wp:term":[{"taxonomy":"store","embeddable":true,"href":"https:\/\/ofertacular.com\/index.php\/wp-json\/wp\/v2\/store?post=10711"},{"taxonomy":"product_brand","embeddable":true,"href":"https:\/\/ofertacular.com\/index.php\/wp-json\/wp\/v2\/product_brand?post=10711"},{"taxonomy":"product_cat","embeddable":true,"href":"https:\/\/ofertacular.com\/index.php\/wp-json\/wp\/v2\/product_cat?post=10711"},{"taxonomy":"product_tag","embeddable":true,"href":"https:\/\/ofertacular.com\/index.php\/wp-json\/wp\/v2\/product_tag?post=10711"}],"curies":[{"name":"wp","href":"https:\/\/api.w.org\/{rel}","templated":true}]}}