{"id":10715,"date":"2026-01-08T13:41:29","date_gmt":"2026-01-08T12:41:29","guid":{"rendered":"https:\/\/ofertacular.com\/index.php\/producto\/klamath-range-3\/"},"modified":"2026-01-08T13:41:29","modified_gmt":"2026-01-08T12:41:29","slug":"klamath-range-3","status":"publish","type":"product","link":"https:\/\/ofertacular.com\/index.php\/producto\/klamath-range-3\/","title":{"rendered":"Klamath Range"},"content":{"rendered":"<div class=\"oferta-container\">\n<p>\ud83d\udfe5 <b>\u00a1OFERT\u00d3N!<\/b> \ud83d\udfe5 #Publicidad #Amazon #16<\/p>\n<p>\ud83d\udd34 <b>Monta\u00f1a Klamath <\/b><\/p>\n<p>\u2705 <b>AHORA 16.22 \u20ac<\/b> \u2714\ufe0f\ud83d\udfe1<\/p>\n<p>\u274c Antes 40.00 \u20ac<\/p>\n<p>\ud83d\uded2: <a href=\"https:\/\/btz.es\/5hIxTbk\" target=\"_blank\" rel=\"nofollow noopener\">https:\/\/btz.es\/5hIxTbk<\/a><\/p>\n<p>Explora la majestuosa Monta\u00f1a Klamath, un destino natural impresionante que ofrece aventuras al aire libre, paisajes panor\u00e1micos y una biodiversidad \u00fanica. Perfecto para los amantes del senderismo, la fotograf\u00eda y la naturaleza. Descubre rutas exclusivas y vive una experiencia inolvidable en el coraz\u00f3n de Klamath.<\/p>\n<\/p><\/div>\n","protected":false},"excerpt":{"rendered":"<p>\ud83d\udfe5 \u00a1OFERT\u00d3N! \ud83d\udfe5 #Publicidad #Amazon #16 \ud83d\udd34 Monta\u00f1a Klamath \u2705 AHORA 16.22 \u20ac \u2714\ufe0f\ud83d\udfe1 \u274c Antes 40.00 \u20ac \ud83d\uded2: https:\/\/btz.es\/5hIxTbk Explora la majestuosa Monta\u00f1a Klamath, un destino natural impresionante que ofrece aventuras al aire libre, paisajes panor\u00e1micos y una biodiversidad \u00fanica. Perfecto para los amantes del senderismo, la fotograf\u00eda y la naturaleza. Descubre rutas exclusivas [&hellip;]<\/p>\n","protected":false},"featured_media":10714,"template":"","meta":{"_gspb_post_css":""},"store":[],"product_brand":[],"product_cat":[16],"product_tag":[],"class_list":{"0":"post-10715","1":"product","2":"type-product","3":"status-publish","4":"has-post-thumbnail","6":"product_cat-sin-categorizar","8":"first","9":"instock","10":"sale","11":"shipping-taxable","12":"product-type-external"},"jetpack_sharing_enabled":true,"_links":{"self":[{"href":"https:\/\/ofertacular.com\/index.php\/wp-json\/wp\/v2\/product\/10715","targetHints":{"allow":["GET"]}}],"collection":[{"href":"https:\/\/ofertacular.com\/index.php\/wp-json\/wp\/v2\/product"}],"about":[{"href":"https:\/\/ofertacular.com\/index.php\/wp-json\/wp\/v2\/types\/product"}],"wp:featuredmedia":[{"embeddable":true,"href":"https:\/\/ofertacular.com\/index.php\/wp-json\/wp\/v2\/media\/10714"}],"wp:attachment":[{"href":"https:\/\/ofertacular.com\/index.php\/wp-json\/wp\/v2\/media?parent=10715"}],"wp:term":[{"taxonomy":"store","embeddable":true,"href":"https:\/\/ofertacular.com\/index.php\/wp-json\/wp\/v2\/store?post=10715"},{"taxonomy":"product_brand","embeddable":true,"href":"https:\/\/ofertacular.com\/index.php\/wp-json\/wp\/v2\/product_brand?post=10715"},{"taxonomy":"product_cat","embeddable":true,"href":"https:\/\/ofertacular.com\/index.php\/wp-json\/wp\/v2\/product_cat?post=10715"},{"taxonomy":"product_tag","embeddable":true,"href":"https:\/\/ofertacular.com\/index.php\/wp-json\/wp\/v2\/product_tag?post=10715"}],"curies":[{"name":"wp","href":"https:\/\/api.w.org\/{rel}","templated":true}]}}