{"id":10719,"date":"2026-01-08T19:31:31","date_gmt":"2026-01-08T18:31:31","guid":{"rendered":"https:\/\/ofertacular.com\/index.php\/producto\/bolsa-viaje\/"},"modified":"2026-01-08T19:31:31","modified_gmt":"2026-01-08T18:31:31","slug":"bolsa-viaje","status":"publish","type":"product","link":"https:\/\/ofertacular.com\/index.php\/producto\/bolsa-viaje\/","title":{"rendered":"Bolsa Viaje"},"content":{"rendered":"<div class=\"oferta-container\">\n<p>\ud83d\udfe5 <b>\u00a1GANGAZO!<\/b> \ud83d\udfe5 #Publicidad #Amazon #16<\/p>\n<p>\ud83d\udd34 <b>Bolsa Viaje <\/b><\/p>\n<p>\u2705 <b>AHORA 0.3 \u20ac<\/b> \u2714\ufe0f\ud83d\udfe1<\/p>\n<p>\u274c Antes <\/p>\n<p>\ud83d\uded2: <a href=\"https:\/\/btz.es\/5hJOaup\" target=\"_blank\" rel=\"nofollow noopener\">https:\/\/btz.es\/5hJOaup<\/a><\/p>\n<p>Descubre la bolsa de viaje perfecta para tus aventuras con nuestra selecci\u00f3n de alta calidad y durabilidad. Dise\u00f1ada para ofrecer comodidad, estilo y funcionalidad, esta bolsa te acompa\u00f1a en cada escapada, facilitando el transporte de tus pertenencias esenciales. Ideal para todo tipo de viajeros, combina materiales resistentes con un dise\u00f1o moderno para garantizar resistencia y practicidad. Optimizada para quienes buscan una soluci\u00f3n confiable y elegante en equipaje, asegurando una experiencia de viaje sin contratiempos.<\/p>\n<\/p><\/div>\n","protected":false},"excerpt":{"rendered":"<p>\ud83d\udfe5 \u00a1GANGAZO! \ud83d\udfe5 #Publicidad #Amazon #16 \ud83d\udd34 Bolsa Viaje \u2705 AHORA 0.3 \u20ac \u2714\ufe0f\ud83d\udfe1 \u274c Antes \ud83d\uded2: https:\/\/btz.es\/5hJOaup Descubre la bolsa de viaje perfecta para tus aventuras con nuestra selecci\u00f3n de alta calidad y durabilidad. Dise\u00f1ada para ofrecer comodidad, estilo y funcionalidad, esta bolsa te acompa\u00f1a en cada escapada, facilitando el transporte de tus pertenencias [&hellip;]<\/p>\n","protected":false},"featured_media":10718,"template":"","meta":{"_gspb_post_css":""},"store":[],"product_brand":[],"product_cat":[16],"product_tag":[],"class_list":{"0":"post-10719","1":"product","2":"type-product","3":"status-publish","4":"has-post-thumbnail","6":"product_cat-sin-categorizar","8":"first","9":"instock","10":"shipping-taxable","11":"product-type-external"},"jetpack_sharing_enabled":true,"_links":{"self":[{"href":"https:\/\/ofertacular.com\/index.php\/wp-json\/wp\/v2\/product\/10719","targetHints":{"allow":["GET"]}}],"collection":[{"href":"https:\/\/ofertacular.com\/index.php\/wp-json\/wp\/v2\/product"}],"about":[{"href":"https:\/\/ofertacular.com\/index.php\/wp-json\/wp\/v2\/types\/product"}],"wp:featuredmedia":[{"embeddable":true,"href":"https:\/\/ofertacular.com\/index.php\/wp-json\/wp\/v2\/media\/10718"}],"wp:attachment":[{"href":"https:\/\/ofertacular.com\/index.php\/wp-json\/wp\/v2\/media?parent=10719"}],"wp:term":[{"taxonomy":"store","embeddable":true,"href":"https:\/\/ofertacular.com\/index.php\/wp-json\/wp\/v2\/store?post=10719"},{"taxonomy":"product_brand","embeddable":true,"href":"https:\/\/ofertacular.com\/index.php\/wp-json\/wp\/v2\/product_brand?post=10719"},{"taxonomy":"product_cat","embeddable":true,"href":"https:\/\/ofertacular.com\/index.php\/wp-json\/wp\/v2\/product_cat?post=10719"},{"taxonomy":"product_tag","embeddable":true,"href":"https:\/\/ofertacular.com\/index.php\/wp-json\/wp\/v2\/product_tag?post=10719"}],"curies":[{"name":"wp","href":"https:\/\/api.w.org\/{rel}","templated":true}]}}