{"id":10737,"date":"2026-01-09T08:27:36","date_gmt":"2026-01-09T07:27:36","guid":{"rendered":"https:\/\/ofertacular.com\/index.php\/producto\/mahou-lager-3\/"},"modified":"2026-01-09T08:27:36","modified_gmt":"2026-01-09T07:27:36","slug":"mahou-lager-3","status":"publish","type":"product","link":"https:\/\/ofertacular.com\/index.php\/producto\/mahou-lager-3\/","title":{"rendered":"Mahou Lager"},"content":{"rendered":"<div class=\"oferta-container\">\n<p>\ud83d\udfe5 <b>\u00a1DESCUENTO \u00daNICO!<\/b> \ud83d\udfe5 #Publicidad #Amazon #16<\/p>\n<p>\ud83d\udd34 <b>Cerveza Lager <\/b><\/p>\n<p>\u2705 <b>AHORA 11.73 \u20ac<\/b> \u2714\ufe0f\ud83d\udfe1<\/p>\n<p>\u274c Antes 13.68 \u20ac<\/p>\n<p>\ud83d\uded2: <a href=\"https:\/\/btz.es\/5hMXygf\" target=\"_blank\" rel=\"nofollow noopener\">https:\/\/btz.es\/5hMXygf<\/a><\/p>\n<p>Disfruta del aut\u00e9ntico sabor de Mahou Lager, una cerveza lager premium reconocida por su calidad y frescura. Perfecta para cualquier ocasi\u00f3n, Mahou Lager combina tradici\u00f3n y sabor en cada sorbo, ofreciendo una experiencia refrescante y equilibrada que la convierte en la elecci\u00f3n favorita en el mercado cervecero. Descubre por qu\u00e9 Mahou Lager es la cerveza ideal para acompa\u00f1ar tus momentos de relax y celebraci\u00f3n.<\/p>\n<\/p><\/div>\n","protected":false},"excerpt":{"rendered":"<p>\ud83d\udfe5 \u00a1DESCUENTO \u00daNICO! \ud83d\udfe5 #Publicidad #Amazon #16 \ud83d\udd34 Cerveza Lager \u2705 AHORA 11.73 \u20ac \u2714\ufe0f\ud83d\udfe1 \u274c Antes 13.68 \u20ac \ud83d\uded2: https:\/\/btz.es\/5hMXygf Disfruta del aut\u00e9ntico sabor de Mahou Lager, una cerveza lager premium reconocida por su calidad y frescura. Perfecta para cualquier ocasi\u00f3n, Mahou Lager combina tradici\u00f3n y sabor en cada sorbo, ofreciendo una experiencia refrescante [&hellip;]<\/p>\n","protected":false},"featured_media":10736,"template":"","meta":{"_gspb_post_css":""},"store":[],"product_brand":[],"product_cat":[16],"product_tag":[],"class_list":{"0":"post-10737","1":"product","2":"type-product","3":"status-publish","4":"has-post-thumbnail","6":"product_cat-sin-categorizar","8":"first","9":"instock","10":"sale","11":"shipping-taxable","12":"product-type-external"},"jetpack_sharing_enabled":true,"_links":{"self":[{"href":"https:\/\/ofertacular.com\/index.php\/wp-json\/wp\/v2\/product\/10737","targetHints":{"allow":["GET"]}}],"collection":[{"href":"https:\/\/ofertacular.com\/index.php\/wp-json\/wp\/v2\/product"}],"about":[{"href":"https:\/\/ofertacular.com\/index.php\/wp-json\/wp\/v2\/types\/product"}],"wp:featuredmedia":[{"embeddable":true,"href":"https:\/\/ofertacular.com\/index.php\/wp-json\/wp\/v2\/media\/10736"}],"wp:attachment":[{"href":"https:\/\/ofertacular.com\/index.php\/wp-json\/wp\/v2\/media?parent=10737"}],"wp:term":[{"taxonomy":"store","embeddable":true,"href":"https:\/\/ofertacular.com\/index.php\/wp-json\/wp\/v2\/store?post=10737"},{"taxonomy":"product_brand","embeddable":true,"href":"https:\/\/ofertacular.com\/index.php\/wp-json\/wp\/v2\/product_brand?post=10737"},{"taxonomy":"product_cat","embeddable":true,"href":"https:\/\/ofertacular.com\/index.php\/wp-json\/wp\/v2\/product_cat?post=10737"},{"taxonomy":"product_tag","embeddable":true,"href":"https:\/\/ofertacular.com\/index.php\/wp-json\/wp\/v2\/product_tag?post=10737"}],"curies":[{"name":"wp","href":"https:\/\/api.w.org\/{rel}","templated":true}]}}