{"id":10741,"date":"2026-01-09T08:34:48","date_gmt":"2026-01-09T07:34:48","guid":{"rendered":"https:\/\/ofertacular.com\/index.php\/producto\/camiseta-v\/"},"modified":"2026-01-09T08:34:48","modified_gmt":"2026-01-09T07:34:48","slug":"camiseta-v","status":"publish","type":"product","link":"https:\/\/ofertacular.com\/index.php\/producto\/camiseta-v\/","title":{"rendered":"Camiseta V"},"content":{"rendered":"<div class=\"oferta-container\">\n<p>\ud83d\udfe5 <b>INCRE\u00cdBLE<\/b> \ud83d\udfe5 #Publicidad #Amazon #16<\/p>\n<p>\ud83d\udd34 <b>Camiseta V <\/b><\/p>\n<p>\u2705 <b>AHORA 0.36 \u20ac<\/b> \u2714\ufe0f\ud83d\udfe1<\/p>\n<p>\u274c Antes <\/p>\n<p>\ud83d\uded2: <a href=\"https:\/\/btz.es\/5hMZlVY\" target=\"_blank\" rel=\"nofollow noopener\">https:\/\/btz.es\/5hMZlVY<\/a><\/p>\n<p>Descubre la comodidad y estilo de nuestra camiseta V, perfecta para cualquier ocasi\u00f3n casual. Fabricada con materiales de alta calidad que garantizan durabilidad y un ajuste c\u00f3modo durante todo el d\u00eda. Ideal para combinar con tus prendas favoritas y destacar con un look moderno y fresco. Optimizada para quienes buscan moda y funcionalidad en una sola prenda.<\/p>\n<\/p><\/div>\n","protected":false},"excerpt":{"rendered":"<p>\ud83d\udfe5 INCRE\u00cdBLE \ud83d\udfe5 #Publicidad #Amazon #16 \ud83d\udd34 Camiseta V \u2705 AHORA 0.36 \u20ac \u2714\ufe0f\ud83d\udfe1 \u274c Antes \ud83d\uded2: https:\/\/btz.es\/5hMZlVY Descubre la comodidad y estilo de nuestra camiseta V, perfecta para cualquier ocasi\u00f3n casual. Fabricada con materiales de alta calidad que garantizan durabilidad y un ajuste c\u00f3modo durante todo el d\u00eda. Ideal para combinar con tus prendas [&hellip;]<\/p>\n","protected":false},"featured_media":10740,"template":"","meta":{"_gspb_post_css":""},"store":[],"product_brand":[],"product_cat":[16],"product_tag":[],"class_list":{"0":"post-10741","1":"product","2":"type-product","3":"status-publish","4":"has-post-thumbnail","6":"product_cat-sin-categorizar","8":"first","9":"instock","10":"shipping-taxable","11":"product-type-external"},"jetpack_sharing_enabled":true,"_links":{"self":[{"href":"https:\/\/ofertacular.com\/index.php\/wp-json\/wp\/v2\/product\/10741","targetHints":{"allow":["GET"]}}],"collection":[{"href":"https:\/\/ofertacular.com\/index.php\/wp-json\/wp\/v2\/product"}],"about":[{"href":"https:\/\/ofertacular.com\/index.php\/wp-json\/wp\/v2\/types\/product"}],"wp:featuredmedia":[{"embeddable":true,"href":"https:\/\/ofertacular.com\/index.php\/wp-json\/wp\/v2\/media\/10740"}],"wp:attachment":[{"href":"https:\/\/ofertacular.com\/index.php\/wp-json\/wp\/v2\/media?parent=10741"}],"wp:term":[{"taxonomy":"store","embeddable":true,"href":"https:\/\/ofertacular.com\/index.php\/wp-json\/wp\/v2\/store?post=10741"},{"taxonomy":"product_brand","embeddable":true,"href":"https:\/\/ofertacular.com\/index.php\/wp-json\/wp\/v2\/product_brand?post=10741"},{"taxonomy":"product_cat","embeddable":true,"href":"https:\/\/ofertacular.com\/index.php\/wp-json\/wp\/v2\/product_cat?post=10741"},{"taxonomy":"product_tag","embeddable":true,"href":"https:\/\/ofertacular.com\/index.php\/wp-json\/wp\/v2\/product_tag?post=10741"}],"curies":[{"name":"wp","href":"https:\/\/api.w.org\/{rel}","templated":true}]}}