{"id":10747,"date":"2026-01-09T10:24:57","date_gmt":"2026-01-09T09:24:57","guid":{"rendered":"https:\/\/ofertacular.com\/index.php\/producto\/cecotec-cortapelos\/"},"modified":"2026-01-09T10:24:57","modified_gmt":"2026-01-09T09:24:57","slug":"cecotec-cortapelos","status":"publish","type":"product","link":"https:\/\/ofertacular.com\/index.php\/producto\/cecotec-cortapelos\/","title":{"rendered":"Cecotec Cortapelos"},"content":{"rendered":"<div class=\"oferta-container\">\n<p>\ud83d\udfe5 <b>\u00a1APROVECHA!<\/b> \ud83d\udfe5 #Publicidad #Amazon #16<\/p>\n<p>\ud83d\udd34 <b>Cortapelos Cecotec <\/b><\/p>\n<p>\u2705 <b>AHORA 22.9 \u20ac<\/b> \u2714\ufe0f\ud83d\udfe1<\/p>\n<p>\u274c Antes 24.90 \u20ac<\/p>\n<p>\ud83d\uded2: <a href=\"https:\/\/btz.es\/5hN0Vrk\" target=\"_blank\" rel=\"nofollow noopener\">https:\/\/btz.es\/5hN0Vrk<\/a><\/p>\n<p>Descubre el cortapelos Cecotec, dise\u00f1ado para ofrecer cortes precisos y profesionales en la comodidad de tu hogar. Este dispositivo cuenta con tecnolog\u00eda avanzada que garantiza un rendimiento \u00f3ptimo y duradero, ideal para todo tipo de cabello. Su dise\u00f1o ergon\u00f3mico y f\u00e1cil manejo hacen del corte una experiencia r\u00e1pida y sencilla. Perfecto para adaptarse a tus necesidades de estilo, el cortapelos Cecotec es tu aliado esencial en el cuidado personal. Aprovecha la mejor relaci\u00f3n calidad-precio con esta herramienta imprescindible para el arreglo personal.<\/p>\n<\/p><\/div>\n","protected":false},"excerpt":{"rendered":"<p>\ud83d\udfe5 \u00a1APROVECHA! \ud83d\udfe5 #Publicidad #Amazon #16 \ud83d\udd34 Cortapelos Cecotec \u2705 AHORA 22.9 \u20ac \u2714\ufe0f\ud83d\udfe1 \u274c Antes 24.90 \u20ac \ud83d\uded2: https:\/\/btz.es\/5hN0Vrk Descubre el cortapelos Cecotec, dise\u00f1ado para ofrecer cortes precisos y profesionales en la comodidad de tu hogar. Este dispositivo cuenta con tecnolog\u00eda avanzada que garantiza un rendimiento \u00f3ptimo y duradero, ideal para todo tipo de [&hellip;]<\/p>\n","protected":false},"featured_media":10746,"template":"","meta":{"_gspb_post_css":""},"store":[],"product_brand":[],"product_cat":[16],"product_tag":[],"class_list":{"0":"post-10747","1":"product","2":"type-product","3":"status-publish","4":"has-post-thumbnail","6":"product_cat-sin-categorizar","8":"first","9":"instock","10":"sale","11":"shipping-taxable","12":"product-type-external"},"jetpack_sharing_enabled":true,"_links":{"self":[{"href":"https:\/\/ofertacular.com\/index.php\/wp-json\/wp\/v2\/product\/10747","targetHints":{"allow":["GET"]}}],"collection":[{"href":"https:\/\/ofertacular.com\/index.php\/wp-json\/wp\/v2\/product"}],"about":[{"href":"https:\/\/ofertacular.com\/index.php\/wp-json\/wp\/v2\/types\/product"}],"wp:featuredmedia":[{"embeddable":true,"href":"https:\/\/ofertacular.com\/index.php\/wp-json\/wp\/v2\/media\/10746"}],"wp:attachment":[{"href":"https:\/\/ofertacular.com\/index.php\/wp-json\/wp\/v2\/media?parent=10747"}],"wp:term":[{"taxonomy":"store","embeddable":true,"href":"https:\/\/ofertacular.com\/index.php\/wp-json\/wp\/v2\/store?post=10747"},{"taxonomy":"product_brand","embeddable":true,"href":"https:\/\/ofertacular.com\/index.php\/wp-json\/wp\/v2\/product_brand?post=10747"},{"taxonomy":"product_cat","embeddable":true,"href":"https:\/\/ofertacular.com\/index.php\/wp-json\/wp\/v2\/product_cat?post=10747"},{"taxonomy":"product_tag","embeddable":true,"href":"https:\/\/ofertacular.com\/index.php\/wp-json\/wp\/v2\/product_tag?post=10747"}],"curies":[{"name":"wp","href":"https:\/\/api.w.org\/{rel}","templated":true}]}}