{"id":10749,"date":"2026-01-09T10:31:43","date_gmt":"2026-01-09T09:31:43","guid":{"rendered":"https:\/\/ofertacular.com\/index.php\/producto\/bragas-sin-costuras\/"},"modified":"2026-01-09T10:31:43","modified_gmt":"2026-01-09T09:31:43","slug":"bragas-sin-costuras","status":"publish","type":"product","link":"https:\/\/ofertacular.com\/index.php\/producto\/bragas-sin-costuras\/","title":{"rendered":"Bragas Sin Costuras"},"content":{"rendered":"<div class=\"oferta-container\">\n<p>\ud83d\udfe5 <b>CHOLLAZO<\/b> \ud83d\udfe5 #Publicidad #Amazon #16<\/p>\n<p>\ud83d\udd34 <b>Bragas Mujer <\/b><\/p>\n<p>\u2705 <b>AHORA 0.24 \u20ac<\/b> \u2714\ufe0f\ud83d\udfe1<\/p>\n<p>\u274c Antes <\/p>\n<p>\ud83d\uded2: <a href=\"https:\/\/btz.es\/5hN2Dij\" target=\"_blank\" rel=\"nofollow noopener\">https:\/\/btz.es\/5hN2Dij<\/a><\/p>\n<p>Descubre la comodidad y elegancia de nuestras bragas sin costuras, dise\u00f1adas para ofrecer un ajuste perfecto y una sensaci\u00f3n suave durante todo el d\u00eda. Fabricadas con materiales de alta calidad que garantizan transpirabilidad y durabilidad, son ideales para uso diario o ocasiones especiales. Optimiza tu armario con esta prenda esencial que combina funcionalidad y estilo, disponible en varios colores y tallas para adaptarse a ti. Mejora tu bienestar con la mejor selecci\u00f3n de ropa interior femenina sin costuras, la opci\u00f3n preferida por mujeres exigentes que buscan confort sin sacrificar est\u00e9tica.<\/p>\n<\/p><\/div>\n","protected":false},"excerpt":{"rendered":"<p>\ud83d\udfe5 CHOLLAZO \ud83d\udfe5 #Publicidad #Amazon #16 \ud83d\udd34 Bragas Mujer \u2705 AHORA 0.24 \u20ac \u2714\ufe0f\ud83d\udfe1 \u274c Antes \ud83d\uded2: https:\/\/btz.es\/5hN2Dij Descubre la comodidad y elegancia de nuestras bragas sin costuras, dise\u00f1adas para ofrecer un ajuste perfecto y una sensaci\u00f3n suave durante todo el d\u00eda. Fabricadas con materiales de alta calidad que garantizan transpirabilidad y durabilidad, son ideales [&hellip;]<\/p>\n","protected":false},"featured_media":10748,"template":"","meta":{"_gspb_post_css":""},"store":[],"product_brand":[],"product_cat":[16],"product_tag":[],"class_list":{"0":"post-10749","1":"product","2":"type-product","3":"status-publish","4":"has-post-thumbnail","6":"product_cat-sin-categorizar","8":"first","9":"instock","10":"shipping-taxable","11":"product-type-external"},"jetpack_sharing_enabled":true,"_links":{"self":[{"href":"https:\/\/ofertacular.com\/index.php\/wp-json\/wp\/v2\/product\/10749","targetHints":{"allow":["GET"]}}],"collection":[{"href":"https:\/\/ofertacular.com\/index.php\/wp-json\/wp\/v2\/product"}],"about":[{"href":"https:\/\/ofertacular.com\/index.php\/wp-json\/wp\/v2\/types\/product"}],"wp:featuredmedia":[{"embeddable":true,"href":"https:\/\/ofertacular.com\/index.php\/wp-json\/wp\/v2\/media\/10748"}],"wp:attachment":[{"href":"https:\/\/ofertacular.com\/index.php\/wp-json\/wp\/v2\/media?parent=10749"}],"wp:term":[{"taxonomy":"store","embeddable":true,"href":"https:\/\/ofertacular.com\/index.php\/wp-json\/wp\/v2\/store?post=10749"},{"taxonomy":"product_brand","embeddable":true,"href":"https:\/\/ofertacular.com\/index.php\/wp-json\/wp\/v2\/product_brand?post=10749"},{"taxonomy":"product_cat","embeddable":true,"href":"https:\/\/ofertacular.com\/index.php\/wp-json\/wp\/v2\/product_cat?post=10749"},{"taxonomy":"product_tag","embeddable":true,"href":"https:\/\/ofertacular.com\/index.php\/wp-json\/wp\/v2\/product_tag?post=10749"}],"curies":[{"name":"wp","href":"https:\/\/api.w.org\/{rel}","templated":true}]}}