{"id":10751,"date":"2026-01-09T10:51:21","date_gmt":"2026-01-09T09:51:21","guid":{"rendered":"https:\/\/ofertacular.com\/index.php\/producto\/moulinex-blendeo\/"},"modified":"2026-01-09T10:51:21","modified_gmt":"2026-01-09T09:51:21","slug":"moulinex-blendeo","status":"publish","type":"product","link":"https:\/\/ofertacular.com\/index.php\/producto\/moulinex-blendeo\/","title":{"rendered":"Moulinex Blendeo"},"content":{"rendered":"<div class=\"oferta-container\">\n<p>\ud83d\udfe5 <b>UNA GANGA<\/b> \ud83d\udfe5 #Publicidad #Amazon #16<\/p>\n<p>\ud83d\udd34 <b>Licuadora Moulinex <\/b><\/p>\n<p>\u2705 <b>AHORA 29.99 \u20ac<\/b> \u2714\ufe0f\ud83d\udfe1<\/p>\n<p>\u274c Antes 39.99 \u20ac<\/p>\n<p>\ud83d\uded2: <a href=\"https:\/\/btz.es\/5hN794S\" target=\"_blank\" rel=\"nofollow noopener\">https:\/\/btz.es\/5hN794S<\/a><\/p>\n<p>Descubre la potente y eficiente licuadora Moulinex Blendeo, dise\u00f1ada para ofrecer resultados perfectos en cada preparaci\u00f3n. Ideal para smoothies, sopas, y batidos, esta licuadora combina tecnolog\u00eda avanzada y facilidad de uso para transformar tu experiencia en la cocina. Su dise\u00f1o moderno y funcionalidad optimizada garantizan durabilidad y rendimiento excepcional. Aprovecha la calidad y fiabilidad de Moulinex en tu hogar para una alimentaci\u00f3n saludable y r\u00e1pida.<\/p>\n<\/p><\/div>\n","protected":false},"excerpt":{"rendered":"<p>\ud83d\udfe5 UNA GANGA \ud83d\udfe5 #Publicidad #Amazon #16 \ud83d\udd34 Licuadora Moulinex \u2705 AHORA 29.99 \u20ac \u2714\ufe0f\ud83d\udfe1 \u274c Antes 39.99 \u20ac \ud83d\uded2: https:\/\/btz.es\/5hN794S Descubre la potente y eficiente licuadora Moulinex Blendeo, dise\u00f1ada para ofrecer resultados perfectos en cada preparaci\u00f3n. Ideal para smoothies, sopas, y batidos, esta licuadora combina tecnolog\u00eda avanzada y facilidad de uso para transformar tu [&hellip;]<\/p>\n","protected":false},"featured_media":10750,"template":"","meta":{"_gspb_post_css":""},"store":[],"product_brand":[],"product_cat":[16],"product_tag":[],"class_list":{"0":"post-10751","1":"product","2":"type-product","3":"status-publish","4":"has-post-thumbnail","6":"product_cat-sin-categorizar","8":"first","9":"instock","10":"sale","11":"shipping-taxable","12":"product-type-external"},"jetpack_sharing_enabled":true,"_links":{"self":[{"href":"https:\/\/ofertacular.com\/index.php\/wp-json\/wp\/v2\/product\/10751","targetHints":{"allow":["GET"]}}],"collection":[{"href":"https:\/\/ofertacular.com\/index.php\/wp-json\/wp\/v2\/product"}],"about":[{"href":"https:\/\/ofertacular.com\/index.php\/wp-json\/wp\/v2\/types\/product"}],"wp:featuredmedia":[{"embeddable":true,"href":"https:\/\/ofertacular.com\/index.php\/wp-json\/wp\/v2\/media\/10750"}],"wp:attachment":[{"href":"https:\/\/ofertacular.com\/index.php\/wp-json\/wp\/v2\/media?parent=10751"}],"wp:term":[{"taxonomy":"store","embeddable":true,"href":"https:\/\/ofertacular.com\/index.php\/wp-json\/wp\/v2\/store?post=10751"},{"taxonomy":"product_brand","embeddable":true,"href":"https:\/\/ofertacular.com\/index.php\/wp-json\/wp\/v2\/product_brand?post=10751"},{"taxonomy":"product_cat","embeddable":true,"href":"https:\/\/ofertacular.com\/index.php\/wp-json\/wp\/v2\/product_cat?post=10751"},{"taxonomy":"product_tag","embeddable":true,"href":"https:\/\/ofertacular.com\/index.php\/wp-json\/wp\/v2\/product_tag?post=10751"}],"curies":[{"name":"wp","href":"https:\/\/api.w.org\/{rel}","templated":true}]}}