{"id":10773,"date":"2026-01-10T09:20:24","date_gmt":"2026-01-10T08:20:24","guid":{"rendered":"https:\/\/ofertacular.com\/index.php\/producto\/1005008678754487-2\/"},"modified":"2026-01-10T09:20:24","modified_gmt":"2026-01-10T08:20:24","slug":"1005008678754487-2","status":"publish","type":"product","link":"https:\/\/ofertacular.com\/index.php\/producto\/1005008678754487-2\/","title":{"rendered":"Fiambrera el\u00e9ctrica"},"content":{"rendered":"<div class=\"oferta-container\">\n<p>\ud83d\udfe5 <b>REBAJA<\/b> \ud83d\udfe5 #Publicidad #Amazon #<\/p>\n<p>\ud83d\udd34 <b>Fiambrera El\u00e9ctrica <\/b><\/p>\n<p>\u2705 <b>AHORA 14.38\u20ac \u20ac<\/b> \u2714\ufe0f\ud83d\udfe1<\/p>\n<p>\u274c Antes 48.98 \u20ac<\/p>\n<p>\ud83d\uded2: <a href=\"https:\/\/btz.es\/5hTblsb\" target=\"_blank\" rel=\"nofollow noopener\">https:\/\/btz.es\/5hTblsb<\/a><\/p>\n<p>Fiambrera el\u00e9ctrica Laica para mantener tus alimentos calientes y frescos en cualquier lugar. Ideal para llevar al trabajo, escuela o viajes, esta fiambrera port\u00e1til y pr\u00e1ctica ofrece una cocci\u00f3n r\u00e1pida y segura. Con materiales de alta calidad y dise\u00f1o compacto, garantiza una experiencia culinaria eficiente y c\u00f3moda. Disfruta de comidas caseras sin renunciar al sabor y la temperatura adecuada gracias a Laica.<\/p>\n<\/p><\/div>\n","protected":false},"excerpt":{"rendered":"<p>\ud83d\udfe5 REBAJA \ud83d\udfe5 #Publicidad #Amazon # \ud83d\udd34 Fiambrera El\u00e9ctrica \u2705 AHORA 14.38\u20ac \u20ac \u2714\ufe0f\ud83d\udfe1 \u274c Antes 48.98 \u20ac \ud83d\uded2: https:\/\/btz.es\/5hTblsb Fiambrera el\u00e9ctrica Laica para mantener tus alimentos calientes y frescos en cualquier lugar. Ideal para llevar al trabajo, escuela o viajes, esta fiambrera port\u00e1til y pr\u00e1ctica ofrece una cocci\u00f3n r\u00e1pida y segura. Con materiales de [&hellip;]<\/p>\n","protected":false},"featured_media":10772,"template":"","meta":{"_gspb_post_css":""},"store":[],"product_brand":[],"product_cat":[16],"product_tag":[],"class_list":{"0":"post-10773","1":"product","2":"type-product","3":"status-publish","4":"has-post-thumbnail","6":"product_cat-sin-categorizar","8":"first","9":"instock","10":"shipping-taxable","11":"product-type-external"},"jetpack_sharing_enabled":true,"_links":{"self":[{"href":"https:\/\/ofertacular.com\/index.php\/wp-json\/wp\/v2\/product\/10773","targetHints":{"allow":["GET"]}}],"collection":[{"href":"https:\/\/ofertacular.com\/index.php\/wp-json\/wp\/v2\/product"}],"about":[{"href":"https:\/\/ofertacular.com\/index.php\/wp-json\/wp\/v2\/types\/product"}],"wp:featuredmedia":[{"embeddable":true,"href":"https:\/\/ofertacular.com\/index.php\/wp-json\/wp\/v2\/media\/10772"}],"wp:attachment":[{"href":"https:\/\/ofertacular.com\/index.php\/wp-json\/wp\/v2\/media?parent=10773"}],"wp:term":[{"taxonomy":"store","embeddable":true,"href":"https:\/\/ofertacular.com\/index.php\/wp-json\/wp\/v2\/store?post=10773"},{"taxonomy":"product_brand","embeddable":true,"href":"https:\/\/ofertacular.com\/index.php\/wp-json\/wp\/v2\/product_brand?post=10773"},{"taxonomy":"product_cat","embeddable":true,"href":"https:\/\/ofertacular.com\/index.php\/wp-json\/wp\/v2\/product_cat?post=10773"},{"taxonomy":"product_tag","embeddable":true,"href":"https:\/\/ofertacular.com\/index.php\/wp-json\/wp\/v2\/product_tag?post=10773"}],"curies":[{"name":"wp","href":"https:\/\/api.w.org\/{rel}","templated":true}]}}