{"id":10785,"date":"2026-01-12T10:35:28","date_gmt":"2026-01-12T09:35:28","guid":{"rendered":"https:\/\/ofertacular.com\/index.php\/producto\/conga-m50\/"},"modified":"2026-01-12T10:35:28","modified_gmt":"2026-01-12T09:35:28","slug":"conga-m50","status":"publish","type":"product","link":"https:\/\/ofertacular.com\/index.php\/producto\/conga-m50\/","title":{"rendered":"Conga M50"},"content":{"rendered":"<div class=\"oferta-container\">\n<p>\ud83d\udfe5 <b>DATE PRISA<\/b> \ud83d\udfe5 #Publicidad #Amazon #16<\/p>\n<p>\ud83d\udd34 <b>Robot Aspirador <\/b><\/p>\n<p>\u2705 <b>AHORA 90.08 \u20ac<\/b> \u2714\ufe0f\ud83d\udfe1<\/p>\n<p>\u274c Antes 214.90 \u20ac<\/p>\n<p>\ud83d\uded2: <a href=\"https:\/\/btz.es\/5ifbj4b\" target=\"_blank\" rel=\"nofollow noopener\">https:\/\/btz.es\/5ifbj4b<\/a><\/p>\n<p>Descubre el Robot Aspirador Conga M50, la soluci\u00f3n inteligente para mantener tu hogar limpio con m\u00e1xima eficiencia. Equipado con tecnolog\u00eda avanzada de navegaci\u00f3n y succi\u00f3n potente, el Conga M50 garantiza una limpieza profunda en todo tipo de superficies. Optimiza tu tiempo y disfruta de un entorno impecable gracias a sus funciones automatizadas y conectividad inteligente. Ideal para hogares modernos que buscan confort y tecnolog\u00eda de punta.<\/p>\n<\/p><\/div>\n","protected":false},"excerpt":{"rendered":"<p>\ud83d\udfe5 DATE PRISA \ud83d\udfe5 #Publicidad #Amazon #16 \ud83d\udd34 Robot Aspirador \u2705 AHORA 90.08 \u20ac \u2714\ufe0f\ud83d\udfe1 \u274c Antes 214.90 \u20ac \ud83d\uded2: https:\/\/btz.es\/5ifbj4b Descubre el Robot Aspirador Conga M50, la soluci\u00f3n inteligente para mantener tu hogar limpio con m\u00e1xima eficiencia. Equipado con tecnolog\u00eda avanzada de navegaci\u00f3n y succi\u00f3n potente, el Conga M50 garantiza una limpieza profunda en [&hellip;]<\/p>\n","protected":false},"featured_media":10784,"template":"","meta":{"_gspb_post_css":""},"store":[],"product_brand":[],"product_cat":[16],"product_tag":[],"class_list":{"0":"post-10785","1":"product","2":"type-product","3":"status-publish","4":"has-post-thumbnail","6":"product_cat-sin-categorizar","8":"first","9":"instock","10":"sale","11":"shipping-taxable","12":"product-type-external"},"jetpack_sharing_enabled":true,"_links":{"self":[{"href":"https:\/\/ofertacular.com\/index.php\/wp-json\/wp\/v2\/product\/10785","targetHints":{"allow":["GET"]}}],"collection":[{"href":"https:\/\/ofertacular.com\/index.php\/wp-json\/wp\/v2\/product"}],"about":[{"href":"https:\/\/ofertacular.com\/index.php\/wp-json\/wp\/v2\/types\/product"}],"wp:featuredmedia":[{"embeddable":true,"href":"https:\/\/ofertacular.com\/index.php\/wp-json\/wp\/v2\/media\/10784"}],"wp:attachment":[{"href":"https:\/\/ofertacular.com\/index.php\/wp-json\/wp\/v2\/media?parent=10785"}],"wp:term":[{"taxonomy":"store","embeddable":true,"href":"https:\/\/ofertacular.com\/index.php\/wp-json\/wp\/v2\/store?post=10785"},{"taxonomy":"product_brand","embeddable":true,"href":"https:\/\/ofertacular.com\/index.php\/wp-json\/wp\/v2\/product_brand?post=10785"},{"taxonomy":"product_cat","embeddable":true,"href":"https:\/\/ofertacular.com\/index.php\/wp-json\/wp\/v2\/product_cat?post=10785"},{"taxonomy":"product_tag","embeddable":true,"href":"https:\/\/ofertacular.com\/index.php\/wp-json\/wp\/v2\/product_tag?post=10785"}],"curies":[{"name":"wp","href":"https:\/\/api.w.org\/{rel}","templated":true}]}}