{"id":10791,"date":"2026-01-12T11:32:42","date_gmt":"2026-01-12T10:32:42","guid":{"rendered":"https:\/\/ofertacular.com\/index.php\/producto\/vina-albali-2\/"},"modified":"2026-01-12T11:32:42","modified_gmt":"2026-01-12T10:32:42","slug":"vina-albali-2","status":"publish","type":"product","link":"https:\/\/ofertacular.com\/index.php\/producto\/vina-albali-2\/","title":{"rendered":"Vi\u00f1a Albali"},"content":{"rendered":"<div class=\"oferta-container\">\n<p>\ud83d\udfe5 <b>\u00a1APROVECHA!<\/b> \ud83d\udfe5 #Publicidad #Amazon #16<\/p>\n<p>\ud83d\udd34 <b>Vino Albali <\/b><\/p>\n<p>\u2705 <b>AHORA 16.33 \u20ac<\/b> \u2714\ufe0f\ud83d\udfe1<\/p>\n<p>\u274c Antes 17.70 \u20ac<\/p>\n<p>\ud83d\uded2: <a href=\"https:\/\/btz.es\/5ifp88b\" target=\"_blank\" rel=\"nofollow noopener\">https:\/\/btz.es\/5ifp88b<\/a><\/p>\n<p>Descubre la elegancia y sabor excepcional de Vi\u00f1a Albali, un vino reconocido por su calidad superior y tradici\u00f3n en cada botella. Perfecto para acompa\u00f1ar tus momentos especiales, este vino ofrece un equilibrio perfecto entre frescura y cuerpo, elaborada con las mejores uvas seleccionadas cuidadosamente para garantizar una experiencia inolvidable. Ideal para maridar con carnes, quesos y platos gourmet, Vi\u00f1a Albali es la elecci\u00f3n preferida de los amantes del vino que buscan calidad y distinci\u00f3n.<\/p>\n<\/p><\/div>\n","protected":false},"excerpt":{"rendered":"<p>\ud83d\udfe5 \u00a1APROVECHA! \ud83d\udfe5 #Publicidad #Amazon #16 \ud83d\udd34 Vino Albali \u2705 AHORA 16.33 \u20ac \u2714\ufe0f\ud83d\udfe1 \u274c Antes 17.70 \u20ac \ud83d\uded2: https:\/\/btz.es\/5ifp88b Descubre la elegancia y sabor excepcional de Vi\u00f1a Albali, un vino reconocido por su calidad superior y tradici\u00f3n en cada botella. Perfecto para acompa\u00f1ar tus momentos especiales, este vino ofrece un equilibrio perfecto entre frescura [&hellip;]<\/p>\n","protected":false},"featured_media":10790,"template":"","meta":{"_gspb_post_css":""},"store":[],"product_brand":[],"product_cat":[16],"product_tag":[],"class_list":{"0":"post-10791","1":"product","2":"type-product","3":"status-publish","4":"has-post-thumbnail","6":"product_cat-sin-categorizar","8":"first","9":"instock","10":"sale","11":"shipping-taxable","12":"product-type-external"},"jetpack_sharing_enabled":true,"_links":{"self":[{"href":"https:\/\/ofertacular.com\/index.php\/wp-json\/wp\/v2\/product\/10791","targetHints":{"allow":["GET"]}}],"collection":[{"href":"https:\/\/ofertacular.com\/index.php\/wp-json\/wp\/v2\/product"}],"about":[{"href":"https:\/\/ofertacular.com\/index.php\/wp-json\/wp\/v2\/types\/product"}],"wp:featuredmedia":[{"embeddable":true,"href":"https:\/\/ofertacular.com\/index.php\/wp-json\/wp\/v2\/media\/10790"}],"wp:attachment":[{"href":"https:\/\/ofertacular.com\/index.php\/wp-json\/wp\/v2\/media?parent=10791"}],"wp:term":[{"taxonomy":"store","embeddable":true,"href":"https:\/\/ofertacular.com\/index.php\/wp-json\/wp\/v2\/store?post=10791"},{"taxonomy":"product_brand","embeddable":true,"href":"https:\/\/ofertacular.com\/index.php\/wp-json\/wp\/v2\/product_brand?post=10791"},{"taxonomy":"product_cat","embeddable":true,"href":"https:\/\/ofertacular.com\/index.php\/wp-json\/wp\/v2\/product_cat?post=10791"},{"taxonomy":"product_tag","embeddable":true,"href":"https:\/\/ofertacular.com\/index.php\/wp-json\/wp\/v2\/product_tag?post=10791"}],"curies":[{"name":"wp","href":"https:\/\/api.w.org\/{rel}","templated":true}]}}