{"id":10795,"date":"2026-01-12T11:34:27","date_gmt":"2026-01-12T10:34:27","guid":{"rendered":"https:\/\/ofertacular.com\/index.php\/producto\/mars-gaming-5\/"},"modified":"2026-01-12T11:34:27","modified_gmt":"2026-01-12T10:34:27","slug":"mars-gaming-5","status":"publish","type":"product","link":"https:\/\/ofertacular.com\/index.php\/producto\/mars-gaming-5\/","title":{"rendered":"Mars Gaming"},"content":{"rendered":"<div class=\"oferta-container\">\n<p>\ud83d\udfe5 <b>ES UN CHOLL\u00d3N<\/b> \ud83d\udfe5 #Publicidad #Amazon #16<\/p>\n<p>\ud83d\udd34 <b>Gaming PC <\/b><\/p>\n<p>\u2705 <b>AHORA 9.95 \u20ac<\/b> \u2714\ufe0f\ud83d\udfe1<\/p>\n<p>\u274c Antes 12.89 \u20ac<\/p>\n<p>\ud83d\uded2: <a href=\"https:\/\/btz.es\/5ifqamu\" target=\"_blank\" rel=\"nofollow noopener\">https:\/\/btz.es\/5ifqamu<\/a><\/p>\n<p>Descubre el poder del rendimiento con el PC de sobremesa Mars Gaming. Equipado con los componentes m\u00e1s avanzados, este equipo est\u00e1 dise\u00f1ado para ofrecer una experiencia de juego fluida y de alta calidad. Ideal para gamers exigentes que buscan potencia, velocidad y fiabilidad en cada partida. Optimiza tu setup con Mars Gaming y lleva tu juego al siguiente nivel.<\/p>\n<\/p><\/div>\n","protected":false},"excerpt":{"rendered":"<p>\ud83d\udfe5 ES UN CHOLL\u00d3N \ud83d\udfe5 #Publicidad #Amazon #16 \ud83d\udd34 Gaming PC \u2705 AHORA 9.95 \u20ac \u2714\ufe0f\ud83d\udfe1 \u274c Antes 12.89 \u20ac \ud83d\uded2: https:\/\/btz.es\/5ifqamu Descubre el poder del rendimiento con el PC de sobremesa Mars Gaming. Equipado con los componentes m\u00e1s avanzados, este equipo est\u00e1 dise\u00f1ado para ofrecer una experiencia de juego fluida y de alta calidad. [&hellip;]<\/p>\n","protected":false},"featured_media":10794,"template":"","meta":{"_gspb_post_css":""},"store":[],"product_brand":[],"product_cat":[16],"product_tag":[],"class_list":{"0":"post-10795","1":"product","2":"type-product","3":"status-publish","4":"has-post-thumbnail","6":"product_cat-sin-categorizar","8":"first","9":"instock","10":"sale","11":"shipping-taxable","12":"product-type-external"},"jetpack_sharing_enabled":true,"_links":{"self":[{"href":"https:\/\/ofertacular.com\/index.php\/wp-json\/wp\/v2\/product\/10795","targetHints":{"allow":["GET"]}}],"collection":[{"href":"https:\/\/ofertacular.com\/index.php\/wp-json\/wp\/v2\/product"}],"about":[{"href":"https:\/\/ofertacular.com\/index.php\/wp-json\/wp\/v2\/types\/product"}],"wp:featuredmedia":[{"embeddable":true,"href":"https:\/\/ofertacular.com\/index.php\/wp-json\/wp\/v2\/media\/10794"}],"wp:attachment":[{"href":"https:\/\/ofertacular.com\/index.php\/wp-json\/wp\/v2\/media?parent=10795"}],"wp:term":[{"taxonomy":"store","embeddable":true,"href":"https:\/\/ofertacular.com\/index.php\/wp-json\/wp\/v2\/store?post=10795"},{"taxonomy":"product_brand","embeddable":true,"href":"https:\/\/ofertacular.com\/index.php\/wp-json\/wp\/v2\/product_brand?post=10795"},{"taxonomy":"product_cat","embeddable":true,"href":"https:\/\/ofertacular.com\/index.php\/wp-json\/wp\/v2\/product_cat?post=10795"},{"taxonomy":"product_tag","embeddable":true,"href":"https:\/\/ofertacular.com\/index.php\/wp-json\/wp\/v2\/product_tag?post=10795"}],"curies":[{"name":"wp","href":"https:\/\/api.w.org\/{rel}","templated":true}]}}