{"id":10826,"date":"2026-01-13T10:09:21","date_gmt":"2026-01-13T09:09:21","guid":{"rendered":"https:\/\/ofertacular.com\/index.php\/producto\/cecotec-cortapelos-2\/"},"modified":"2026-01-13T10:09:21","modified_gmt":"2026-01-13T09:09:21","slug":"cecotec-cortapelos-2","status":"publish","type":"product","link":"https:\/\/ofertacular.com\/index.php\/producto\/cecotec-cortapelos-2\/","title":{"rendered":"Cecotec Cortapelos"},"content":{"rendered":"<div class=\"oferta-container\">\n<p>\ud83d\udfe5 <b>SUPER OFERTA<\/b> \ud83d\udfe5 #Publicidad #Amazon #16<\/p>\n<p>\ud83d\udd34 <b>Cortapelos <\/b><\/p>\n<p>\u2705 <b>AHORA 19 \u20ac<\/b> \u2714\ufe0f\ud83d\udfe1<\/p>\n<p>\u274c Antes 26.90 \u20ac<\/p>\n<p>\ud83d\uded2: <a href=\"https:\/\/btz.es\/5ikLgnY\" target=\"_blank\" rel=\"nofollow noopener\">https:\/\/btz.es\/5ikLgnY<\/a><\/p>\n<p>Descubre la precisi\u00f3n y comodidad del cortapelos Cecotec, dise\u00f1ado para ofrecer un corte profesional en la comodidad de tu hogar. Con tecnolog\u00eda avanzada y una estructura ergon\u00f3mica, este cortapelos garantiza resultados \u00f3ptimos para todo tipo de cabello. Ideal para uso personal y profesional, su dise\u00f1o compacto y f\u00e1cil limpieza lo convierten en el aliado perfecto para tu cuidado personal. Mejora tu estilo con Cecotec, la marca l\u00edder en innovaci\u00f3n y calidad en dispositivos de cuidado personal.<\/p>\n<\/p><\/div>\n","protected":false},"excerpt":{"rendered":"<p>\ud83d\udfe5 SUPER OFERTA \ud83d\udfe5 #Publicidad #Amazon #16 \ud83d\udd34 Cortapelos \u2705 AHORA 19 \u20ac \u2714\ufe0f\ud83d\udfe1 \u274c Antes 26.90 \u20ac \ud83d\uded2: https:\/\/btz.es\/5ikLgnY Descubre la precisi\u00f3n y comodidad del cortapelos Cecotec, dise\u00f1ado para ofrecer un corte profesional en la comodidad de tu hogar. Con tecnolog\u00eda avanzada y una estructura ergon\u00f3mica, este cortapelos garantiza resultados \u00f3ptimos para todo tipo [&hellip;]<\/p>\n","protected":false},"featured_media":10825,"template":"","meta":{"_gspb_post_css":""},"store":[],"product_brand":[],"product_cat":[16],"product_tag":[],"class_list":{"0":"post-10826","1":"product","2":"type-product","3":"status-publish","4":"has-post-thumbnail","6":"product_cat-sin-categorizar","8":"first","9":"instock","10":"sale","11":"shipping-taxable","12":"product-type-external"},"jetpack_sharing_enabled":true,"_links":{"self":[{"href":"https:\/\/ofertacular.com\/index.php\/wp-json\/wp\/v2\/product\/10826","targetHints":{"allow":["GET"]}}],"collection":[{"href":"https:\/\/ofertacular.com\/index.php\/wp-json\/wp\/v2\/product"}],"about":[{"href":"https:\/\/ofertacular.com\/index.php\/wp-json\/wp\/v2\/types\/product"}],"wp:featuredmedia":[{"embeddable":true,"href":"https:\/\/ofertacular.com\/index.php\/wp-json\/wp\/v2\/media\/10825"}],"wp:attachment":[{"href":"https:\/\/ofertacular.com\/index.php\/wp-json\/wp\/v2\/media?parent=10826"}],"wp:term":[{"taxonomy":"store","embeddable":true,"href":"https:\/\/ofertacular.com\/index.php\/wp-json\/wp\/v2\/store?post=10826"},{"taxonomy":"product_brand","embeddable":true,"href":"https:\/\/ofertacular.com\/index.php\/wp-json\/wp\/v2\/product_brand?post=10826"},{"taxonomy":"product_cat","embeddable":true,"href":"https:\/\/ofertacular.com\/index.php\/wp-json\/wp\/v2\/product_cat?post=10826"},{"taxonomy":"product_tag","embeddable":true,"href":"https:\/\/ofertacular.com\/index.php\/wp-json\/wp\/v2\/product_tag?post=10826"}],"curies":[{"name":"wp","href":"https:\/\/api.w.org\/{rel}","templated":true}]}}