{"id":10828,"date":"2026-01-13T10:11:21","date_gmt":"2026-01-13T09:11:21","guid":{"rendered":"https:\/\/ofertacular.com\/index.php\/producto\/kinderkraft-carseat\/"},"modified":"2026-01-13T10:11:21","modified_gmt":"2026-01-13T09:11:21","slug":"kinderkraft-carseat","status":"publish","type":"product","link":"https:\/\/ofertacular.com\/index.php\/producto\/kinderkraft-carseat\/","title":{"rendered":"Kinderkraft Carseat"},"content":{"rendered":"<div class=\"oferta-container\">\n<p>\ud83d\udfe5 <b>\u00a1OFERT\u00d3N!<\/b> \ud83d\udfe5 #Publicidad #Amazon #16<\/p>\n<p>\ud83d\udd34 <b>Carseat Kinderkraft <\/b><\/p>\n<p>\u2705 <b>AHORA 77.44 \u20ac<\/b> \u2714\ufe0f\ud83d\udfe1<\/p>\n<p>\u274c Antes 99.90 \u20ac<\/p>\n<p>\ud83d\uded2: <a href=\"https:\/\/btz.es\/5ikLBAX\" target=\"_blank\" rel=\"nofollow noopener\">https:\/\/btz.es\/5ikLBAX<\/a><\/p>\n<p>Descubre la seguridad y comodidad de la silla infantil Kinderkraft, dise\u00f1ada para ofrecer protecci\u00f3n \u00f3ptima en cada viaje. Fabricada con materiales de alta calidad y equipada con tecnolog\u00eda avanzada, garantiza un ajuste perfecto y f\u00e1cil instalaci\u00f3n. Ideal para padres que buscan confianza y estilo en la movilidad de sus peque\u00f1os. Compra ahora y asegura viajes tranquilos y seguros con Kinderkraft.<\/p>\n<\/p><\/div>\n","protected":false},"excerpt":{"rendered":"<p>\ud83d\udfe5 \u00a1OFERT\u00d3N! \ud83d\udfe5 #Publicidad #Amazon #16 \ud83d\udd34 Carseat Kinderkraft \u2705 AHORA 77.44 \u20ac \u2714\ufe0f\ud83d\udfe1 \u274c Antes 99.90 \u20ac \ud83d\uded2: https:\/\/btz.es\/5ikLBAX Descubre la seguridad y comodidad de la silla infantil Kinderkraft, dise\u00f1ada para ofrecer protecci\u00f3n \u00f3ptima en cada viaje. Fabricada con materiales de alta calidad y equipada con tecnolog\u00eda avanzada, garantiza un ajuste perfecto y f\u00e1cil [&hellip;]<\/p>\n","protected":false},"featured_media":10827,"template":"","meta":{"_gspb_post_css":""},"store":[],"product_brand":[],"product_cat":[16],"product_tag":[],"class_list":{"0":"post-10828","1":"product","2":"type-product","3":"status-publish","4":"has-post-thumbnail","6":"product_cat-sin-categorizar","8":"first","9":"instock","10":"sale","11":"shipping-taxable","12":"product-type-external"},"jetpack_sharing_enabled":true,"_links":{"self":[{"href":"https:\/\/ofertacular.com\/index.php\/wp-json\/wp\/v2\/product\/10828","targetHints":{"allow":["GET"]}}],"collection":[{"href":"https:\/\/ofertacular.com\/index.php\/wp-json\/wp\/v2\/product"}],"about":[{"href":"https:\/\/ofertacular.com\/index.php\/wp-json\/wp\/v2\/types\/product"}],"wp:featuredmedia":[{"embeddable":true,"href":"https:\/\/ofertacular.com\/index.php\/wp-json\/wp\/v2\/media\/10827"}],"wp:attachment":[{"href":"https:\/\/ofertacular.com\/index.php\/wp-json\/wp\/v2\/media?parent=10828"}],"wp:term":[{"taxonomy":"store","embeddable":true,"href":"https:\/\/ofertacular.com\/index.php\/wp-json\/wp\/v2\/store?post=10828"},{"taxonomy":"product_brand","embeddable":true,"href":"https:\/\/ofertacular.com\/index.php\/wp-json\/wp\/v2\/product_brand?post=10828"},{"taxonomy":"product_cat","embeddable":true,"href":"https:\/\/ofertacular.com\/index.php\/wp-json\/wp\/v2\/product_cat?post=10828"},{"taxonomy":"product_tag","embeddable":true,"href":"https:\/\/ofertacular.com\/index.php\/wp-json\/wp\/v2\/product_tag?post=10828"}],"curies":[{"name":"wp","href":"https:\/\/api.w.org\/{rel}","templated":true}]}}