{"id":10834,"date":"2026-01-13T10:24:21","date_gmt":"2026-01-13T09:24:21","guid":{"rendered":"https:\/\/ofertacular.com\/index.php\/producto\/sudadera-hombre\/"},"modified":"2026-01-13T10:24:21","modified_gmt":"2026-01-13T09:24:21","slug":"sudadera-hombre","status":"publish","type":"product","link":"https:\/\/ofertacular.com\/index.php\/producto\/sudadera-hombre\/","title":{"rendered":"Sudadera Hombre"},"content":{"rendered":"<div class=\"oferta-container\">\n<p>\ud83d\udfe5 <b>DESCUENTAZO<\/b> \ud83d\udfe5 #Publicidad #Amazon #16<\/p>\n<p>\ud83d\udd34 <b>Sudadera Hombre <\/b><\/p>\n<p>\u2705 <b>AHORA 6.26 \u20ac<\/b> \u2714\ufe0f\ud83d\udfe1<\/p>\n<p>\u274c Antes <\/p>\n<p>\ud83d\uded2: <a href=\"https:\/\/btz.es\/5ikOSyO\" target=\"_blank\" rel=\"nofollow noopener\">https:\/\/btz.es\/5ikOSyO<\/a><\/p>\n<p>Descubre la comodidad y el estilo con nuestra sudadera para hombre, dise\u00f1ada para ofrecer un ajuste perfecto y materiales de alta calidad que garantizan durabilidad y confort durante todo el d\u00eda. Ideal para cualquier ocasi\u00f3n, esta prenda es imprescindible en tu guardarropa. Compra ahora y mejora tu look con la mejor sudadera para hombre del mercado.<\/p>\n<\/p><\/div>\n","protected":false},"excerpt":{"rendered":"<p>\ud83d\udfe5 DESCUENTAZO \ud83d\udfe5 #Publicidad #Amazon #16 \ud83d\udd34 Sudadera Hombre \u2705 AHORA 6.26 \u20ac \u2714\ufe0f\ud83d\udfe1 \u274c Antes \ud83d\uded2: https:\/\/btz.es\/5ikOSyO Descubre la comodidad y el estilo con nuestra sudadera para hombre, dise\u00f1ada para ofrecer un ajuste perfecto y materiales de alta calidad que garantizan durabilidad y confort durante todo el d\u00eda. Ideal para cualquier ocasi\u00f3n, esta prenda [&hellip;]<\/p>\n","protected":false},"featured_media":10833,"template":"","meta":{"_gspb_post_css":""},"store":[],"product_brand":[],"product_cat":[16],"product_tag":[],"class_list":{"0":"post-10834","1":"product","2":"type-product","3":"status-publish","4":"has-post-thumbnail","6":"product_cat-sin-categorizar","8":"first","9":"instock","10":"shipping-taxable","11":"product-type-external"},"jetpack_sharing_enabled":true,"_links":{"self":[{"href":"https:\/\/ofertacular.com\/index.php\/wp-json\/wp\/v2\/product\/10834","targetHints":{"allow":["GET"]}}],"collection":[{"href":"https:\/\/ofertacular.com\/index.php\/wp-json\/wp\/v2\/product"}],"about":[{"href":"https:\/\/ofertacular.com\/index.php\/wp-json\/wp\/v2\/types\/product"}],"wp:featuredmedia":[{"embeddable":true,"href":"https:\/\/ofertacular.com\/index.php\/wp-json\/wp\/v2\/media\/10833"}],"wp:attachment":[{"href":"https:\/\/ofertacular.com\/index.php\/wp-json\/wp\/v2\/media?parent=10834"}],"wp:term":[{"taxonomy":"store","embeddable":true,"href":"https:\/\/ofertacular.com\/index.php\/wp-json\/wp\/v2\/store?post=10834"},{"taxonomy":"product_brand","embeddable":true,"href":"https:\/\/ofertacular.com\/index.php\/wp-json\/wp\/v2\/product_brand?post=10834"},{"taxonomy":"product_cat","embeddable":true,"href":"https:\/\/ofertacular.com\/index.php\/wp-json\/wp\/v2\/product_cat?post=10834"},{"taxonomy":"product_tag","embeddable":true,"href":"https:\/\/ofertacular.com\/index.php\/wp-json\/wp\/v2\/product_tag?post=10834"}],"curies":[{"name":"wp","href":"https:\/\/api.w.org\/{rel}","templated":true}]}}