{"id":10852,"date":"2026-01-16T08:22:13","date_gmt":"2026-01-16T07:22:13","guid":{"rendered":"https:\/\/ofertacular.com\/index.php\/producto\/levis-vaqueros-10\/"},"modified":"2026-01-16T08:22:13","modified_gmt":"2026-01-16T07:22:13","slug":"levis-vaqueros-10","status":"publish","type":"product","link":"https:\/\/ofertacular.com\/index.php\/producto\/levis-vaqueros-10\/","title":{"rendered":"Levi&#8217;s Vaqueros"},"content":{"rendered":"<div class=\"oferta-container\">\n<p>\ud83d\udfe5 <b>\u00a1APROVECHA!<\/b> \ud83d\udfe5 #Publicidad #Amazon #16<\/p>\n<p>\ud83d\udd34 <b>Vaqueros Levi&#8217;s <\/b><\/p>\n<p>\u2705 <b>AHORA 44.95 \u20ac<\/b> \u2714\ufe0f\ud83d\udfe1<\/p>\n<p>\u274c Antes 49.11 \u20ac<\/p>\n<p>\ud83d\uded2: <a href=\"https:\/\/btz.es\/5i1RHTK\" target=\"_blank\" rel=\"nofollow noopener\">https:\/\/btz.es\/5i1RHTK<\/a><\/p>\n<p>Explora la aut\u00e9ntica calidad y el estilo atemporal con los vaqueros Levi&#8217;s, dise\u00f1ados para ofrecer comodidad y resistencia. Perfectos para cualquier ocasi\u00f3n, estos pantalones aseguran una silueta moderna y un ajuste excepcional, manteni\u00e9ndose como un cl\u00e1sico indispensable en tu armario. Descubre por qu\u00e9 Levi&#8217;s es sin\u00f3nimo de moda duradera y tendencia mundial.<\/p>\n<\/p><\/div>\n","protected":false},"excerpt":{"rendered":"<p>\ud83d\udfe5 \u00a1APROVECHA! \ud83d\udfe5 #Publicidad #Amazon #16 \ud83d\udd34 Vaqueros Levi&#8217;s \u2705 AHORA 44.95 \u20ac \u2714\ufe0f\ud83d\udfe1 \u274c Antes 49.11 \u20ac \ud83d\uded2: https:\/\/btz.es\/5i1RHTK Explora la aut\u00e9ntica calidad y el estilo atemporal con los vaqueros Levi&#8217;s, dise\u00f1ados para ofrecer comodidad y resistencia. Perfectos para cualquier ocasi\u00f3n, estos pantalones aseguran una silueta moderna y un ajuste excepcional, manteni\u00e9ndose como un [&hellip;]<\/p>\n","protected":false},"featured_media":10851,"template":"","meta":{"_gspb_post_css":""},"store":[],"product_brand":[],"product_cat":[16],"product_tag":[],"class_list":{"0":"post-10852","1":"product","2":"type-product","3":"status-publish","4":"has-post-thumbnail","6":"product_cat-sin-categorizar","8":"first","9":"instock","10":"sale","11":"shipping-taxable","12":"product-type-external"},"jetpack_sharing_enabled":true,"_links":{"self":[{"href":"https:\/\/ofertacular.com\/index.php\/wp-json\/wp\/v2\/product\/10852","targetHints":{"allow":["GET"]}}],"collection":[{"href":"https:\/\/ofertacular.com\/index.php\/wp-json\/wp\/v2\/product"}],"about":[{"href":"https:\/\/ofertacular.com\/index.php\/wp-json\/wp\/v2\/types\/product"}],"wp:featuredmedia":[{"embeddable":true,"href":"https:\/\/ofertacular.com\/index.php\/wp-json\/wp\/v2\/media\/10851"}],"wp:attachment":[{"href":"https:\/\/ofertacular.com\/index.php\/wp-json\/wp\/v2\/media?parent=10852"}],"wp:term":[{"taxonomy":"store","embeddable":true,"href":"https:\/\/ofertacular.com\/index.php\/wp-json\/wp\/v2\/store?post=10852"},{"taxonomy":"product_brand","embeddable":true,"href":"https:\/\/ofertacular.com\/index.php\/wp-json\/wp\/v2\/product_brand?post=10852"},{"taxonomy":"product_cat","embeddable":true,"href":"https:\/\/ofertacular.com\/index.php\/wp-json\/wp\/v2\/product_cat?post=10852"},{"taxonomy":"product_tag","embeddable":true,"href":"https:\/\/ofertacular.com\/index.php\/wp-json\/wp\/v2\/product_tag?post=10852"}],"curies":[{"name":"wp","href":"https:\/\/api.w.org\/{rel}","templated":true}]}}