{"id":10882,"date":"2026-01-16T11:25:31","date_gmt":"2026-01-16T10:25:31","guid":{"rendered":"https:\/\/ofertacular.com\/index.php\/producto\/camiseta-mujer\/"},"modified":"2026-01-16T11:25:31","modified_gmt":"2026-01-16T10:25:31","slug":"camiseta-mujer","status":"publish","type":"product","link":"https:\/\/ofertacular.com\/index.php\/producto\/camiseta-mujer\/","title":{"rendered":"Camiseta Mujer"},"content":{"rendered":"<div class=\"oferta-container\">\n<p>\ud83d\udfe5 <b>AHORRA AQU\u00cd<\/b> \ud83d\udfe5 #Publicidad #Amazon #16<\/p>\n<p>\ud83d\udd34 <b>Camiseta Mujer <\/b><\/p>\n<p>\u2705 <b>AHORA 0.34 \u20ac<\/b> \u2714\ufe0f\ud83d\udfe1<\/p>\n<p>\u274c Antes <\/p>\n<p>\ud83d\uded2: <a href=\"https:\/\/btz.es\/5i2BQSD\" target=\"_blank\" rel=\"nofollow noopener\">https:\/\/btz.es\/5i2BQSD<\/a><\/p>\n<p>Descubre nuestra exclusiva colecci\u00f3n de camisetas para mujer, dise\u00f1adas para brindar comodidad y estilo en cualquier ocasi\u00f3n. Fabricadas con materiales de alta calidad, nuestras camisetas ofrecen un ajuste perfecto y durabilidad. Ideales para combinar con cualquier outfit, son la opci\u00f3n preferida para mujeres que buscan moda y funcionalidad. Aprovecha nuestras ofertas y renueva tu guardarropa con las \u00faltimas tendencias en camisetas para mujer.<\/p>\n<\/p><\/div>\n","protected":false},"excerpt":{"rendered":"<p>\ud83d\udfe5 AHORRA AQU\u00cd \ud83d\udfe5 #Publicidad #Amazon #16 \ud83d\udd34 Camiseta Mujer \u2705 AHORA 0.34 \u20ac \u2714\ufe0f\ud83d\udfe1 \u274c Antes \ud83d\uded2: https:\/\/btz.es\/5i2BQSD Descubre nuestra exclusiva colecci\u00f3n de camisetas para mujer, dise\u00f1adas para brindar comodidad y estilo en cualquier ocasi\u00f3n. Fabricadas con materiales de alta calidad, nuestras camisetas ofrecen un ajuste perfecto y durabilidad. Ideales para combinar con cualquier [&hellip;]<\/p>\n","protected":false},"featured_media":10881,"template":"","meta":{"_gspb_post_css":""},"store":[],"product_brand":[],"product_cat":[16],"product_tag":[],"class_list":{"0":"post-10882","1":"product","2":"type-product","3":"status-publish","4":"has-post-thumbnail","6":"product_cat-sin-categorizar","8":"first","9":"instock","10":"shipping-taxable","11":"product-type-external"},"jetpack_sharing_enabled":true,"_links":{"self":[{"href":"https:\/\/ofertacular.com\/index.php\/wp-json\/wp\/v2\/product\/10882","targetHints":{"allow":["GET"]}}],"collection":[{"href":"https:\/\/ofertacular.com\/index.php\/wp-json\/wp\/v2\/product"}],"about":[{"href":"https:\/\/ofertacular.com\/index.php\/wp-json\/wp\/v2\/types\/product"}],"wp:featuredmedia":[{"embeddable":true,"href":"https:\/\/ofertacular.com\/index.php\/wp-json\/wp\/v2\/media\/10881"}],"wp:attachment":[{"href":"https:\/\/ofertacular.com\/index.php\/wp-json\/wp\/v2\/media?parent=10882"}],"wp:term":[{"taxonomy":"store","embeddable":true,"href":"https:\/\/ofertacular.com\/index.php\/wp-json\/wp\/v2\/store?post=10882"},{"taxonomy":"product_brand","embeddable":true,"href":"https:\/\/ofertacular.com\/index.php\/wp-json\/wp\/v2\/product_brand?post=10882"},{"taxonomy":"product_cat","embeddable":true,"href":"https:\/\/ofertacular.com\/index.php\/wp-json\/wp\/v2\/product_cat?post=10882"},{"taxonomy":"product_tag","embeddable":true,"href":"https:\/\/ofertacular.com\/index.php\/wp-json\/wp\/v2\/product_tag?post=10882"}],"curies":[{"name":"wp","href":"https:\/\/api.w.org\/{rel}","templated":true}]}}