{"id":10891,"date":"2026-01-17T08:51:12","date_gmt":"2026-01-17T07:51:12","guid":{"rendered":"https:\/\/ofertacular.com\/index.php\/producto\/lee-jeans\/"},"modified":"2026-01-17T08:51:12","modified_gmt":"2026-01-17T07:51:12","slug":"lee-jeans","status":"publish","type":"product","link":"https:\/\/ofertacular.com\/index.php\/producto\/lee-jeans\/","title":{"rendered":"Lee Jeans"},"content":{"rendered":"<div class=\"oferta-container\">\n<p>\ud83d\udfe5 <b>EXCLUSIVO<\/b> \ud83d\udfe5 #Publicidad #Amazon #16<\/p>\n<p>\ud83d\udd34 <b>Jeans mujer <\/b><\/p>\n<p>\u2705 <b>AHORA 24.99 \u20ac<\/b> \u2714\ufe0f\ud83d\udfe1<\/p>\n<p>\u274c Antes 49.95 \u20ac<\/p>\n<p>\ud83d\uded2: <a href=\"https:\/\/btz.es\/5i7P6JH\" target=\"_blank\" rel=\"nofollow noopener\">https:\/\/btz.es\/5i7P6JH<\/a><\/p>\n<p>Descubre los modernos Jeans para mujer de Lee, la marca l\u00edder en moda denim que combina estilo, comodidad y durabilidad. Perfectos para cualquier ocasi\u00f3n, estos jeans est\u00e1n dise\u00f1ados con telas de alta calidad y un ajuste que realza la figura. \u00a1Renueva tu armario con los jeans Lee y marca tendencia este a\u00f1o!<\/p>\n<\/p><\/div>\n","protected":false},"excerpt":{"rendered":"<p>\ud83d\udfe5 EXCLUSIVO \ud83d\udfe5 #Publicidad #Amazon #16 \ud83d\udd34 Jeans mujer \u2705 AHORA 24.99 \u20ac \u2714\ufe0f\ud83d\udfe1 \u274c Antes 49.95 \u20ac \ud83d\uded2: https:\/\/btz.es\/5i7P6JH Descubre los modernos Jeans para mujer de Lee, la marca l\u00edder en moda denim que combina estilo, comodidad y durabilidad. Perfectos para cualquier ocasi\u00f3n, estos jeans est\u00e1n dise\u00f1ados con telas de alta calidad y un [&hellip;]<\/p>\n","protected":false},"featured_media":10890,"template":"","meta":{"_gspb_post_css":""},"store":[],"product_brand":[],"product_cat":[16],"product_tag":[],"class_list":{"0":"post-10891","1":"product","2":"type-product","3":"status-publish","4":"has-post-thumbnail","6":"product_cat-sin-categorizar","8":"first","9":"instock","10":"sale","11":"shipping-taxable","12":"product-type-external"},"jetpack_sharing_enabled":true,"_links":{"self":[{"href":"https:\/\/ofertacular.com\/index.php\/wp-json\/wp\/v2\/product\/10891","targetHints":{"allow":["GET"]}}],"collection":[{"href":"https:\/\/ofertacular.com\/index.php\/wp-json\/wp\/v2\/product"}],"about":[{"href":"https:\/\/ofertacular.com\/index.php\/wp-json\/wp\/v2\/types\/product"}],"wp:featuredmedia":[{"embeddable":true,"href":"https:\/\/ofertacular.com\/index.php\/wp-json\/wp\/v2\/media\/10890"}],"wp:attachment":[{"href":"https:\/\/ofertacular.com\/index.php\/wp-json\/wp\/v2\/media?parent=10891"}],"wp:term":[{"taxonomy":"store","embeddable":true,"href":"https:\/\/ofertacular.com\/index.php\/wp-json\/wp\/v2\/store?post=10891"},{"taxonomy":"product_brand","embeddable":true,"href":"https:\/\/ofertacular.com\/index.php\/wp-json\/wp\/v2\/product_brand?post=10891"},{"taxonomy":"product_cat","embeddable":true,"href":"https:\/\/ofertacular.com\/index.php\/wp-json\/wp\/v2\/product_cat?post=10891"},{"taxonomy":"product_tag","embeddable":true,"href":"https:\/\/ofertacular.com\/index.php\/wp-json\/wp\/v2\/product_tag?post=10891"}],"curies":[{"name":"wp","href":"https:\/\/api.w.org\/{rel}","templated":true}]}}