{"id":10903,"date":"2026-01-19T08:06:02","date_gmt":"2026-01-19T07:06:02","guid":{"rendered":"https:\/\/ofertacular.com\/index.php\/producto\/camisetas-mujer\/"},"modified":"2026-01-19T08:06:02","modified_gmt":"2026-01-19T07:06:02","slug":"camisetas-mujer","status":"publish","type":"product","link":"https:\/\/ofertacular.com\/index.php\/producto\/camisetas-mujer\/","title":{"rendered":"Camisetas Mujer"},"content":{"rendered":"<div class=\"oferta-container\">\n<p>\ud83d\udfe5 <b>\u00a1S\u00d3LO HOY!<\/b> \ud83d\udfe5 #Publicidad #Amazon #16<\/p>\n<p>\ud83d\udd34 <b>Camisetas Mujer <\/b><\/p>\n<p>\u2705 <b>AHORA 0.34 \u20ac<\/b> \u2714\ufe0f\ud83d\udfe1<\/p>\n<p>\u274c Antes <\/p>\n<p>\ud83d\uded2: <a href=\"https:\/\/btz.es\/5iJvniX\" target=\"_blank\" rel=\"nofollow noopener\">https:\/\/btz.es\/5iJvniX<\/a><\/p>\n<p>Descubre nuestra exclusiva colecci\u00f3n de camisetas para mujer, dise\u00f1adas con telas de alta calidad que ofrecen comodidad y estilo en cada ocasi\u00f3n. Perfectas para cualquier temporada, estas camisetas combinan tendencias modernas con un ajuste impecable, ideales para destacar tu look diario. Compra ahora las camisetas mujer que realzan tu confianza y estilo personal, con env\u00edo r\u00e1pido y garant\u00eda de satisfacci\u00f3n.<\/p>\n<\/p><\/div>\n","protected":false},"excerpt":{"rendered":"<p>\ud83d\udfe5 \u00a1S\u00d3LO HOY! \ud83d\udfe5 #Publicidad #Amazon #16 \ud83d\udd34 Camisetas Mujer \u2705 AHORA 0.34 \u20ac \u2714\ufe0f\ud83d\udfe1 \u274c Antes \ud83d\uded2: https:\/\/btz.es\/5iJvniX Descubre nuestra exclusiva colecci\u00f3n de camisetas para mujer, dise\u00f1adas con telas de alta calidad que ofrecen comodidad y estilo en cada ocasi\u00f3n. Perfectas para cualquier temporada, estas camisetas combinan tendencias modernas con un ajuste impecable, ideales [&hellip;]<\/p>\n","protected":false},"featured_media":10902,"template":"","meta":{"_gspb_post_css":""},"store":[],"product_brand":[],"product_cat":[16],"product_tag":[],"class_list":{"0":"post-10903","1":"product","2":"type-product","3":"status-publish","4":"has-post-thumbnail","6":"product_cat-sin-categorizar","8":"first","9":"instock","10":"shipping-taxable","11":"product-type-external"},"jetpack_sharing_enabled":true,"_links":{"self":[{"href":"https:\/\/ofertacular.com\/index.php\/wp-json\/wp\/v2\/product\/10903","targetHints":{"allow":["GET"]}}],"collection":[{"href":"https:\/\/ofertacular.com\/index.php\/wp-json\/wp\/v2\/product"}],"about":[{"href":"https:\/\/ofertacular.com\/index.php\/wp-json\/wp\/v2\/types\/product"}],"wp:featuredmedia":[{"embeddable":true,"href":"https:\/\/ofertacular.com\/index.php\/wp-json\/wp\/v2\/media\/10902"}],"wp:attachment":[{"href":"https:\/\/ofertacular.com\/index.php\/wp-json\/wp\/v2\/media?parent=10903"}],"wp:term":[{"taxonomy":"store","embeddable":true,"href":"https:\/\/ofertacular.com\/index.php\/wp-json\/wp\/v2\/store?post=10903"},{"taxonomy":"product_brand","embeddable":true,"href":"https:\/\/ofertacular.com\/index.php\/wp-json\/wp\/v2\/product_brand?post=10903"},{"taxonomy":"product_cat","embeddable":true,"href":"https:\/\/ofertacular.com\/index.php\/wp-json\/wp\/v2\/product_cat?post=10903"},{"taxonomy":"product_tag","embeddable":true,"href":"https:\/\/ofertacular.com\/index.php\/wp-json\/wp\/v2\/product_tag?post=10903"}],"curies":[{"name":"wp","href":"https:\/\/api.w.org\/{rel}","templated":true}]}}