{"id":10909,"date":"2026-01-19T10:56:44","date_gmt":"2026-01-19T09:56:44","guid":{"rendered":"https:\/\/ofertacular.com\/index.php\/producto\/pantalones-cortos-3\/"},"modified":"2026-01-19T10:56:44","modified_gmt":"2026-01-19T09:56:44","slug":"pantalones-cortos-3","status":"publish","type":"product","link":"https:\/\/ofertacular.com\/index.php\/producto\/pantalones-cortos-3\/","title":{"rendered":"Pantalones Cortos"},"content":{"rendered":"<div class=\"oferta-container\">\n<p>\ud83d\udfe5 <b>\u00a1OFERT\u00d3N!<\/b> \ud83d\udfe5 #Publicidad #Amazon #16<\/p>\n<p>\ud83d\udd34 <b>Pantalones Cortos <\/b><\/p>\n<p>\u2705 <b>AHORA 0.34 \u20ac<\/b> \u2714\ufe0f\ud83d\udfe1<\/p>\n<p>\u274c Antes <\/p>\n<p>\ud83d\uded2: <a href=\"https:\/\/btz.es\/5iKclWr\" target=\"_blank\" rel=\"nofollow noopener\">https:\/\/btz.es\/5iKclWr<\/a><\/p>\n<p>Descubre nuestra exclusiva colecci\u00f3n de pantalones cortos dise\u00f1ados para brindar comodidad y estilo en cualquier ocasi\u00f3n. Fabricados con materiales de alta calidad, estos pantalones cortos son perfectos para actividades al aire libre, deportes o un look casual y moderno. Su corte ergon\u00f3mico y dise\u00f1os actuales garantizan una movilidad \u00f3ptima y un ajuste impecable. Eleva tu guardarropa con estos pantalones cortos vers\u00e1tiles, ideales para el verano y para quienes buscan combinar funcionalidad con moda. \u00a1Obt\u00e9n el mejor rendimiento y estilo con nuestra selecci\u00f3n premium!<\/p>\n<\/p><\/div>\n","protected":false},"excerpt":{"rendered":"<p>\ud83d\udfe5 \u00a1OFERT\u00d3N! \ud83d\udfe5 #Publicidad #Amazon #16 \ud83d\udd34 Pantalones Cortos \u2705 AHORA 0.34 \u20ac \u2714\ufe0f\ud83d\udfe1 \u274c Antes \ud83d\uded2: https:\/\/btz.es\/5iKclWr Descubre nuestra exclusiva colecci\u00f3n de pantalones cortos dise\u00f1ados para brindar comodidad y estilo en cualquier ocasi\u00f3n. Fabricados con materiales de alta calidad, estos pantalones cortos son perfectos para actividades al aire libre, deportes o un look casual [&hellip;]<\/p>\n","protected":false},"featured_media":10908,"template":"","meta":{"_gspb_post_css":""},"store":[],"product_brand":[],"product_cat":[16],"product_tag":[],"class_list":{"0":"post-10909","1":"product","2":"type-product","3":"status-publish","4":"has-post-thumbnail","6":"product_cat-sin-categorizar","8":"first","9":"instock","10":"shipping-taxable","11":"product-type-external"},"jetpack_sharing_enabled":true,"_links":{"self":[{"href":"https:\/\/ofertacular.com\/index.php\/wp-json\/wp\/v2\/product\/10909","targetHints":{"allow":["GET"]}}],"collection":[{"href":"https:\/\/ofertacular.com\/index.php\/wp-json\/wp\/v2\/product"}],"about":[{"href":"https:\/\/ofertacular.com\/index.php\/wp-json\/wp\/v2\/types\/product"}],"wp:featuredmedia":[{"embeddable":true,"href":"https:\/\/ofertacular.com\/index.php\/wp-json\/wp\/v2\/media\/10908"}],"wp:attachment":[{"href":"https:\/\/ofertacular.com\/index.php\/wp-json\/wp\/v2\/media?parent=10909"}],"wp:term":[{"taxonomy":"store","embeddable":true,"href":"https:\/\/ofertacular.com\/index.php\/wp-json\/wp\/v2\/store?post=10909"},{"taxonomy":"product_brand","embeddable":true,"href":"https:\/\/ofertacular.com\/index.php\/wp-json\/wp\/v2\/product_brand?post=10909"},{"taxonomy":"product_cat","embeddable":true,"href":"https:\/\/ofertacular.com\/index.php\/wp-json\/wp\/v2\/product_cat?post=10909"},{"taxonomy":"product_tag","embeddable":true,"href":"https:\/\/ofertacular.com\/index.php\/wp-json\/wp\/v2\/product_tag?post=10909"}],"curies":[{"name":"wp","href":"https:\/\/api.w.org\/{rel}","templated":true}]}}