{"id":10911,"date":"2026-01-19T11:07:21","date_gmt":"2026-01-19T10:07:21","guid":{"rendered":"https:\/\/ofertacular.com\/index.php\/producto\/sukuna-figure\/"},"modified":"2026-01-19T11:07:21","modified_gmt":"2026-01-19T10:07:21","slug":"sukuna-figure","status":"publish","type":"product","link":"https:\/\/ofertacular.com\/index.php\/producto\/sukuna-figure\/","title":{"rendered":"Sukuna Figure"},"content":{"rendered":"<div class=\"oferta-container\">\ud83d\udfea <b>\u00a1FUNKO!<\/b> \ud83d\udfea #Publicidad #Amazon\ud83d\udfe3 <b> Funko POP! Anime: Sukuna Sukuna Figure<\/b> \u2705 <b>AHORA 10 \u20ac<\/b> \u2714\ufe0f\ud83d\udfe1\u274c Antes 16.00 \u20ac \u20ac \ud83d\uded2: https:\/\/btz.es\/5iKeRrV\ud83d\udfe2 Ofertacular.com<\/p>\n<p>Descubre la figura Funko POP! Sukuna, un imprescindible para los fans del anime y coleccionistas. Esta figura destaca por su dise\u00f1o detallado y autenticidad, capturando la esencia \u00fanica de Sukuna con calidad superior. Ideal para exhibir en tu colecci\u00f3n o como regalo para amantes del anime. A\u00f1ade este Funko POP! Sukuna a tu colecci\u00f3n y disfruta de una pieza exclusiva que resalta en cualquier estanter\u00eda, optimizada para atraer a entusiastas y mejorar tu experiencia de compra con productos oficiales y originales.<\/p>\n<\/div>\n","protected":false},"excerpt":{"rendered":"<p>\ud83d\udfea \u00a1FUNKO! \ud83d\udfea #Publicidad #Amazon\ud83d\udfe3 Funko POP! Anime: Sukuna Sukuna Figure \u2705 AHORA 10 \u20ac \u2714\ufe0f\ud83d\udfe1\u274c Antes 16.00 \u20ac \u20ac \ud83d\uded2: https:\/\/btz.es\/5iKeRrV\ud83d\udfe2 Ofertacular.com Descubre la figura Funko POP! Sukuna, un imprescindible para los fans del anime y coleccionistas. Esta figura destaca por su dise\u00f1o detallado y autenticidad, capturando la esencia \u00fanica de Sukuna con calidad [&hellip;]<\/p>\n","protected":false},"featured_media":10910,"template":"","meta":{"_gspb_post_css":""},"store":[],"product_brand":[],"product_cat":[16],"product_tag":[],"class_list":{"0":"post-10911","1":"product","2":"type-product","3":"status-publish","4":"has-post-thumbnail","6":"product_cat-sin-categorizar","8":"first","9":"instock","10":"sale","11":"shipping-taxable","12":"product-type-external"},"jetpack_sharing_enabled":true,"_links":{"self":[{"href":"https:\/\/ofertacular.com\/index.php\/wp-json\/wp\/v2\/product\/10911","targetHints":{"allow":["GET"]}}],"collection":[{"href":"https:\/\/ofertacular.com\/index.php\/wp-json\/wp\/v2\/product"}],"about":[{"href":"https:\/\/ofertacular.com\/index.php\/wp-json\/wp\/v2\/types\/product"}],"wp:featuredmedia":[{"embeddable":true,"href":"https:\/\/ofertacular.com\/index.php\/wp-json\/wp\/v2\/media\/10910"}],"wp:attachment":[{"href":"https:\/\/ofertacular.com\/index.php\/wp-json\/wp\/v2\/media?parent=10911"}],"wp:term":[{"taxonomy":"store","embeddable":true,"href":"https:\/\/ofertacular.com\/index.php\/wp-json\/wp\/v2\/store?post=10911"},{"taxonomy":"product_brand","embeddable":true,"href":"https:\/\/ofertacular.com\/index.php\/wp-json\/wp\/v2\/product_brand?post=10911"},{"taxonomy":"product_cat","embeddable":true,"href":"https:\/\/ofertacular.com\/index.php\/wp-json\/wp\/v2\/product_cat?post=10911"},{"taxonomy":"product_tag","embeddable":true,"href":"https:\/\/ofertacular.com\/index.php\/wp-json\/wp\/v2\/product_tag?post=10911"}],"curies":[{"name":"wp","href":"https:\/\/api.w.org\/{rel}","templated":true}]}}