{"id":10915,"date":"2026-01-19T11:15:16","date_gmt":"2026-01-19T10:15:16","guid":{"rendered":"https:\/\/ofertacular.com\/index.php\/producto\/kappa-jacket\/"},"modified":"2026-01-19T11:15:16","modified_gmt":"2026-01-19T10:15:16","slug":"kappa-jacket","status":"publish","type":"product","link":"https:\/\/ofertacular.com\/index.php\/producto\/kappa-jacket\/","title":{"rendered":"Kappa Jacket"},"content":{"rendered":"<div class=\"oferta-container\">\n<p>\ud83d\udfe5 <b>AHORRA AQU\u00cd<\/b> \ud83d\udfe5 #Publicidad #Amazon #16<\/p>\n<p>\ud83d\udd34 <b>Chaqueta Kappa <\/b><\/p>\n<p>\u2705 <b>AHORA 16.99 \u20ac<\/b> \u2714\ufe0f\ud83d\udfe1<\/p>\n<p>\u274c Antes 23.85 \u20ac<\/p>\n<p>\ud83d\uded2: <a href=\"https:\/\/btz.es\/5iKgRkL\" target=\"_blank\" rel=\"nofollow noopener\">https:\/\/btz.es\/5iKgRkL<\/a><\/p>\n<p>Descubre la comodidad y el estilo con la chaqueta Kappa, dise\u00f1ada para ofrecerte un look moderno y funcional en cualquier ocasi\u00f3n. Fabricada con materiales de alta calidad, esta prenda garantiza durabilidad y resistencia. Perfecta para actividades deportivas o para el d\u00eda a d\u00eda, la chaqueta Kappa combina dise\u00f1o innovador con la reconocida tradici\u00f3n de la marca, posicion\u00e1ndose como una opci\u00f3n ideal para quienes buscan moda y rendimiento. Optimizada para buscadores, esta chaqueta es la elecci\u00f3n perfecta para destacar tu estilo con autenticidad.<\/p>\n<\/p><\/div>\n","protected":false},"excerpt":{"rendered":"<p>\ud83d\udfe5 AHORRA AQU\u00cd \ud83d\udfe5 #Publicidad #Amazon #16 \ud83d\udd34 Chaqueta Kappa \u2705 AHORA 16.99 \u20ac \u2714\ufe0f\ud83d\udfe1 \u274c Antes 23.85 \u20ac \ud83d\uded2: https:\/\/btz.es\/5iKgRkL Descubre la comodidad y el estilo con la chaqueta Kappa, dise\u00f1ada para ofrecerte un look moderno y funcional en cualquier ocasi\u00f3n. Fabricada con materiales de alta calidad, esta prenda garantiza durabilidad y resistencia. Perfecta [&hellip;]<\/p>\n","protected":false},"featured_media":10914,"template":"","meta":{"_gspb_post_css":""},"store":[],"product_brand":[],"product_cat":[16],"product_tag":[],"class_list":{"0":"post-10915","1":"product","2":"type-product","3":"status-publish","4":"has-post-thumbnail","6":"product_cat-sin-categorizar","8":"first","9":"instock","10":"sale","11":"shipping-taxable","12":"product-type-external"},"jetpack_sharing_enabled":true,"_links":{"self":[{"href":"https:\/\/ofertacular.com\/index.php\/wp-json\/wp\/v2\/product\/10915","targetHints":{"allow":["GET"]}}],"collection":[{"href":"https:\/\/ofertacular.com\/index.php\/wp-json\/wp\/v2\/product"}],"about":[{"href":"https:\/\/ofertacular.com\/index.php\/wp-json\/wp\/v2\/types\/product"}],"wp:featuredmedia":[{"embeddable":true,"href":"https:\/\/ofertacular.com\/index.php\/wp-json\/wp\/v2\/media\/10914"}],"wp:attachment":[{"href":"https:\/\/ofertacular.com\/index.php\/wp-json\/wp\/v2\/media?parent=10915"}],"wp:term":[{"taxonomy":"store","embeddable":true,"href":"https:\/\/ofertacular.com\/index.php\/wp-json\/wp\/v2\/store?post=10915"},{"taxonomy":"product_brand","embeddable":true,"href":"https:\/\/ofertacular.com\/index.php\/wp-json\/wp\/v2\/product_brand?post=10915"},{"taxonomy":"product_cat","embeddable":true,"href":"https:\/\/ofertacular.com\/index.php\/wp-json\/wp\/v2\/product_cat?post=10915"},{"taxonomy":"product_tag","embeddable":true,"href":"https:\/\/ofertacular.com\/index.php\/wp-json\/wp\/v2\/product_tag?post=10915"}],"curies":[{"name":"wp","href":"https:\/\/api.w.org\/{rel}","templated":true}]}}