{"id":10919,"date":"2026-01-20T07:26:49","date_gmt":"2026-01-20T06:26:49","guid":{"rendered":"https:\/\/ofertacular.com\/index.php\/producto\/chinos-elasticos\/"},"modified":"2026-01-20T07:26:49","modified_gmt":"2026-01-20T06:26:49","slug":"chinos-elasticos","status":"publish","type":"product","link":"https:\/\/ofertacular.com\/index.php\/producto\/chinos-elasticos\/","title":{"rendered":"Chinos El\u00e1sticos"},"content":{"rendered":"<div class=\"oferta-container\">\n<p>\ud83d\udfe5 <b>DESCUENTO<\/b> \ud83d\udfe5 #Publicidad #Amazon #16<\/p>\n<p>\ud83d\udd34 <b>Chinos el\u00e1sticos <\/b><\/p>\n<p>\u2705 <b>AHORA 15.8 \u20ac<\/b> \u2714\ufe0f\ud83d\udfe1<\/p>\n<p>\u274c Antes 22.00 \u20ac<\/p>\n<p>\ud83d\uded2: <a href=\"https:\/\/btz.es\/5iPbRuN\" target=\"_blank\" rel=\"nofollow noopener\">https:\/\/btz.es\/5iPbRuN<\/a><\/p>\n<p>Descubre la comodidad y estilo incomparables con nuestros chinos el\u00e1sticos, dise\u00f1ados para ofrecer ajuste perfecto y flexibilidad en cada paso. Ideales para cualquier ocasi\u00f3n, estos pantalones combinan funcionalidad y moda, garantizando un look moderno y vers\u00e1til. Confeccionados con materiales de alta calidad, aseguran durabilidad y confort durante todo el d\u00eda. Actualiza tu guardarropa con estos esenciales chinos que se adaptan a tu ritmo de vida.<\/p>\n<\/p><\/div>\n","protected":false},"excerpt":{"rendered":"<p>\ud83d\udfe5 DESCUENTO \ud83d\udfe5 #Publicidad #Amazon #16 \ud83d\udd34 Chinos el\u00e1sticos \u2705 AHORA 15.8 \u20ac \u2714\ufe0f\ud83d\udfe1 \u274c Antes 22.00 \u20ac \ud83d\uded2: https:\/\/btz.es\/5iPbRuN Descubre la comodidad y estilo incomparables con nuestros chinos el\u00e1sticos, dise\u00f1ados para ofrecer ajuste perfecto y flexibilidad en cada paso. Ideales para cualquier ocasi\u00f3n, estos pantalones combinan funcionalidad y moda, garantizando un look moderno y [&hellip;]<\/p>\n","protected":false},"featured_media":10918,"template":"","meta":{"_gspb_post_css":""},"store":[],"product_brand":[],"product_cat":[16],"product_tag":[],"class_list":{"0":"post-10919","1":"product","2":"type-product","3":"status-publish","4":"has-post-thumbnail","6":"product_cat-sin-categorizar","8":"first","9":"instock","10":"sale","11":"shipping-taxable","12":"product-type-external"},"jetpack_sharing_enabled":true,"_links":{"self":[{"href":"https:\/\/ofertacular.com\/index.php\/wp-json\/wp\/v2\/product\/10919","targetHints":{"allow":["GET"]}}],"collection":[{"href":"https:\/\/ofertacular.com\/index.php\/wp-json\/wp\/v2\/product"}],"about":[{"href":"https:\/\/ofertacular.com\/index.php\/wp-json\/wp\/v2\/types\/product"}],"wp:featuredmedia":[{"embeddable":true,"href":"https:\/\/ofertacular.com\/index.php\/wp-json\/wp\/v2\/media\/10918"}],"wp:attachment":[{"href":"https:\/\/ofertacular.com\/index.php\/wp-json\/wp\/v2\/media?parent=10919"}],"wp:term":[{"taxonomy":"store","embeddable":true,"href":"https:\/\/ofertacular.com\/index.php\/wp-json\/wp\/v2\/store?post=10919"},{"taxonomy":"product_brand","embeddable":true,"href":"https:\/\/ofertacular.com\/index.php\/wp-json\/wp\/v2\/product_brand?post=10919"},{"taxonomy":"product_cat","embeddable":true,"href":"https:\/\/ofertacular.com\/index.php\/wp-json\/wp\/v2\/product_cat?post=10919"},{"taxonomy":"product_tag","embeddable":true,"href":"https:\/\/ofertacular.com\/index.php\/wp-json\/wp\/v2\/product_tag?post=10919"}],"curies":[{"name":"wp","href":"https:\/\/api.w.org\/{rel}","templated":true}]}}