{"id":10935,"date":"2026-01-20T08:23:34","date_gmt":"2026-01-20T07:23:34","guid":{"rendered":"https:\/\/ofertacular.com\/index.php\/producto\/camisetas-hombre\/"},"modified":"2026-01-20T08:23:34","modified_gmt":"2026-01-20T07:23:34","slug":"camisetas-hombre","status":"publish","type":"product","link":"https:\/\/ofertacular.com\/index.php\/producto\/camisetas-hombre\/","title":{"rendered":"Camisetas Hombre"},"content":{"rendered":"<div class=\"oferta-container\">\n<p>\ud83d\udfe5 <b>DESCUENTO<\/b> \ud83d\udfe5 #Publicidad #Amazon #16<\/p>\n<p>\ud83d\udd34 <b>Camisetas Hombre <\/b><\/p>\n<p>\u2705 <b>AHORA 1.72 \u20ac<\/b> \u2714\ufe0f\ud83d\udfe1<\/p>\n<p>\u274c Antes <\/p>\n<p>\ud83d\uded2: <a href=\"https:\/\/btz.es\/5iPqjKD\" target=\"_blank\" rel=\"nofollow noopener\">https:\/\/btz.es\/5iPqjKD<\/a><\/p>\n<p>Descubre nuestra exclusiva colecci\u00f3n de camisetas para hombre, dise\u00f1adas con los mejores materiales para ofrecer comodidad y estilo en cada ocasi\u00f3n. Perfectas para cualquier temporada, nuestras camisetas combinan tendencias actuales con una calidad insuperable. Encuentra el equilibrio ideal entre moda y funcionalidad con prendas que resaltan tu personalidad y te acompa\u00f1an todo el d\u00eda.<\/p>\n<\/p><\/div>\n","protected":false},"excerpt":{"rendered":"<p>\ud83d\udfe5 DESCUENTO \ud83d\udfe5 #Publicidad #Amazon #16 \ud83d\udd34 Camisetas Hombre \u2705 AHORA 1.72 \u20ac \u2714\ufe0f\ud83d\udfe1 \u274c Antes \ud83d\uded2: https:\/\/btz.es\/5iPqjKD Descubre nuestra exclusiva colecci\u00f3n de camisetas para hombre, dise\u00f1adas con los mejores materiales para ofrecer comodidad y estilo en cada ocasi\u00f3n. Perfectas para cualquier temporada, nuestras camisetas combinan tendencias actuales con una calidad insuperable. Encuentra el equilibrio [&hellip;]<\/p>\n","protected":false},"featured_media":10934,"template":"","meta":{"_gspb_post_css":""},"store":[],"product_brand":[],"product_cat":[16],"product_tag":[],"class_list":{"0":"post-10935","1":"product","2":"type-product","3":"status-publish","4":"has-post-thumbnail","6":"product_cat-sin-categorizar","8":"first","9":"instock","10":"shipping-taxable","11":"product-type-external"},"jetpack_sharing_enabled":true,"_links":{"self":[{"href":"https:\/\/ofertacular.com\/index.php\/wp-json\/wp\/v2\/product\/10935","targetHints":{"allow":["GET"]}}],"collection":[{"href":"https:\/\/ofertacular.com\/index.php\/wp-json\/wp\/v2\/product"}],"about":[{"href":"https:\/\/ofertacular.com\/index.php\/wp-json\/wp\/v2\/types\/product"}],"wp:featuredmedia":[{"embeddable":true,"href":"https:\/\/ofertacular.com\/index.php\/wp-json\/wp\/v2\/media\/10934"}],"wp:attachment":[{"href":"https:\/\/ofertacular.com\/index.php\/wp-json\/wp\/v2\/media?parent=10935"}],"wp:term":[{"taxonomy":"store","embeddable":true,"href":"https:\/\/ofertacular.com\/index.php\/wp-json\/wp\/v2\/store?post=10935"},{"taxonomy":"product_brand","embeddable":true,"href":"https:\/\/ofertacular.com\/index.php\/wp-json\/wp\/v2\/product_brand?post=10935"},{"taxonomy":"product_cat","embeddable":true,"href":"https:\/\/ofertacular.com\/index.php\/wp-json\/wp\/v2\/product_cat?post=10935"},{"taxonomy":"product_tag","embeddable":true,"href":"https:\/\/ofertacular.com\/index.php\/wp-json\/wp\/v2\/product_tag?post=10935"}],"curies":[{"name":"wp","href":"https:\/\/api.w.org\/{rel}","templated":true}]}}