{"id":10937,"date":"2026-01-20T08:24:38","date_gmt":"2026-01-20T07:24:38","guid":{"rendered":"https:\/\/ofertacular.com\/index.php\/producto\/pantalones-deportivos-5\/"},"modified":"2026-01-20T08:24:38","modified_gmt":"2026-01-20T07:24:38","slug":"pantalones-deportivos-5","status":"publish","type":"product","link":"https:\/\/ofertacular.com\/index.php\/producto\/pantalones-deportivos-5\/","title":{"rendered":"Pantalones Deportivos"},"content":{"rendered":"<div class=\"oferta-container\">\n<p>\ud83d\udfe5 <b>\u00a1NO TE LA PIERDAS!<\/b> \ud83d\udfe5 #Publicidad #Amazon #16<\/p>\n<p>\ud83d\udd34 <b>Pantalones deportivos <\/b><\/p>\n<p>\u2705 <b>AHORA 1.63 \u20ac<\/b> \u2714\ufe0f\ud83d\udfe1<\/p>\n<p>\u274c Antes <\/p>\n<p>\ud83d\uded2: <a href=\"https:\/\/btz.es\/5iPq0kf\" target=\"_blank\" rel=\"nofollow noopener\">https:\/\/btz.es\/5iPq0kf<\/a><\/p>\n<p>Descubre la m\u00e1xima comodidad y estilo con nuestros pantalones deportivos de alta calidad. Dise\u00f1ados para ofrecer libertad de movimiento y durabilidad, son ideales para cualquier actividad f\u00edsica o para un look casual y moderno. Fabricados con materiales transpirables y resistentes, estos pantalones deportivos garantizan un ajuste perfecto y un rendimiento superior. \u00a1Eleva tu guardarropa deportivo con nuestra exclusiva selecci\u00f3n!<\/p>\n<\/p><\/div>\n","protected":false},"excerpt":{"rendered":"<p>\ud83d\udfe5 \u00a1NO TE LA PIERDAS! \ud83d\udfe5 #Publicidad #Amazon #16 \ud83d\udd34 Pantalones deportivos \u2705 AHORA 1.63 \u20ac \u2714\ufe0f\ud83d\udfe1 \u274c Antes \ud83d\uded2: https:\/\/btz.es\/5iPq0kf Descubre la m\u00e1xima comodidad y estilo con nuestros pantalones deportivos de alta calidad. Dise\u00f1ados para ofrecer libertad de movimiento y durabilidad, son ideales para cualquier actividad f\u00edsica o para un look casual y moderno. [&hellip;]<\/p>\n","protected":false},"featured_media":10936,"template":"","meta":{"_gspb_post_css":""},"store":[],"product_brand":[],"product_cat":[16],"product_tag":[],"class_list":{"0":"post-10937","1":"product","2":"type-product","3":"status-publish","4":"has-post-thumbnail","6":"product_cat-sin-categorizar","8":"first","9":"instock","10":"shipping-taxable","11":"product-type-external"},"jetpack_sharing_enabled":true,"_links":{"self":[{"href":"https:\/\/ofertacular.com\/index.php\/wp-json\/wp\/v2\/product\/10937","targetHints":{"allow":["GET"]}}],"collection":[{"href":"https:\/\/ofertacular.com\/index.php\/wp-json\/wp\/v2\/product"}],"about":[{"href":"https:\/\/ofertacular.com\/index.php\/wp-json\/wp\/v2\/types\/product"}],"wp:featuredmedia":[{"embeddable":true,"href":"https:\/\/ofertacular.com\/index.php\/wp-json\/wp\/v2\/media\/10936"}],"wp:attachment":[{"href":"https:\/\/ofertacular.com\/index.php\/wp-json\/wp\/v2\/media?parent=10937"}],"wp:term":[{"taxonomy":"store","embeddable":true,"href":"https:\/\/ofertacular.com\/index.php\/wp-json\/wp\/v2\/store?post=10937"},{"taxonomy":"product_brand","embeddable":true,"href":"https:\/\/ofertacular.com\/index.php\/wp-json\/wp\/v2\/product_brand?post=10937"},{"taxonomy":"product_cat","embeddable":true,"href":"https:\/\/ofertacular.com\/index.php\/wp-json\/wp\/v2\/product_cat?post=10937"},{"taxonomy":"product_tag","embeddable":true,"href":"https:\/\/ofertacular.com\/index.php\/wp-json\/wp\/v2\/product_tag?post=10937"}],"curies":[{"name":"wp","href":"https:\/\/api.w.org\/{rel}","templated":true}]}}