{"id":10939,"date":"2026-01-20T08:30:52","date_gmt":"2026-01-20T07:30:52","guid":{"rendered":"https:\/\/ofertacular.com\/index.php\/producto\/gorros-guantes\/"},"modified":"2026-01-20T08:30:52","modified_gmt":"2026-01-20T07:30:52","slug":"gorros-guantes","status":"publish","type":"product","link":"https:\/\/ofertacular.com\/index.php\/producto\/gorros-guantes\/","title":{"rendered":"Gorros Guantes"},"content":{"rendered":"<div class=\"oferta-container\">\n<p>\ud83d\udfe5 <b>CHOLLAZO<\/b> \ud83d\udfe5 #Publicidad #Amazon #16<\/p>\n<p>\ud83d\udd34 <b>Gorros Guantes <\/b><\/p>\n<p>\u2705 <b>AHORA 1.37 \u20ac<\/b> \u2714\ufe0f\ud83d\udfe1<\/p>\n<p>\u274c Antes <\/p>\n<p>\ud83d\uded2: <a href=\"https:\/\/btz.es\/5iPrZ3b\" target=\"_blank\" rel=\"nofollow noopener\">https:\/\/btz.es\/5iPrZ3b<\/a><\/p>\n<p>Descubre nuestra exclusiva colecci\u00f3n de gorros y guantes dise\u00f1ados para ofrecer m\u00e1xima comodidad y estilo en cualquier temporada. Fabricados con materiales de alta calidad, estos accesorios esenciales protegen del fr\u00edo mientras complementan tu look diario. Perfectos para hombres y mujeres que valoran la funcionalidad y la moda. Aprovecha la mejor oferta y renueva tu armario con estos imprescindibles accesorios de invierno.<\/p>\n<\/p><\/div>\n","protected":false},"excerpt":{"rendered":"<p>\ud83d\udfe5 CHOLLAZO \ud83d\udfe5 #Publicidad #Amazon #16 \ud83d\udd34 Gorros Guantes \u2705 AHORA 1.37 \u20ac \u2714\ufe0f\ud83d\udfe1 \u274c Antes \ud83d\uded2: https:\/\/btz.es\/5iPrZ3b Descubre nuestra exclusiva colecci\u00f3n de gorros y guantes dise\u00f1ados para ofrecer m\u00e1xima comodidad y estilo en cualquier temporada. Fabricados con materiales de alta calidad, estos accesorios esenciales protegen del fr\u00edo mientras complementan tu look diario. Perfectos para [&hellip;]<\/p>\n","protected":false},"featured_media":10938,"template":"","meta":{"_gspb_post_css":""},"store":[],"product_brand":[],"product_cat":[16],"product_tag":[],"class_list":{"0":"post-10939","1":"product","2":"type-product","3":"status-publish","4":"has-post-thumbnail","6":"product_cat-sin-categorizar","8":"first","9":"instock","10":"shipping-taxable","11":"product-type-external"},"jetpack_sharing_enabled":true,"_links":{"self":[{"href":"https:\/\/ofertacular.com\/index.php\/wp-json\/wp\/v2\/product\/10939","targetHints":{"allow":["GET"]}}],"collection":[{"href":"https:\/\/ofertacular.com\/index.php\/wp-json\/wp\/v2\/product"}],"about":[{"href":"https:\/\/ofertacular.com\/index.php\/wp-json\/wp\/v2\/types\/product"}],"wp:featuredmedia":[{"embeddable":true,"href":"https:\/\/ofertacular.com\/index.php\/wp-json\/wp\/v2\/media\/10938"}],"wp:attachment":[{"href":"https:\/\/ofertacular.com\/index.php\/wp-json\/wp\/v2\/media?parent=10939"}],"wp:term":[{"taxonomy":"store","embeddable":true,"href":"https:\/\/ofertacular.com\/index.php\/wp-json\/wp\/v2\/store?post=10939"},{"taxonomy":"product_brand","embeddable":true,"href":"https:\/\/ofertacular.com\/index.php\/wp-json\/wp\/v2\/product_brand?post=10939"},{"taxonomy":"product_cat","embeddable":true,"href":"https:\/\/ofertacular.com\/index.php\/wp-json\/wp\/v2\/product_cat?post=10939"},{"taxonomy":"product_tag","embeddable":true,"href":"https:\/\/ofertacular.com\/index.php\/wp-json\/wp\/v2\/product_tag?post=10939"}],"curies":[{"name":"wp","href":"https:\/\/api.w.org\/{rel}","templated":true}]}}