{"id":10941,"date":"2026-01-20T08:36:22","date_gmt":"2026-01-20T07:36:22","guid":{"rendered":"https:\/\/ofertacular.com\/index.php\/producto\/geox-shoes\/"},"modified":"2026-01-20T08:36:22","modified_gmt":"2026-01-20T07:36:22","slug":"geox-shoes","status":"publish","type":"product","link":"https:\/\/ofertacular.com\/index.php\/producto\/geox-shoes\/","title":{"rendered":"Geox Shoes"},"content":{"rendered":"<div class=\"oferta-container\">\n<p>\ud83d\udfe5 <b>SUPER OFERTA<\/b> \ud83d\udfe5 #Publicidad #Amazon #16<\/p>\n<p>\ud83d\udd34 <b>Zapatos Geox <\/b><\/p>\n<p>\u2705 <b>AHORA 48.93 \u20ac<\/b> \u2714\ufe0f\ud83d\udfe1<\/p>\n<p>\u274c Antes 119.90 \u20ac<\/p>\n<p>\ud83d\uded2: <a href=\"https:\/\/btz.es\/5iPtx9S\" target=\"_blank\" rel=\"nofollow noopener\">https:\/\/btz.es\/5iPtx9S<\/a><\/p>\n<p>Descubre la innovadora comodidad y estilo que solo Geox ofrece. Nuestros zapatos Geox combinan dise\u00f1o moderno con tecnolog\u00eda de transpirabilidad patentada, proporcionando un calzado ideal para cualquier ocasi\u00f3n. Perfectos para quienes buscan calidad, durabilidad y confort en cada paso. Mejora tu experiencia al caminar con zapatillas que cuidan tu salud y estilo.<\/p>\n<\/p><\/div>\n","protected":false},"excerpt":{"rendered":"<p>\ud83d\udfe5 SUPER OFERTA \ud83d\udfe5 #Publicidad #Amazon #16 \ud83d\udd34 Zapatos Geox \u2705 AHORA 48.93 \u20ac \u2714\ufe0f\ud83d\udfe1 \u274c Antes 119.90 \u20ac \ud83d\uded2: https:\/\/btz.es\/5iPtx9S Descubre la innovadora comodidad y estilo que solo Geox ofrece. Nuestros zapatos Geox combinan dise\u00f1o moderno con tecnolog\u00eda de transpirabilidad patentada, proporcionando un calzado ideal para cualquier ocasi\u00f3n. Perfectos para quienes buscan calidad, durabilidad [&hellip;]<\/p>\n","protected":false},"featured_media":10940,"template":"","meta":{"_gspb_post_css":""},"store":[],"product_brand":[],"product_cat":[16],"product_tag":[],"class_list":{"0":"post-10941","1":"product","2":"type-product","3":"status-publish","4":"has-post-thumbnail","6":"product_cat-sin-categorizar","8":"first","9":"instock","10":"sale","11":"shipping-taxable","12":"product-type-external"},"jetpack_sharing_enabled":true,"_links":{"self":[{"href":"https:\/\/ofertacular.com\/index.php\/wp-json\/wp\/v2\/product\/10941","targetHints":{"allow":["GET"]}}],"collection":[{"href":"https:\/\/ofertacular.com\/index.php\/wp-json\/wp\/v2\/product"}],"about":[{"href":"https:\/\/ofertacular.com\/index.php\/wp-json\/wp\/v2\/types\/product"}],"wp:featuredmedia":[{"embeddable":true,"href":"https:\/\/ofertacular.com\/index.php\/wp-json\/wp\/v2\/media\/10940"}],"wp:attachment":[{"href":"https:\/\/ofertacular.com\/index.php\/wp-json\/wp\/v2\/media?parent=10941"}],"wp:term":[{"taxonomy":"store","embeddable":true,"href":"https:\/\/ofertacular.com\/index.php\/wp-json\/wp\/v2\/store?post=10941"},{"taxonomy":"product_brand","embeddable":true,"href":"https:\/\/ofertacular.com\/index.php\/wp-json\/wp\/v2\/product_brand?post=10941"},{"taxonomy":"product_cat","embeddable":true,"href":"https:\/\/ofertacular.com\/index.php\/wp-json\/wp\/v2\/product_cat?post=10941"},{"taxonomy":"product_tag","embeddable":true,"href":"https:\/\/ofertacular.com\/index.php\/wp-json\/wp\/v2\/product_tag?post=10941"}],"curies":[{"name":"wp","href":"https:\/\/api.w.org\/{rel}","templated":true}]}}