{"id":10970,"date":"2026-01-21T07:38:46","date_gmt":"2026-01-21T06:38:46","guid":{"rendered":"https:\/\/ofertacular.com\/index.php\/producto\/philips-monitor-3\/"},"modified":"2026-01-21T07:38:46","modified_gmt":"2026-01-21T06:38:46","slug":"philips-monitor-3","status":"publish","type":"product","link":"https:\/\/ofertacular.com\/index.php\/producto\/philips-monitor-3\/","title":{"rendered":"Philips Monitor"},"content":{"rendered":"<div class=\"oferta-container\">\n<p>\ud83d\udfe5 <b>\u00a1OFERTA ESPECIAL!<\/b> \ud83d\udfe5 #Publicidad #Amazon #16<\/p>\n<p>\ud83d\udd34 <b>Monitor Philips <\/b><\/p>\n<p>\u2705 <b>AHORA 103.9 \u20ac<\/b> \u2714\ufe0f\ud83d\udfe1<\/p>\n<p>\u274c Antes 111.99 \u20ac<\/p>\n<p>\ud83d\uded2: <a href=\"https:\/\/btz.es\/5iUVyDI\" target=\"_blank\" rel=\"nofollow noopener\">https:\/\/btz.es\/5iUVyDI<\/a><\/p>\n<p>Descubre el Monitor Philips, dise\u00f1ado para ofrecerte una experiencia visual excepcional con una calidad de imagen n\u00edtida y colores vibrantes. Ideal para profesionales y entusiastas de la tecnolog\u00eda que buscan rendimiento y fiabilidad en un dispositivo de \u00faltima generaci\u00f3n. Este monitor combina tecnolog\u00eda avanzada y dise\u00f1o elegante para potenciar tu productividad y entretenimiento. Aprovecha esta oferta exclusiva y eleva tu espacio de trabajo o entretenimiento con Philips, una marca l\u00edder en innovaci\u00f3n y tecnolog\u00eda visual.<\/p>\n<\/p><\/div>\n","protected":false},"excerpt":{"rendered":"<p>\ud83d\udfe5 \u00a1OFERTA ESPECIAL! \ud83d\udfe5 #Publicidad #Amazon #16 \ud83d\udd34 Monitor Philips \u2705 AHORA 103.9 \u20ac \u2714\ufe0f\ud83d\udfe1 \u274c Antes 111.99 \u20ac \ud83d\uded2: https:\/\/btz.es\/5iUVyDI Descubre el Monitor Philips, dise\u00f1ado para ofrecerte una experiencia visual excepcional con una calidad de imagen n\u00edtida y colores vibrantes. Ideal para profesionales y entusiastas de la tecnolog\u00eda que buscan rendimiento y fiabilidad en [&hellip;]<\/p>\n","protected":false},"featured_media":10969,"template":"","meta":{"_gspb_post_css":""},"store":[],"product_brand":[],"product_cat":[16],"product_tag":[],"class_list":{"0":"post-10970","1":"product","2":"type-product","3":"status-publish","4":"has-post-thumbnail","6":"product_cat-sin-categorizar","8":"first","9":"instock","10":"sale","11":"shipping-taxable","12":"product-type-external"},"jetpack_sharing_enabled":true,"_links":{"self":[{"href":"https:\/\/ofertacular.com\/index.php\/wp-json\/wp\/v2\/product\/10970","targetHints":{"allow":["GET"]}}],"collection":[{"href":"https:\/\/ofertacular.com\/index.php\/wp-json\/wp\/v2\/product"}],"about":[{"href":"https:\/\/ofertacular.com\/index.php\/wp-json\/wp\/v2\/types\/product"}],"wp:featuredmedia":[{"embeddable":true,"href":"https:\/\/ofertacular.com\/index.php\/wp-json\/wp\/v2\/media\/10969"}],"wp:attachment":[{"href":"https:\/\/ofertacular.com\/index.php\/wp-json\/wp\/v2\/media?parent=10970"}],"wp:term":[{"taxonomy":"store","embeddable":true,"href":"https:\/\/ofertacular.com\/index.php\/wp-json\/wp\/v2\/store?post=10970"},{"taxonomy":"product_brand","embeddable":true,"href":"https:\/\/ofertacular.com\/index.php\/wp-json\/wp\/v2\/product_brand?post=10970"},{"taxonomy":"product_cat","embeddable":true,"href":"https:\/\/ofertacular.com\/index.php\/wp-json\/wp\/v2\/product_cat?post=10970"},{"taxonomy":"product_tag","embeddable":true,"href":"https:\/\/ofertacular.com\/index.php\/wp-json\/wp\/v2\/product_tag?post=10970"}],"curies":[{"name":"wp","href":"https:\/\/api.w.org\/{rel}","templated":true}]}}