{"id":10974,"date":"2026-01-21T09:35:31","date_gmt":"2026-01-21T08:35:31","guid":{"rendered":"https:\/\/ofertacular.com\/index.php\/producto\/adidas-sweatshirt-2\/"},"modified":"2026-01-21T09:35:31","modified_gmt":"2026-01-21T08:35:31","slug":"adidas-sweatshirt-2","status":"publish","type":"product","link":"https:\/\/ofertacular.com\/index.php\/producto\/adidas-sweatshirt-2\/","title":{"rendered":"Adidas Sweatshirt"},"content":{"rendered":"<div class=\"oferta-container\">\n<p>\ud83d\udfe5 <b>CHOLLAZO<\/b> \ud83d\udfe5 #Publicidad #Amazon #16<\/p>\n<p>\ud83d\udd34 <b>Sudadera Adidas <\/b><\/p>\n<p>\u2705 <b>AHORA 23.6 \u20ac<\/b> \u2714\ufe0f\ud83d\udfe1<\/p>\n<p>\u274c Antes 27.95 \u20ac<\/p>\n<p>\ud83d\uded2: <a href=\"https:\/\/btz.es\/5iVyNwb\" target=\"_blank\" rel=\"nofollow noopener\">https:\/\/btz.es\/5iVyNwb<\/a><\/p>\n<p>Descubre la comodidad y estilo con la sudadera Adidas, ideal para cualquier ocasi\u00f3n. Confeccionada con materiales de alta calidad, esta prenda ofrece un ajuste perfecto y durabilidad excepcional. Perfecta para deportistas y amantes de la moda deportiva, combina funcionalidad y dise\u00f1o moderno que te har\u00e1n destacar. Optimizada para m\u00e1xima transpirabilidad y confort, la sudadera Adidas es tu mejor opci\u00f3n para actividades deportivas o un look casual sofisticado.<\/p>\n<\/p><\/div>\n","protected":false},"excerpt":{"rendered":"<p>\ud83d\udfe5 CHOLLAZO \ud83d\udfe5 #Publicidad #Amazon #16 \ud83d\udd34 Sudadera Adidas \u2705 AHORA 23.6 \u20ac \u2714\ufe0f\ud83d\udfe1 \u274c Antes 27.95 \u20ac \ud83d\uded2: https:\/\/btz.es\/5iVyNwb Descubre la comodidad y estilo con la sudadera Adidas, ideal para cualquier ocasi\u00f3n. Confeccionada con materiales de alta calidad, esta prenda ofrece un ajuste perfecto y durabilidad excepcional. Perfecta para deportistas y amantes de la [&hellip;]<\/p>\n","protected":false},"featured_media":10973,"template":"","meta":{"_gspb_post_css":""},"store":[],"product_brand":[],"product_cat":[16],"product_tag":[],"class_list":{"0":"post-10974","1":"product","2":"type-product","3":"status-publish","4":"has-post-thumbnail","6":"product_cat-sin-categorizar","8":"first","9":"instock","10":"sale","11":"shipping-taxable","12":"product-type-external"},"jetpack_sharing_enabled":true,"_links":{"self":[{"href":"https:\/\/ofertacular.com\/index.php\/wp-json\/wp\/v2\/product\/10974","targetHints":{"allow":["GET"]}}],"collection":[{"href":"https:\/\/ofertacular.com\/index.php\/wp-json\/wp\/v2\/product"}],"about":[{"href":"https:\/\/ofertacular.com\/index.php\/wp-json\/wp\/v2\/types\/product"}],"wp:featuredmedia":[{"embeddable":true,"href":"https:\/\/ofertacular.com\/index.php\/wp-json\/wp\/v2\/media\/10973"}],"wp:attachment":[{"href":"https:\/\/ofertacular.com\/index.php\/wp-json\/wp\/v2\/media?parent=10974"}],"wp:term":[{"taxonomy":"store","embeddable":true,"href":"https:\/\/ofertacular.com\/index.php\/wp-json\/wp\/v2\/store?post=10974"},{"taxonomy":"product_brand","embeddable":true,"href":"https:\/\/ofertacular.com\/index.php\/wp-json\/wp\/v2\/product_brand?post=10974"},{"taxonomy":"product_cat","embeddable":true,"href":"https:\/\/ofertacular.com\/index.php\/wp-json\/wp\/v2\/product_cat?post=10974"},{"taxonomy":"product_tag","embeddable":true,"href":"https:\/\/ofertacular.com\/index.php\/wp-json\/wp\/v2\/product_tag?post=10974"}],"curies":[{"name":"wp","href":"https:\/\/api.w.org\/{rel}","templated":true}]}}