{"id":10978,"date":"2026-01-21T09:50:18","date_gmt":"2026-01-21T08:50:18","guid":{"rendered":"https:\/\/ofertacular.com\/index.php\/producto\/oneodio-pro10\/"},"modified":"2026-01-21T09:50:18","modified_gmt":"2026-01-21T08:50:18","slug":"oneodio-pro10","status":"publish","type":"product","link":"https:\/\/ofertacular.com\/index.php\/producto\/oneodio-pro10\/","title":{"rendered":"OneOdio Pro10"},"content":{"rendered":"<div class=\"oferta-container\">\n<p>\ud83d\udfe5 <b>\u00a1S\u00d3LO HOY!<\/b> \ud83d\udfe5 #Publicidad #Amazon #16<\/p>\n<p>\ud83d\udd34 <b>Auriculares profesionales <\/b><\/p>\n<p>\u2705 <b>AHORA 24.09 \u20ac<\/b> \u2714\ufe0f\ud83d\udfe1<\/p>\n<p>\u274c Antes 39.99 \u20ac<\/p>\n<p>\ud83d\uded2: <a href=\"https:\/\/btz.es\/5iV25WV\" target=\"_blank\" rel=\"nofollow noopener\">https:\/\/btz.es\/5iV25WV<\/a><\/p>\n<p>Descubre los auriculares OneOdio Pro10, dise\u00f1ados para ofrecer una experiencia de audio superior con una calidad excepcional y comodidad durante largas sesiones. Ideal para profesionales de la m\u00fasica, DJs y amantes del sonido claro y potente. Equipados con tecnolog\u00eda avanzada y un dise\u00f1o ergon\u00f3mico, estos auriculares garantizan una inmersi\u00f3n total en cada nota. Optimiza tu rendimiento auditivo con OneOdio Pro10, la opci\u00f3n preferida para un audio profesional y preciso.<\/p>\n<\/p><\/div>\n","protected":false},"excerpt":{"rendered":"<p>\ud83d\udfe5 \u00a1S\u00d3LO HOY! \ud83d\udfe5 #Publicidad #Amazon #16 \ud83d\udd34 Auriculares profesionales \u2705 AHORA 24.09 \u20ac \u2714\ufe0f\ud83d\udfe1 \u274c Antes 39.99 \u20ac \ud83d\uded2: https:\/\/btz.es\/5iV25WV Descubre los auriculares OneOdio Pro10, dise\u00f1ados para ofrecer una experiencia de audio superior con una calidad excepcional y comodidad durante largas sesiones. Ideal para profesionales de la m\u00fasica, DJs y amantes del sonido claro [&hellip;]<\/p>\n","protected":false},"featured_media":10977,"template":"","meta":{"_gspb_post_css":""},"store":[],"product_brand":[],"product_cat":[16],"product_tag":[],"class_list":{"0":"post-10978","1":"product","2":"type-product","3":"status-publish","4":"has-post-thumbnail","6":"product_cat-sin-categorizar","8":"first","9":"instock","10":"sale","11":"shipping-taxable","12":"product-type-external"},"jetpack_sharing_enabled":true,"_links":{"self":[{"href":"https:\/\/ofertacular.com\/index.php\/wp-json\/wp\/v2\/product\/10978","targetHints":{"allow":["GET"]}}],"collection":[{"href":"https:\/\/ofertacular.com\/index.php\/wp-json\/wp\/v2\/product"}],"about":[{"href":"https:\/\/ofertacular.com\/index.php\/wp-json\/wp\/v2\/types\/product"}],"wp:featuredmedia":[{"embeddable":true,"href":"https:\/\/ofertacular.com\/index.php\/wp-json\/wp\/v2\/media\/10977"}],"wp:attachment":[{"href":"https:\/\/ofertacular.com\/index.php\/wp-json\/wp\/v2\/media?parent=10978"}],"wp:term":[{"taxonomy":"store","embeddable":true,"href":"https:\/\/ofertacular.com\/index.php\/wp-json\/wp\/v2\/store?post=10978"},{"taxonomy":"product_brand","embeddable":true,"href":"https:\/\/ofertacular.com\/index.php\/wp-json\/wp\/v2\/product_brand?post=10978"},{"taxonomy":"product_cat","embeddable":true,"href":"https:\/\/ofertacular.com\/index.php\/wp-json\/wp\/v2\/product_cat?post=10978"},{"taxonomy":"product_tag","embeddable":true,"href":"https:\/\/ofertacular.com\/index.php\/wp-json\/wp\/v2\/product_tag?post=10978"}],"curies":[{"name":"wp","href":"https:\/\/api.w.org\/{rel}","templated":true}]}}