{"id":10980,"date":"2026-01-21T09:50:49","date_gmt":"2026-01-21T08:50:49","guid":{"rendered":"https:\/\/ofertacular.com\/index.php\/producto\/camara-infantil\/"},"modified":"2026-01-21T09:50:49","modified_gmt":"2026-01-21T08:50:49","slug":"camara-infantil","status":"publish","type":"product","link":"https:\/\/ofertacular.com\/index.php\/producto\/camara-infantil\/","title":{"rendered":"C\u00e1mara Infantil"},"content":{"rendered":"<div class=\"oferta-container\">\n<p>\ud83d\udfe5 <b>GRAN OFERTA<\/b> \ud83d\udfe5 #Publicidad #Amazon #16<\/p>\n<p>\ud83d\udd34 <b>C\u00e1mara Infantil <\/b><\/p>\n<p>\u2705 <b>AHORA 16.28 \u20ac<\/b> \u2714\ufe0f\ud83d\udfe1<\/p>\n<p>\u274c Antes 32.99 \u20ac<\/p>\n<p>\ud83d\uded2: <a href=\"https:\/\/btz.es\/5iV2EhJ\" target=\"_blank\" rel=\"nofollow noopener\">https:\/\/btz.es\/5iV2EhJ<\/a><\/p>\n<p>Descubre la C\u00e1mara Infantil perfecta para que los m\u00e1s peque\u00f1os exploren su creatividad con facilidad. Nuestro modelo, dise\u00f1ado especialmente para ni\u00f1os, combina durabilidad, ergonom\u00eda y simplicidad, garantizando horas de diversi\u00f3n y aprendizaje. Equipado con funciones intuitivas y una calidad de imagen excepcional, es ideal para estimular la imaginaci\u00f3n y desarrollar habilidades fotogr\u00e1ficas desde temprana edad. Encuentra la mejor c\u00e1mara infantil que combina diversi\u00f3n, seguridad y rendimiento, y haz que cada momento sea inolvidable.<\/p>\n<\/p><\/div>\n","protected":false},"excerpt":{"rendered":"<p>\ud83d\udfe5 GRAN OFERTA \ud83d\udfe5 #Publicidad #Amazon #16 \ud83d\udd34 C\u00e1mara Infantil \u2705 AHORA 16.28 \u20ac \u2714\ufe0f\ud83d\udfe1 \u274c Antes 32.99 \u20ac \ud83d\uded2: https:\/\/btz.es\/5iV2EhJ Descubre la C\u00e1mara Infantil perfecta para que los m\u00e1s peque\u00f1os exploren su creatividad con facilidad. Nuestro modelo, dise\u00f1ado especialmente para ni\u00f1os, combina durabilidad, ergonom\u00eda y simplicidad, garantizando horas de diversi\u00f3n y aprendizaje. Equipado con [&hellip;]<\/p>\n","protected":false},"featured_media":10979,"template":"","meta":{"_gspb_post_css":""},"store":[],"product_brand":[],"product_cat":[16],"product_tag":[],"class_list":{"0":"post-10980","1":"product","2":"type-product","3":"status-publish","4":"has-post-thumbnail","6":"product_cat-sin-categorizar","8":"first","9":"instock","10":"sale","11":"shipping-taxable","12":"product-type-external"},"jetpack_sharing_enabled":true,"_links":{"self":[{"href":"https:\/\/ofertacular.com\/index.php\/wp-json\/wp\/v2\/product\/10980","targetHints":{"allow":["GET"]}}],"collection":[{"href":"https:\/\/ofertacular.com\/index.php\/wp-json\/wp\/v2\/product"}],"about":[{"href":"https:\/\/ofertacular.com\/index.php\/wp-json\/wp\/v2\/types\/product"}],"wp:featuredmedia":[{"embeddable":true,"href":"https:\/\/ofertacular.com\/index.php\/wp-json\/wp\/v2\/media\/10979"}],"wp:attachment":[{"href":"https:\/\/ofertacular.com\/index.php\/wp-json\/wp\/v2\/media?parent=10980"}],"wp:term":[{"taxonomy":"store","embeddable":true,"href":"https:\/\/ofertacular.com\/index.php\/wp-json\/wp\/v2\/store?post=10980"},{"taxonomy":"product_brand","embeddable":true,"href":"https:\/\/ofertacular.com\/index.php\/wp-json\/wp\/v2\/product_brand?post=10980"},{"taxonomy":"product_cat","embeddable":true,"href":"https:\/\/ofertacular.com\/index.php\/wp-json\/wp\/v2\/product_cat?post=10980"},{"taxonomy":"product_tag","embeddable":true,"href":"https:\/\/ofertacular.com\/index.php\/wp-json\/wp\/v2\/product_tag?post=10980"}],"curies":[{"name":"wp","href":"https:\/\/api.w.org\/{rel}","templated":true}]}}