{"id":10982,"date":"2026-01-21T09:51:58","date_gmt":"2026-01-21T08:51:58","guid":{"rendered":"https:\/\/ofertacular.com\/index.php\/producto\/michael-kors\/"},"modified":"2026-01-21T09:51:58","modified_gmt":"2026-01-21T08:51:58","slug":"michael-kors","status":"publish","type":"product","link":"https:\/\/ofertacular.com\/index.php\/producto\/michael-kors\/","title":{"rendered":"Michael Kors"},"content":{"rendered":"<div class=\"oferta-container\">\n<p>\ud83d\udfe5 <b>EXCLUSIVO<\/b> \ud83d\udfe5 #Publicidad #Amazon #16<\/p>\n<p>\ud83d\udd34 <b>Reloj Mujer <\/b><\/p>\n<p>\u2705 <b>AHORA 126.6 \u20ac<\/b> \u2714\ufe0f\ud83d\udfe1<\/p>\n<p>\u274c Antes 136.55 \u20ac<\/p>\n<p>\ud83d\uded2: <a href=\"https:\/\/btz.es\/5iV2Wtr\" target=\"_blank\" rel=\"nofollow noopener\">https:\/\/btz.es\/5iV2Wtr<\/a><\/p>\n<p>Descubre la elegancia y sofisticaci\u00f3n del reloj para mujer Michael Kors, dise\u00f1ado para realzar tu estilo con su acabado impecable y tecnolog\u00eda precisa. Perfecto para ocasiones formales y uso diario, este reloj combina funcionalidad y lujo, asegurando que siempre luzcas a la moda. Optimizado para buscadores, este reloj Michael Kors es tu aliado ideal para destacar con un accesorio de alta gama.<\/p>\n<\/p><\/div>\n","protected":false},"excerpt":{"rendered":"<p>\ud83d\udfe5 EXCLUSIVO \ud83d\udfe5 #Publicidad #Amazon #16 \ud83d\udd34 Reloj Mujer \u2705 AHORA 126.6 \u20ac \u2714\ufe0f\ud83d\udfe1 \u274c Antes 136.55 \u20ac \ud83d\uded2: https:\/\/btz.es\/5iV2Wtr Descubre la elegancia y sofisticaci\u00f3n del reloj para mujer Michael Kors, dise\u00f1ado para realzar tu estilo con su acabado impecable y tecnolog\u00eda precisa. Perfecto para ocasiones formales y uso diario, este reloj combina funcionalidad y [&hellip;]<\/p>\n","protected":false},"featured_media":10981,"template":"","meta":{"_gspb_post_css":""},"store":[],"product_brand":[],"product_cat":[16],"product_tag":[],"class_list":{"0":"post-10982","1":"product","2":"type-product","3":"status-publish","4":"has-post-thumbnail","6":"product_cat-sin-categorizar","8":"first","9":"instock","10":"sale","11":"shipping-taxable","12":"product-type-external"},"jetpack_sharing_enabled":true,"_links":{"self":[{"href":"https:\/\/ofertacular.com\/index.php\/wp-json\/wp\/v2\/product\/10982","targetHints":{"allow":["GET"]}}],"collection":[{"href":"https:\/\/ofertacular.com\/index.php\/wp-json\/wp\/v2\/product"}],"about":[{"href":"https:\/\/ofertacular.com\/index.php\/wp-json\/wp\/v2\/types\/product"}],"wp:featuredmedia":[{"embeddable":true,"href":"https:\/\/ofertacular.com\/index.php\/wp-json\/wp\/v2\/media\/10981"}],"wp:attachment":[{"href":"https:\/\/ofertacular.com\/index.php\/wp-json\/wp\/v2\/media?parent=10982"}],"wp:term":[{"taxonomy":"store","embeddable":true,"href":"https:\/\/ofertacular.com\/index.php\/wp-json\/wp\/v2\/store?post=10982"},{"taxonomy":"product_brand","embeddable":true,"href":"https:\/\/ofertacular.com\/index.php\/wp-json\/wp\/v2\/product_brand?post=10982"},{"taxonomy":"product_cat","embeddable":true,"href":"https:\/\/ofertacular.com\/index.php\/wp-json\/wp\/v2\/product_cat?post=10982"},{"taxonomy":"product_tag","embeddable":true,"href":"https:\/\/ofertacular.com\/index.php\/wp-json\/wp\/v2\/product_tag?post=10982"}],"curies":[{"name":"wp","href":"https:\/\/api.w.org\/{rel}","templated":true}]}}