{"id":10992,"date":"2026-01-21T10:00:01","date_gmt":"2026-01-21T09:00:01","guid":{"rendered":"https:\/\/ofertacular.com\/index.php\/producto\/escritorio-pequena\/"},"modified":"2026-01-21T10:00:01","modified_gmt":"2026-01-21T09:00:01","slug":"escritorio-pequena","status":"publish","type":"product","link":"https:\/\/ofertacular.com\/index.php\/producto\/escritorio-pequena\/","title":{"rendered":"Escritorio Peque\u00f1a"},"content":{"rendered":"<div class=\"oferta-container\">\n<p>\ud83d\udfe5 <b>\u00a1OFERTA ESPECIAL!<\/b> \ud83d\udfe5 #Publicidad #Amazon #16<\/p>\n<p>\ud83d\udd34 <b>Escritorio Peque\u00f1o <\/b><\/p>\n<p>\u2705 <b>AHORA 46.54 \u20ac<\/b> \u2714\ufe0f\ud83d\udfe1<\/p>\n<p>\u274c Antes 48.99 \u20ac<\/p>\n<p>\ud83d\uded2: <a href=\"https:\/\/btz.es\/5iV4XKS\" target=\"_blank\" rel=\"nofollow noopener\">https:\/\/btz.es\/5iV4XKS<\/a><\/p>\n<p>Escritorio peque\u00f1o y funcional ideal para espacios reducidos. Dise\u00f1ado para maximizar tu \u00e1rea de trabajo con estilo y practicidad. Perfecto para oficinas en casa, estudios o lugares con limitaci\u00f3n de espacio. Fabricado con materiales duraderos y acabado moderno que combina con cualquier decoraci\u00f3n. Optimiza tu productividad con este escritorio compacto y elegante.<\/p>\n<\/p><\/div>\n","protected":false},"excerpt":{"rendered":"<p>\ud83d\udfe5 \u00a1OFERTA ESPECIAL! \ud83d\udfe5 #Publicidad #Amazon #16 \ud83d\udd34 Escritorio Peque\u00f1o \u2705 AHORA 46.54 \u20ac \u2714\ufe0f\ud83d\udfe1 \u274c Antes 48.99 \u20ac \ud83d\uded2: https:\/\/btz.es\/5iV4XKS Escritorio peque\u00f1o y funcional ideal para espacios reducidos. Dise\u00f1ado para maximizar tu \u00e1rea de trabajo con estilo y practicidad. Perfecto para oficinas en casa, estudios o lugares con limitaci\u00f3n de espacio. Fabricado con materiales [&hellip;]<\/p>\n","protected":false},"featured_media":10991,"template":"","meta":{"_gspb_post_css":""},"store":[],"product_brand":[],"product_cat":[16],"product_tag":[],"class_list":{"0":"post-10992","1":"product","2":"type-product","3":"status-publish","4":"has-post-thumbnail","6":"product_cat-sin-categorizar","8":"first","9":"instock","10":"sale","11":"shipping-taxable","12":"product-type-external"},"jetpack_sharing_enabled":true,"_links":{"self":[{"href":"https:\/\/ofertacular.com\/index.php\/wp-json\/wp\/v2\/product\/10992","targetHints":{"allow":["GET"]}}],"collection":[{"href":"https:\/\/ofertacular.com\/index.php\/wp-json\/wp\/v2\/product"}],"about":[{"href":"https:\/\/ofertacular.com\/index.php\/wp-json\/wp\/v2\/types\/product"}],"wp:featuredmedia":[{"embeddable":true,"href":"https:\/\/ofertacular.com\/index.php\/wp-json\/wp\/v2\/media\/10991"}],"wp:attachment":[{"href":"https:\/\/ofertacular.com\/index.php\/wp-json\/wp\/v2\/media?parent=10992"}],"wp:term":[{"taxonomy":"store","embeddable":true,"href":"https:\/\/ofertacular.com\/index.php\/wp-json\/wp\/v2\/store?post=10992"},{"taxonomy":"product_brand","embeddable":true,"href":"https:\/\/ofertacular.com\/index.php\/wp-json\/wp\/v2\/product_brand?post=10992"},{"taxonomy":"product_cat","embeddable":true,"href":"https:\/\/ofertacular.com\/index.php\/wp-json\/wp\/v2\/product_cat?post=10992"},{"taxonomy":"product_tag","embeddable":true,"href":"https:\/\/ofertacular.com\/index.php\/wp-json\/wp\/v2\/product_tag?post=10992"}],"curies":[{"name":"wp","href":"https:\/\/api.w.org\/{rel}","templated":true}]}}