{"id":11030,"date":"2026-01-21T11:16:46","date_gmt":"2026-01-21T10:16:46","guid":{"rendered":"https:\/\/ofertacular.com\/index.php\/producto\/bolsos-cruzados\/"},"modified":"2026-01-21T11:16:46","modified_gmt":"2026-01-21T10:16:46","slug":"bolsos-cruzados","status":"publish","type":"product","link":"https:\/\/ofertacular.com\/index.php\/producto\/bolsos-cruzados\/","title":{"rendered":"Bolsos Cruzados"},"content":{"rendered":"<div class=\"oferta-container\">\n<p>\ud83d\udfe5 <b>\u00a1DESCUENTO \u00daNICO!<\/b> \ud83d\udfe5 #Publicidad #Amazon #16<\/p>\n<p>\ud83d\udd34 <b>Bolso Cruzado <\/b><\/p>\n<p>\u2705 <b>AHORA 4.86 \u20ac<\/b> \u2714\ufe0f\ud83d\udfe1<\/p>\n<p>\u274c Antes <\/p>\n<p>\ud83d\uded2: <a href=\"https:\/\/btz.es\/5iVOrEE\" target=\"_blank\" rel=\"nofollow noopener\">https:\/\/btz.es\/5iVOrEE<\/a><\/p>\n<p>Descubre la elegancia y funcionalidad de los bolsos cruzados, dise\u00f1ados para ofrecer comodidad y estilo en cada ocasi\u00f3n. Perfectos para complementar cualquier outfit, nuestros bolsos cruzados combinan materiales de alta calidad con un dise\u00f1o moderno y vers\u00e1til, ideales para mujeres que valoran la practicidad sin perder la sofisticaci\u00f3n. Encuentra el bolso cruzado que se adapta a tu estilo y mejora tu imagen con un accesorio imprescindible en tu colecci\u00f3n.<\/p>\n<\/p><\/div>\n","protected":false},"excerpt":{"rendered":"<p>\ud83d\udfe5 \u00a1DESCUENTO \u00daNICO! \ud83d\udfe5 #Publicidad #Amazon #16 \ud83d\udd34 Bolso Cruzado \u2705 AHORA 4.86 \u20ac \u2714\ufe0f\ud83d\udfe1 \u274c Antes \ud83d\uded2: https:\/\/btz.es\/5iVOrEE Descubre la elegancia y funcionalidad de los bolsos cruzados, dise\u00f1ados para ofrecer comodidad y estilo en cada ocasi\u00f3n. Perfectos para complementar cualquier outfit, nuestros bolsos cruzados combinan materiales de alta calidad con un dise\u00f1o moderno y [&hellip;]<\/p>\n","protected":false},"featured_media":11029,"template":"","meta":{"_gspb_post_css":""},"store":[],"product_brand":[],"product_cat":[16],"product_tag":[],"class_list":{"0":"post-11030","1":"product","2":"type-product","3":"status-publish","4":"has-post-thumbnail","6":"product_cat-sin-categorizar","8":"first","9":"instock","10":"shipping-taxable","11":"product-type-external"},"jetpack_sharing_enabled":true,"_links":{"self":[{"href":"https:\/\/ofertacular.com\/index.php\/wp-json\/wp\/v2\/product\/11030","targetHints":{"allow":["GET"]}}],"collection":[{"href":"https:\/\/ofertacular.com\/index.php\/wp-json\/wp\/v2\/product"}],"about":[{"href":"https:\/\/ofertacular.com\/index.php\/wp-json\/wp\/v2\/types\/product"}],"wp:featuredmedia":[{"embeddable":true,"href":"https:\/\/ofertacular.com\/index.php\/wp-json\/wp\/v2\/media\/11029"}],"wp:attachment":[{"href":"https:\/\/ofertacular.com\/index.php\/wp-json\/wp\/v2\/media?parent=11030"}],"wp:term":[{"taxonomy":"store","embeddable":true,"href":"https:\/\/ofertacular.com\/index.php\/wp-json\/wp\/v2\/store?post=11030"},{"taxonomy":"product_brand","embeddable":true,"href":"https:\/\/ofertacular.com\/index.php\/wp-json\/wp\/v2\/product_brand?post=11030"},{"taxonomy":"product_cat","embeddable":true,"href":"https:\/\/ofertacular.com\/index.php\/wp-json\/wp\/v2\/product_cat?post=11030"},{"taxonomy":"product_tag","embeddable":true,"href":"https:\/\/ofertacular.com\/index.php\/wp-json\/wp\/v2\/product_tag?post=11030"}],"curies":[{"name":"wp","href":"https:\/\/api.w.org\/{rel}","templated":true}]}}