{"id":11038,"date":"2026-01-22T08:41:18","date_gmt":"2026-01-22T07:41:18","guid":{"rendered":"https:\/\/ofertacular.com\/index.php\/producto\/nike-downshifter-5\/"},"modified":"2026-01-22T08:41:18","modified_gmt":"2026-01-22T07:41:18","slug":"nike-downshifter-5","status":"publish","type":"product","link":"https:\/\/ofertacular.com\/index.php\/producto\/nike-downshifter-5\/","title":{"rendered":"Nike Downshifter"},"content":{"rendered":"<div class=\"oferta-container\">\n<p>\ud83d\udfe5 <b>\u00a1APROVECHA!<\/b> \ud83d\udfe5 #Publicidad #Amazon #16<\/p>\n<p>\ud83d\udd34 <b>Tenis Nike <\/b><\/p>\n<p>\u2705 <b>AHORA 41.95 \u20ac<\/b> \u2714\ufe0f\ud83d\udfe1<\/p>\n<p>\u274c Antes 69.99 \u20ac<\/p>\n<p>\ud83d\uded2: <a href=\"https:\/\/btz.es\/5jbbFQi\" target=\"_blank\" rel=\"nofollow noopener\">https:\/\/btz.es\/5jbbFQi<\/a><\/p>\n<p>Experimente el m\u00e1ximo confort y estilo con los tenis Nike Downshifter, dise\u00f1ados para ofrecer un rendimiento superior en cada paso. Estos tenis ligeros y resistentes son ideales para correr, entrenar o para el uso diario, gracias a su dise\u00f1o ergon\u00f3mico y materiales de alta calidad que garantizan durabilidad y soporte \u00f3ptimo. Consigue ahora los tenis Nike Downshifter y alcanza tus metas deportivas con elegancia y comodidad.<\/p>\n<\/p><\/div>\n","protected":false},"excerpt":{"rendered":"<p>\ud83d\udfe5 \u00a1APROVECHA! \ud83d\udfe5 #Publicidad #Amazon #16 \ud83d\udd34 Tenis Nike \u2705 AHORA 41.95 \u20ac \u2714\ufe0f\ud83d\udfe1 \u274c Antes 69.99 \u20ac \ud83d\uded2: https:\/\/btz.es\/5jbbFQi Experimente el m\u00e1ximo confort y estilo con los tenis Nike Downshifter, dise\u00f1ados para ofrecer un rendimiento superior en cada paso. Estos tenis ligeros y resistentes son ideales para correr, entrenar o para el uso diario, [&hellip;]<\/p>\n","protected":false},"featured_media":11037,"template":"","meta":{"_gspb_post_css":""},"store":[],"product_brand":[],"product_cat":[16],"product_tag":[],"class_list":{"0":"post-11038","1":"product","2":"type-product","3":"status-publish","4":"has-post-thumbnail","6":"product_cat-sin-categorizar","8":"first","9":"instock","10":"sale","11":"shipping-taxable","12":"product-type-external"},"jetpack_sharing_enabled":true,"_links":{"self":[{"href":"https:\/\/ofertacular.com\/index.php\/wp-json\/wp\/v2\/product\/11038","targetHints":{"allow":["GET"]}}],"collection":[{"href":"https:\/\/ofertacular.com\/index.php\/wp-json\/wp\/v2\/product"}],"about":[{"href":"https:\/\/ofertacular.com\/index.php\/wp-json\/wp\/v2\/types\/product"}],"wp:featuredmedia":[{"embeddable":true,"href":"https:\/\/ofertacular.com\/index.php\/wp-json\/wp\/v2\/media\/11037"}],"wp:attachment":[{"href":"https:\/\/ofertacular.com\/index.php\/wp-json\/wp\/v2\/media?parent=11038"}],"wp:term":[{"taxonomy":"store","embeddable":true,"href":"https:\/\/ofertacular.com\/index.php\/wp-json\/wp\/v2\/store?post=11038"},{"taxonomy":"product_brand","embeddable":true,"href":"https:\/\/ofertacular.com\/index.php\/wp-json\/wp\/v2\/product_brand?post=11038"},{"taxonomy":"product_cat","embeddable":true,"href":"https:\/\/ofertacular.com\/index.php\/wp-json\/wp\/v2\/product_cat?post=11038"},{"taxonomy":"product_tag","embeddable":true,"href":"https:\/\/ofertacular.com\/index.php\/wp-json\/wp\/v2\/product_tag?post=11038"}],"curies":[{"name":"wp","href":"https:\/\/api.w.org\/{rel}","templated":true}]}}